{"id":27343,"date":"2026-02-17T23:48:30","date_gmt":"2026-02-17T23:48:30","guid":{"rendered":"https:\/\/logic-vault.com\/product\/christian-mindfulness-engine\/"},"modified":"2026-02-17T23:48:30","modified_gmt":"2026-02-17T23:48:30","slug":"christian-mindfulness-engine","status":"publish","type":"product","link":"https:\/\/logic-vault.com\/tr\/urun\/christian-mindfulness-engine\/","title":{"rendered":"Hristiyan Fark\u0131ndal\u0131k Motoru"},"content":{"rendered":"<p>Kutsal Yaz\u0131larla huzurlu, Mesih merkezli fark\u0131ndal\u0131k seanslar\u0131 olu\u015fturun. Bu ara\u00e7, \u0130ncil&#039;den imgeler, sakinle\u015ftirici nefes ipu\u00e7lar\u0131 ve pratik uygulamalardan yararlanan rehberli meditasyonlar, ibadetler, dua yans\u0131malar\u0131 ve g\u00fcnl\u00fck tutma \u00f6nerileri \u00fcretir. Teman\u0131z\u0131, ayetinizi, \u00e7evirinizi, uzunlu\u011funuzu ve stilinizi se\u00e7erek saniyeler i\u00e7inde rahatlat\u0131c\u0131, inanca dayal\u0131 fark\u0131ndal\u0131k i\u00e7eri\u011fi olu\u015fturun.<\/p>","protected":false},"excerpt":{"rendered":"<p>Kutsal Yaz\u0131larla huzurlu, Mesih merkezli fark\u0131ndal\u0131k seanslar\u0131 olu\u015fturun. Bu ara\u00e7, \u0130ncil&#039;den imgeler, sakinle\u015ftirici nefes ipu\u00e7lar\u0131 ve pratik uygulamalardan yararlanan rehberli meditasyonlar, ibadetler, dua yans\u0131malar\u0131 ve g\u00fcnl\u00fck tutma \u00f6nerileri \u00fcretir. Teman\u0131z\u0131, ayetinizi, \u00e7evirinizi, uzunlu\u011funuzu ve stilinizi se\u00e7erek saniyeler i\u00e7inde rahatlat\u0131c\u0131, inanca dayal\u0131 fark\u0131ndal\u0131k i\u00e7eri\u011fi olu\u015fturun.<\/p>","protected":false},"featured_media":27342,"comment_status":"open","ping_status":"closed","template":"","meta":[],"product_brand":[],"product_cat":[4114],"product_tag":[],"class_list":{"0":"post-27343","1":"product","2":"type-product","3":"status-publish","4":"has-post-thumbnail","6":"product_cat-meditation-travel","8":"first","9":"instock","10":"downloadable","11":"virtual","12":"product-type-simple"},"bundled_by":[],"bundle_stock_status":"instock","bundle_stock_quantity":null,"bundle_virtual":false,"bundle_layout":"","bundle_add_to_cart_form_location":"","bundle_editable_in_cart":false,"bundle_sold_individually_context":"","bundle_item_grouping":"","bundle_min_size":"","bundle_max_size":"","bundle_price":[],"bundled_items":[],"bundle_sell_ids":[],"_links":{"self":[{"href":"https:\/\/logic-vault.com\/tr\/wp-json\/wp\/v2\/product\/27343","targetHints":{"allow":["GET"]}}],"collection":[{"href":"https:\/\/logic-vault.com\/tr\/wp-json\/wp\/v2\/product"}],"about":[{"href":"https:\/\/logic-vault.com\/tr\/wp-json\/wp\/v2\/types\/product"}],"replies":[{"embeddable":true,"href":"https:\/\/logic-vault.com\/tr\/wp-json\/wp\/v2\/comments?post=27343"}],"wp:featuredmedia":[{"embeddable":true,"href":"https:\/\/logic-vault.com\/tr\/wp-json\/wp\/v2\/media\/27342"}],"wp:attachment":[{"href":"https:\/\/logic-vault.com\/tr\/wp-json\/wp\/v2\/media?parent=27343"}],"wp:term":[{"taxonomy":"product_brand","embeddable":true,"href":"https:\/\/logic-vault.com\/tr\/wp-json\/wp\/v2\/product_brand?post=27343"},{"taxonomy":"product_cat","embeddable":true,"href":"https:\/\/logic-vault.com\/tr\/wp-json\/wp\/v2\/product_cat?post=27343"},{"taxonomy":"product_tag","embeddable":true,"href":"https:\/\/logic-vault.com\/tr\/wp-json\/wp\/v2\/product_tag?post=27343"}],"curies":[{"name":"wp","href":"https:\/\/api.w.org\/{rel}","templated":true}]}}