{"id":27339,"date":"2026-02-17T23:48:24","date_gmt":"2026-02-17T23:48:24","guid":{"rendered":"https:\/\/logic-vault.com\/product\/daily-mindfulness-routine-builder\/"},"modified":"2026-02-17T23:48:24","modified_gmt":"2026-02-17T23:48:24","slug":"daily-mindfulness-routine-builder","status":"publish","type":"product","link":"https:\/\/logic-vault.com\/tr\/urun\/daily-mindfulness-routine-builder\/","title":{"rendered":"G\u00fcnl\u00fck Fark\u0131ndal\u0131k Rutini Olu\u015fturucu"},"content":{"rendered":"<p>This prompt offers a supportive way for users to create approachable mindfulness routines, encouraging calm and focus for individuals seeking a daily practice.<\/p>","protected":false},"excerpt":{"rendered":"<p>This prompt offers a supportive way for users to create approachable mindfulness routines, encouraging calm and focus for individuals seeking a daily practice.<\/p>","protected":false},"featured_media":27338,"comment_status":"open","ping_status":"closed","template":"","meta":[],"product_brand":[],"product_cat":[4114],"product_tag":[],"class_list":{"0":"post-27339","1":"product","2":"type-product","3":"status-publish","4":"has-post-thumbnail","6":"product_cat-meditation-travel","8":"first","9":"instock","10":"downloadable","11":"virtual","12":"product-type-simple"},"bundled_by":[],"bundle_stock_status":"instock","bundle_stock_quantity":null,"bundle_virtual":false,"bundle_layout":"","bundle_add_to_cart_form_location":"","bundle_editable_in_cart":false,"bundle_sold_individually_context":"","bundle_item_grouping":"","bundle_min_size":"","bundle_max_size":"","bundle_price":[],"bundled_items":[],"bundle_sell_ids":[],"_links":{"self":[{"href":"https:\/\/logic-vault.com\/tr\/wp-json\/wp\/v2\/product\/27339","targetHints":{"allow":["GET"]}}],"collection":[{"href":"https:\/\/logic-vault.com\/tr\/wp-json\/wp\/v2\/product"}],"about":[{"href":"https:\/\/logic-vault.com\/tr\/wp-json\/wp\/v2\/types\/product"}],"replies":[{"embeddable":true,"href":"https:\/\/logic-vault.com\/tr\/wp-json\/wp\/v2\/comments?post=27339"}],"wp:featuredmedia":[{"embeddable":true,"href":"https:\/\/logic-vault.com\/tr\/wp-json\/wp\/v2\/media\/27338"}],"wp:attachment":[{"href":"https:\/\/logic-vault.com\/tr\/wp-json\/wp\/v2\/media?parent=27339"}],"wp:term":[{"taxonomy":"product_brand","embeddable":true,"href":"https:\/\/logic-vault.com\/tr\/wp-json\/wp\/v2\/product_brand?post=27339"},{"taxonomy":"product_cat","embeddable":true,"href":"https:\/\/logic-vault.com\/tr\/wp-json\/wp\/v2\/product_cat?post=27339"},{"taxonomy":"product_tag","embeddable":true,"href":"https:\/\/logic-vault.com\/tr\/wp-json\/wp\/v2\/product_tag?post=27339"}],"curies":[{"name":"wp","href":"https:\/\/api.w.org\/{rel}","templated":true}]}}