{"id":27337,"date":"2026-02-17T23:48:23","date_gmt":"2026-02-17T23:48:23","guid":{"rendered":"https:\/\/logic-vault.com\/product\/7day-breathing-challenge-for-wellness\/"},"modified":"2026-02-17T23:48:23","modified_gmt":"2026-02-17T23:48:23","slug":"7day-breathing-challenge-for-wellness","status":"publish","type":"product","link":"https:\/\/logic-vault.com\/tr\/urun\/7day-breathing-challenge-for-wellness\/","title":{"rendered":"Sa\u011fl\u0131kl\u0131 Ya\u015fam \u0130\u00e7in 7 G\u00fcnl\u00fck Nefes Egzersizi Meydan Okumas\u0131"},"content":{"rendered":"<p>Stres azaltma, odaklanma ve genel iyilik halini art\u0131rmak i\u00e7in nefes alma tekniklerini geli\u015ftirmeye y\u00f6nelik rehberli 7 g\u00fcnl\u00fck bir egzersiz program\u0131.<\/p>","protected":false},"excerpt":{"rendered":"<p>Stres azaltma, odaklanma ve genel iyilik halini art\u0131rmak i\u00e7in nefes alma tekniklerini geli\u015ftirmeye y\u00f6nelik rehberli 7 g\u00fcnl\u00fck bir egzersiz program\u0131.<\/p>","protected":false},"featured_media":27336,"comment_status":"open","ping_status":"closed","template":"","meta":[],"product_brand":[],"product_cat":[4114],"product_tag":[],"class_list":{"0":"post-27337","1":"product","2":"type-product","3":"status-publish","4":"has-post-thumbnail","6":"product_cat-meditation-travel","8":"first","9":"instock","10":"downloadable","11":"virtual","12":"product-type-simple"},"bundled_by":[],"bundle_stock_status":"instock","bundle_stock_quantity":null,"bundle_virtual":false,"bundle_layout":"","bundle_add_to_cart_form_location":"","bundle_editable_in_cart":false,"bundle_sold_individually_context":"","bundle_item_grouping":"","bundle_min_size":"","bundle_max_size":"","bundle_price":[],"bundled_items":[],"bundle_sell_ids":[],"_links":{"self":[{"href":"https:\/\/logic-vault.com\/tr\/wp-json\/wp\/v2\/product\/27337","targetHints":{"allow":["GET"]}}],"collection":[{"href":"https:\/\/logic-vault.com\/tr\/wp-json\/wp\/v2\/product"}],"about":[{"href":"https:\/\/logic-vault.com\/tr\/wp-json\/wp\/v2\/types\/product"}],"replies":[{"embeddable":true,"href":"https:\/\/logic-vault.com\/tr\/wp-json\/wp\/v2\/comments?post=27337"}],"wp:featuredmedia":[{"embeddable":true,"href":"https:\/\/logic-vault.com\/tr\/wp-json\/wp\/v2\/media\/27336"}],"wp:attachment":[{"href":"https:\/\/logic-vault.com\/tr\/wp-json\/wp\/v2\/media?parent=27337"}],"wp:term":[{"taxonomy":"product_brand","embeddable":true,"href":"https:\/\/logic-vault.com\/tr\/wp-json\/wp\/v2\/product_brand?post=27337"},{"taxonomy":"product_cat","embeddable":true,"href":"https:\/\/logic-vault.com\/tr\/wp-json\/wp\/v2\/product_cat?post=27337"},{"taxonomy":"product_tag","embeddable":true,"href":"https:\/\/logic-vault.com\/tr\/wp-json\/wp\/v2\/product_tag?post=27337"}],"curies":[{"name":"wp","href":"https:\/\/api.w.org\/{rel}","templated":true}]}}