{"id":27333,"date":"2026-02-17T23:48:21","date_gmt":"2026-02-17T23:48:21","guid":{"rendered":"https:\/\/logic-vault.com\/product\/topic-to-full-yoga-nidra-script\/"},"modified":"2026-02-17T23:48:22","modified_gmt":"2026-02-17T23:48:22","slug":"topic-to-full-yoga-nidra-script","status":"publish","type":"product","link":"https:\/\/logic-vault.com\/tr\/urun\/topic-to-full-yoga-nidra-script\/","title":{"rendered":"Konu: Tam Yoga Nidra Senaryosu"},"content":{"rendered":"<p>Bu komut, GPT&#039;yi Yoga Nidra dersleri i\u00e7in bir senaryo olu\u015fturucuya d\u00f6n\u00fc\u015ft\u00fcr\u00fcr. Bir konu ve seans s\u00fcresi belirleyerek, GPT sizi Yoga Nidra&#039;n\u0131n \u00e7e\u015fitli a\u015famalar\u0131ndan ge\u00e7irir, ilgili konu\u015fmac\u0131 metnini tart\u0131\u015f\u0131r ve yazar; b\u00f6ylece kolayca dersler veya YouTube videolar\u0131 olu\u015fturabilirsiniz.<\/p>","protected":false},"excerpt":{"rendered":"<p>Bu komut, GPT&#039;yi Yoga Nidra dersleri i\u00e7in bir senaryo olu\u015fturucuya d\u00f6n\u00fc\u015ft\u00fcr\u00fcr. Bir konu ve seans s\u00fcresi belirleyerek, GPT sizi Yoga Nidra&#039;n\u0131n \u00e7e\u015fitli a\u015famalar\u0131ndan ge\u00e7irir, ilgili konu\u015fmac\u0131 metnini tart\u0131\u015f\u0131r ve yazar; b\u00f6ylece kolayca dersler veya YouTube videolar\u0131 olu\u015fturabilirsiniz.<\/p>","protected":false},"featured_media":27332,"comment_status":"open","ping_status":"closed","template":"","meta":[],"product_brand":[],"product_cat":[4114],"product_tag":[],"class_list":{"0":"post-27333","1":"product","2":"type-product","3":"status-publish","4":"has-post-thumbnail","6":"product_cat-meditation-travel","8":"first","9":"instock","10":"downloadable","11":"virtual","12":"product-type-simple"},"bundled_by":[],"bundle_stock_status":"instock","bundle_stock_quantity":null,"bundle_virtual":false,"bundle_layout":"","bundle_add_to_cart_form_location":"","bundle_editable_in_cart":false,"bundle_sold_individually_context":"","bundle_item_grouping":"","bundle_min_size":"","bundle_max_size":"","bundle_price":[],"bundled_items":[],"bundle_sell_ids":[],"_links":{"self":[{"href":"https:\/\/logic-vault.com\/tr\/wp-json\/wp\/v2\/product\/27333","targetHints":{"allow":["GET"]}}],"collection":[{"href":"https:\/\/logic-vault.com\/tr\/wp-json\/wp\/v2\/product"}],"about":[{"href":"https:\/\/logic-vault.com\/tr\/wp-json\/wp\/v2\/types\/product"}],"replies":[{"embeddable":true,"href":"https:\/\/logic-vault.com\/tr\/wp-json\/wp\/v2\/comments?post=27333"}],"wp:featuredmedia":[{"embeddable":true,"href":"https:\/\/logic-vault.com\/tr\/wp-json\/wp\/v2\/media\/27332"}],"wp:attachment":[{"href":"https:\/\/logic-vault.com\/tr\/wp-json\/wp\/v2\/media?parent=27333"}],"wp:term":[{"taxonomy":"product_brand","embeddable":true,"href":"https:\/\/logic-vault.com\/tr\/wp-json\/wp\/v2\/product_brand?post=27333"},{"taxonomy":"product_cat","embeddable":true,"href":"https:\/\/logic-vault.com\/tr\/wp-json\/wp\/v2\/product_cat?post=27333"},{"taxonomy":"product_tag","embeddable":true,"href":"https:\/\/logic-vault.com\/tr\/wp-json\/wp\/v2\/product_tag?post=27333"}],"curies":[{"name":"wp","href":"https:\/\/api.w.org\/{rel}","templated":true}]}}