{"id":27331,"date":"2026-02-17T23:48:21","date_gmt":"2026-02-17T23:48:21","guid":{"rendered":"https:\/\/logic-vault.com\/product\/sereneguide\/"},"modified":"2026-02-17T23:48:21","modified_gmt":"2026-02-17T23:48:21","slug":"sereneguide","status":"publish","type":"product","link":"https:\/\/logic-vault.com\/tr\/urun\/sereneguide\/","title":{"rendered":"Sereneguide"},"content":{"rendered":"<p>SereneGuide, ruh sa\u011fl\u0131\u011f\u0131n\u0131z i\u00e7in g\u00fcvenilir dijital arkada\u015f\u0131n\u0131zd\u0131r; ihtiya\u00e7 duydu\u011funuz her an \u015fefkatli destek, bilgilendirici rehberlik ve dinleyici bir kulak sunar. Empatik bir yakla\u015f\u0131m ve sa\u011flam temellere dayanan tavsiyelerle SereneGuide, hayat\u0131n zorluklar\u0131n\u0131n \u00fcstesinden gelmenize yard\u0131mc\u0131 olur, sizi dengeye, dayan\u0131kl\u0131l\u0131\u011fa ve sakinli\u011fe yakla\u015ft\u0131r\u0131r ve ruh sa\u011fl\u0131\u011f\u0131 yolculu\u011funuzda asla yaln\u0131z hissetmemenizi sa\u011flar.<\/p>","protected":false},"excerpt":{"rendered":"<p>SereneGuide is your trusted digital companion for mental wellness, offering compassionate support, insightful guidance, and a listening ear whenever you need it. With an empathetic approach and grounded advice, SereneGuide helps you navigate life\u2019s challenges, bringing you closer to balance, resilience, and a sense of calm, ensuring you never feel alone in your journey toward [&hellip;]<\/p>\n","protected":false},"featured_media":27330,"comment_status":"open","ping_status":"closed","template":"","meta":[],"product_brand":[],"product_cat":[4114],"product_tag":[],"class_list":{"0":"post-27331","1":"product","2":"type-product","3":"status-publish","4":"has-post-thumbnail","6":"product_cat-meditation-travel","8":"first","9":"instock","10":"downloadable","11":"virtual","12":"product-type-simple"},"bundled_by":[],"bundle_stock_status":"instock","bundle_stock_quantity":null,"bundle_virtual":false,"bundle_layout":"","bundle_add_to_cart_form_location":"","bundle_editable_in_cart":false,"bundle_sold_individually_context":"","bundle_item_grouping":"","bundle_min_size":"","bundle_max_size":"","bundle_price":[],"bundled_items":[],"bundle_sell_ids":[],"_links":{"self":[{"href":"https:\/\/logic-vault.com\/tr\/wp-json\/wp\/v2\/product\/27331","targetHints":{"allow":["GET"]}}],"collection":[{"href":"https:\/\/logic-vault.com\/tr\/wp-json\/wp\/v2\/product"}],"about":[{"href":"https:\/\/logic-vault.com\/tr\/wp-json\/wp\/v2\/types\/product"}],"replies":[{"embeddable":true,"href":"https:\/\/logic-vault.com\/tr\/wp-json\/wp\/v2\/comments?post=27331"}],"wp:featuredmedia":[{"embeddable":true,"href":"https:\/\/logic-vault.com\/tr\/wp-json\/wp\/v2\/media\/27330"}],"wp:attachment":[{"href":"https:\/\/logic-vault.com\/tr\/wp-json\/wp\/v2\/media?parent=27331"}],"wp:term":[{"taxonomy":"product_brand","embeddable":true,"href":"https:\/\/logic-vault.com\/tr\/wp-json\/wp\/v2\/product_brand?post=27331"},{"taxonomy":"product_cat","embeddable":true,"href":"https:\/\/logic-vault.com\/tr\/wp-json\/wp\/v2\/product_cat?post=27331"},{"taxonomy":"product_tag","embeddable":true,"href":"https:\/\/logic-vault.com\/tr\/wp-json\/wp\/v2\/product_tag?post=27331"}],"curies":[{"name":"wp","href":"https:\/\/api.w.org\/{rel}","templated":true}]}}