{"id":27329,"date":"2026-02-17T23:48:20","date_gmt":"2026-02-17T23:48:20","guid":{"rendered":"https:\/\/logic-vault.com\/product\/deep-dive-into-meditation-benefits\/"},"modified":"2026-02-17T23:48:20","modified_gmt":"2026-02-17T23:48:20","slug":"deep-dive-into-meditation-benefits","status":"publish","type":"product","link":"https:\/\/logic-vault.com\/tr\/urun\/deep-dive-into-meditation-benefits\/","title":{"rendered":"Meditasyonun Faydalar\u0131na Derinlemesine Bak\u0131\u015f"},"content":{"rendered":"<p>\ud83d\udca5 Bu soru, meditasyonun faydalar\u0131 hakk\u0131nda derinlemesine bilgi edinmek isteyenler i\u00e7in idealdir ve belirli sorulara hassas bir \u015fekilde yan\u0131t vermeyi ama\u00e7lamaktad\u0131r!<\/p>\n<p>\ud83e\uddbe Meditasyonun Faydalar\u0131na Derinlemesine Bak\u0131\u015f, size \u00f6zel sorular\u0131n\u0131za yan\u0131tlar sunar.<\/p>\n<p>\u2705 Tamamen \u00f6zelle\u015ftirilebilir: Meditasyonun faydalar\u0131 hakk\u0131nda sorular\u0131n\u0131z\u0131 sorun ve ayr\u0131nt\u0131l\u0131, bilgilendirici yan\u0131tlar al\u0131n.<\/p>\n<p>\ud83d\udd1d Meditasyonun Faydalar\u0131na Derinlemesine Bak\u0131\u015f \u2013 Belirli sorular\u0131n\u0131za kesin yan\u0131tlar alarak meditasyonun derin avantajlar\u0131n\u0131 ke\u015ffedin.<\/p>","protected":false},"excerpt":{"rendered":"<p>\ud83d\udca5 This prompt is ideal for those seeking in-depth insights into the benefits of meditation, answering specific questions with precision! \ud83e\uddbe Deep Dive Into Meditation Benefits tailors responses to your unique queries. \u2705 Fully customizable: Pose your questions about meditation&#8217;s advantages, and receive detailed, informative responses. \ud83d\udd1d Deep Dive Into Meditation Benefits &#8211; Unlock the [&hellip;]<\/p>\n","protected":false},"featured_media":27328,"comment_status":"open","ping_status":"closed","template":"","meta":[],"product_brand":[],"product_cat":[4114],"product_tag":[],"class_list":{"0":"post-27329","1":"product","2":"type-product","3":"status-publish","4":"has-post-thumbnail","6":"product_cat-meditation-travel","8":"first","9":"instock","10":"downloadable","11":"virtual","12":"product-type-simple"},"bundled_by":[],"bundle_stock_status":"instock","bundle_stock_quantity":null,"bundle_virtual":false,"bundle_layout":"","bundle_add_to_cart_form_location":"","bundle_editable_in_cart":false,"bundle_sold_individually_context":"","bundle_item_grouping":"","bundle_min_size":"","bundle_max_size":"","bundle_price":[],"bundled_items":[],"bundle_sell_ids":[],"_links":{"self":[{"href":"https:\/\/logic-vault.com\/tr\/wp-json\/wp\/v2\/product\/27329","targetHints":{"allow":["GET"]}}],"collection":[{"href":"https:\/\/logic-vault.com\/tr\/wp-json\/wp\/v2\/product"}],"about":[{"href":"https:\/\/logic-vault.com\/tr\/wp-json\/wp\/v2\/types\/product"}],"replies":[{"embeddable":true,"href":"https:\/\/logic-vault.com\/tr\/wp-json\/wp\/v2\/comments?post=27329"}],"wp:featuredmedia":[{"embeddable":true,"href":"https:\/\/logic-vault.com\/tr\/wp-json\/wp\/v2\/media\/27328"}],"wp:attachment":[{"href":"https:\/\/logic-vault.com\/tr\/wp-json\/wp\/v2\/media?parent=27329"}],"wp:term":[{"taxonomy":"product_brand","embeddable":true,"href":"https:\/\/logic-vault.com\/tr\/wp-json\/wp\/v2\/product_brand?post=27329"},{"taxonomy":"product_cat","embeddable":true,"href":"https:\/\/logic-vault.com\/tr\/wp-json\/wp\/v2\/product_cat?post=27329"},{"taxonomy":"product_tag","embeddable":true,"href":"https:\/\/logic-vault.com\/tr\/wp-json\/wp\/v2\/product_tag?post=27329"}],"curies":[{"name":"wp","href":"https:\/\/api.w.org\/{rel}","templated":true}]}}