{"id":27327,"date":"2026-02-17T23:48:20","date_gmt":"2026-02-17T23:48:20","guid":{"rendered":"https:\/\/logic-vault.com\/product\/recommendation-for-a-meditation-method\/"},"modified":"2026-02-17T23:48:20","modified_gmt":"2026-02-17T23:48:20","slug":"recommendation-for-a-meditation-method","status":"publish","type":"product","link":"https:\/\/logic-vault.com\/tr\/urun\/recommendation-for-a-meditation-method\/","title":{"rendered":"Meditasyon Y\u00f6ntemi \u00d6nerisi"},"content":{"rendered":"<p>Meditasyon Tekni\u011fi \u00d6nericimizle ideal meditasyon tekni\u011finizi ke\u015ffedin! Birka\u00e7 soruyu yan\u0131tlay\u0131n, biz de size refah\u0131n\u0131z\u0131 ve fark\u0131ndal\u0131k yolculu\u011funuzu geli\u015ftirecek ki\u015fiselle\u015ftirilmi\u015f meditasyon uygulamalar\u0131 \u00f6nerelim.<\/p>","protected":false},"excerpt":{"rendered":"<p>Meditasyon Tekni\u011fi \u00d6nericimizle ideal meditasyon tekni\u011finizi ke\u015ffedin! Birka\u00e7 soruyu yan\u0131tlay\u0131n, biz de size refah\u0131n\u0131z\u0131 ve fark\u0131ndal\u0131k yolculu\u011funuzu geli\u015ftirecek ki\u015fiselle\u015ftirilmi\u015f meditasyon uygulamalar\u0131 \u00f6nerelim.<\/p>","protected":false},"featured_media":27326,"comment_status":"open","ping_status":"closed","template":"","meta":[],"product_brand":[],"product_cat":[4114],"product_tag":[],"class_list":{"0":"post-27327","1":"product","2":"type-product","3":"status-publish","4":"has-post-thumbnail","6":"product_cat-meditation-travel","8":"first","9":"instock","10":"downloadable","11":"virtual","12":"product-type-simple"},"bundled_by":[],"bundle_stock_status":"instock","bundle_stock_quantity":null,"bundle_virtual":false,"bundle_layout":"","bundle_add_to_cart_form_location":"","bundle_editable_in_cart":false,"bundle_sold_individually_context":"","bundle_item_grouping":"","bundle_min_size":"","bundle_max_size":"","bundle_price":[],"bundled_items":[],"bundle_sell_ids":[],"_links":{"self":[{"href":"https:\/\/logic-vault.com\/tr\/wp-json\/wp\/v2\/product\/27327","targetHints":{"allow":["GET"]}}],"collection":[{"href":"https:\/\/logic-vault.com\/tr\/wp-json\/wp\/v2\/product"}],"about":[{"href":"https:\/\/logic-vault.com\/tr\/wp-json\/wp\/v2\/types\/product"}],"replies":[{"embeddable":true,"href":"https:\/\/logic-vault.com\/tr\/wp-json\/wp\/v2\/comments?post=27327"}],"wp:featuredmedia":[{"embeddable":true,"href":"https:\/\/logic-vault.com\/tr\/wp-json\/wp\/v2\/media\/27326"}],"wp:attachment":[{"href":"https:\/\/logic-vault.com\/tr\/wp-json\/wp\/v2\/media?parent=27327"}],"wp:term":[{"taxonomy":"product_brand","embeddable":true,"href":"https:\/\/logic-vault.com\/tr\/wp-json\/wp\/v2\/product_brand?post=27327"},{"taxonomy":"product_cat","embeddable":true,"href":"https:\/\/logic-vault.com\/tr\/wp-json\/wp\/v2\/product_cat?post=27327"},{"taxonomy":"product_tag","embeddable":true,"href":"https:\/\/logic-vault.com\/tr\/wp-json\/wp\/v2\/product_tag?post=27327"}],"curies":[{"name":"wp","href":"https:\/\/api.w.org\/{rel}","templated":true}]}}