{"id":27323,"date":"2026-02-17T23:48:18","date_gmt":"2026-02-17T23:48:18","guid":{"rendered":"https:\/\/logic-vault.com\/product\/mindfulness-and-meditation-blueprint-gpt\/"},"modified":"2026-02-17T23:48:19","modified_gmt":"2026-02-17T23:48:19","slug":"mindfulness-and-meditation-blueprint-gpt","status":"publish","type":"product","link":"https:\/\/logic-vault.com\/tr\/urun\/mindfulness-and-meditation-blueprint-gpt\/","title":{"rendered":"Fark\u0131ndal\u0131k ve Meditasyon Plan\u0131 GPT"},"content":{"rendered":"<p>Jon Kabat-Zinn&#039;in MBSR&#039;sinden, Eckhart Tolle&#039;nin &quot;\u015fimdinin g\u00fcc\u00fc&quot;nden, Sharon Salzberg&#039;in sevgi dolu \u015fefkatinden ve Pema Ch\u00f6dr\u00f6n&#039;\u00fcn \u015fefkatli \u00f6\u011fretilerinden ilham al\u0131narak haz\u0131rlanm\u0131\u015f bir fark\u0131ndal\u0131k rehberiyle sakinlik dolu bir d\u00fcnyaya ad\u0131m at\u0131n. \ud83c\udf43 Bu plan, g\u00fcnl\u00fck ritminize uyacak \u015fekilde tasarlanm\u0131\u015f, netlikle dolu bir hayata a\u00e7\u0131lan kap\u0131n\u0131zd\u0131r. Amaca y\u00f6nelik dikkat ve nazik kabulle yakla\u015f\u0131n ve stresin huzura d\u00f6n\u00fc\u015fmesini izleyin. \ud83c\udf1f<\/p>","protected":false},"excerpt":{"rendered":"<p>Step into a world of calm with a mindfulness guide crafted from the wisdom of Jon Kabat-Zinn&#8217;s MBSR, Eckhart Tolle&#8217;s power of now, Sharon Salzberg&#8217;s loving-kindness, and Pema Ch\u00f6dr\u00f6n&#8217;s compassionate teachings. \ud83c\udf43 This plan is your gateway to a life lived with clarity, crafted to fit into your daily rhythm. Engage with purposeful attention and [&hellip;]<\/p>\n","protected":false},"featured_media":27322,"comment_status":"open","ping_status":"closed","template":"","meta":[],"product_brand":[],"product_cat":[4114],"product_tag":[],"class_list":{"0":"post-27323","1":"product","2":"type-product","3":"status-publish","4":"has-post-thumbnail","6":"product_cat-meditation-travel","8":"first","9":"instock","10":"downloadable","11":"virtual","12":"product-type-simple"},"bundled_by":[],"bundle_stock_status":"instock","bundle_stock_quantity":null,"bundle_virtual":false,"bundle_layout":"","bundle_add_to_cart_form_location":"","bundle_editable_in_cart":false,"bundle_sold_individually_context":"","bundle_item_grouping":"","bundle_min_size":"","bundle_max_size":"","bundle_price":[],"bundled_items":[],"bundle_sell_ids":[],"_links":{"self":[{"href":"https:\/\/logic-vault.com\/tr\/wp-json\/wp\/v2\/product\/27323","targetHints":{"allow":["GET"]}}],"collection":[{"href":"https:\/\/logic-vault.com\/tr\/wp-json\/wp\/v2\/product"}],"about":[{"href":"https:\/\/logic-vault.com\/tr\/wp-json\/wp\/v2\/types\/product"}],"replies":[{"embeddable":true,"href":"https:\/\/logic-vault.com\/tr\/wp-json\/wp\/v2\/comments?post=27323"}],"wp:featuredmedia":[{"embeddable":true,"href":"https:\/\/logic-vault.com\/tr\/wp-json\/wp\/v2\/media\/27322"}],"wp:attachment":[{"href":"https:\/\/logic-vault.com\/tr\/wp-json\/wp\/v2\/media?parent=27323"}],"wp:term":[{"taxonomy":"product_brand","embeddable":true,"href":"https:\/\/logic-vault.com\/tr\/wp-json\/wp\/v2\/product_brand?post=27323"},{"taxonomy":"product_cat","embeddable":true,"href":"https:\/\/logic-vault.com\/tr\/wp-json\/wp\/v2\/product_cat?post=27323"},{"taxonomy":"product_tag","embeddable":true,"href":"https:\/\/logic-vault.com\/tr\/wp-json\/wp\/v2\/product_tag?post=27323"}],"curies":[{"name":"wp","href":"https:\/\/api.w.org\/{rel}","templated":true}]}}