{"id":27321,"date":"2026-02-17T23:48:18","date_gmt":"2026-02-17T23:48:18","guid":{"rendered":"https:\/\/logic-vault.com\/product\/mindfulness-and-meditation-guides\/"},"modified":"2026-02-17T23:48:18","modified_gmt":"2026-02-17T23:48:18","slug":"mindfulness-and-meditation-guides","status":"publish","type":"product","link":"https:\/\/logic-vault.com\/tr\/urun\/mindfulness-and-meditation-guides\/","title":{"rendered":"Fark\u0131ndal\u0131k ve Meditasyon Rehberleri"},"content":{"rendered":"<p>\u00d6zelle\u015ftirilebilir Meditasyon Rehberi \u015eablonumuzla fark\u0131ndal\u0131k sanat\u0131n\u0131 ke\u015ffedin! Meditasyon merakl\u0131lar\u0131 ve rehberleri i\u00e7in \u00f6zel olarak tasarlanm\u0131\u015f bu \u015fablon, \u00e7e\u015fitli temalar, ortamlar ve g\u00f6rseller i\u00e7erir. \u0130zleyicilerinizle yank\u0131 uyand\u0131ran, ilgi \u00e7ekici ve ki\u015fiselle\u015ftirilmi\u015f meditasyon seanslar\u0131 olu\u015fturun. Rahatlama, fark\u0131ndal\u0131k ve duygusal iyilik halini te\u015fvik etmek i\u00e7in idealdir. Meditasyon prati\u011finizi veya at\u00f6lyelerinizi bug\u00fcn bir \u00fcst seviyeye ta\u015f\u0131y\u0131n!<\/p>","protected":false},"excerpt":{"rendered":"<p>\u00d6zelle\u015ftirilebilir Meditasyon Rehberi \u015eablonumuzla fark\u0131ndal\u0131k sanat\u0131n\u0131 ke\u015ffedin! Meditasyon merakl\u0131lar\u0131 ve rehberleri i\u00e7in \u00f6zel olarak tasarlanm\u0131\u015f bu \u015fablon, \u00e7e\u015fitli temalar, ortamlar ve g\u00f6rseller i\u00e7erir. \u0130zleyicilerinizle yank\u0131 uyand\u0131ran, ilgi \u00e7ekici ve ki\u015fiselle\u015ftirilmi\u015f meditasyon seanslar\u0131 olu\u015fturun. Rahatlama, fark\u0131ndal\u0131k ve duygusal iyilik halini te\u015fvik etmek i\u00e7in idealdir. Meditasyon prati\u011finizi veya at\u00f6lyelerinizi bug\u00fcn bir \u00fcst seviyeye ta\u015f\u0131y\u0131n!<\/p>","protected":false},"featured_media":27320,"comment_status":"open","ping_status":"closed","template":"","meta":[],"product_brand":[],"product_cat":[4114],"product_tag":[],"class_list":{"0":"post-27321","1":"product","2":"type-product","3":"status-publish","4":"has-post-thumbnail","6":"product_cat-meditation-travel","8":"first","9":"instock","10":"downloadable","11":"virtual","12":"product-type-simple"},"bundled_by":[],"bundle_stock_status":"instock","bundle_stock_quantity":null,"bundle_virtual":false,"bundle_layout":"","bundle_add_to_cart_form_location":"","bundle_editable_in_cart":false,"bundle_sold_individually_context":"","bundle_item_grouping":"","bundle_min_size":"","bundle_max_size":"","bundle_price":[],"bundled_items":[],"bundle_sell_ids":[],"_links":{"self":[{"href":"https:\/\/logic-vault.com\/tr\/wp-json\/wp\/v2\/product\/27321","targetHints":{"allow":["GET"]}}],"collection":[{"href":"https:\/\/logic-vault.com\/tr\/wp-json\/wp\/v2\/product"}],"about":[{"href":"https:\/\/logic-vault.com\/tr\/wp-json\/wp\/v2\/types\/product"}],"replies":[{"embeddable":true,"href":"https:\/\/logic-vault.com\/tr\/wp-json\/wp\/v2\/comments?post=27321"}],"wp:featuredmedia":[{"embeddable":true,"href":"https:\/\/logic-vault.com\/tr\/wp-json\/wp\/v2\/media\/27320"}],"wp:attachment":[{"href":"https:\/\/logic-vault.com\/tr\/wp-json\/wp\/v2\/media?parent=27321"}],"wp:term":[{"taxonomy":"product_brand","embeddable":true,"href":"https:\/\/logic-vault.com\/tr\/wp-json\/wp\/v2\/product_brand?post=27321"},{"taxonomy":"product_cat","embeddable":true,"href":"https:\/\/logic-vault.com\/tr\/wp-json\/wp\/v2\/product_cat?post=27321"},{"taxonomy":"product_tag","embeddable":true,"href":"https:\/\/logic-vault.com\/tr\/wp-json\/wp\/v2\/product_tag?post=27321"}],"curies":[{"name":"wp","href":"https:\/\/api.w.org\/{rel}","templated":true}]}}