{"id":27319,"date":"2026-02-17T23:48:17","date_gmt":"2026-02-17T23:48:17","guid":{"rendered":"https:\/\/logic-vault.com\/product\/virtual-meditation-session-guide\/"},"modified":"2026-02-17T23:48:18","modified_gmt":"2026-02-17T23:48:18","slug":"virtual-meditation-session-guide","status":"publish","type":"product","link":"https:\/\/logic-vault.com\/tr\/urun\/virtual-meditation-session-guide\/","title":{"rendered":"Sanal Meditasyon Seans\u0131 Rehberi"},"content":{"rendered":"<p>Sanal Meditasyon Seans\u0131 Rehberimizle huzurlu bir yolculu\u011fa \u00e7\u0131k\u0131n \ud83c\udf08. Uzman e\u011fitmenler e\u015fli\u011finde, i\u00e7 huzuru ve dengeyi geli\u015ftiren, fark\u0131ndal\u0131k dolu bir yolculu\u011fa kendinizi b\u0131rak\u0131n. \ud83e\uddd8\u200d\u2640\ufe0f Evinizin rahatl\u0131\u011f\u0131nda esenli\u011finizi art\u0131r\u0131n. Sanal d\u00fcnyan\u0131n \u00f6tesine ge\u00e7en canland\u0131r\u0131c\u0131 bir deneyim i\u00e7in bize kat\u0131l\u0131n. \ud83c\udf1f<\/p>","protected":false},"excerpt":{"rendered":"<p>Sanal Meditasyon Seans\u0131 Rehberimizle huzurlu bir yolculu\u011fa \u00e7\u0131k\u0131n \ud83c\udf08. Uzman e\u011fitmenler e\u015fli\u011finde, i\u00e7 huzuru ve dengeyi geli\u015ftiren, fark\u0131ndal\u0131k dolu bir yolculu\u011fa kendinizi b\u0131rak\u0131n. \ud83e\uddd8\u200d\u2640\ufe0f Evinizin rahatl\u0131\u011f\u0131nda esenli\u011finizi art\u0131r\u0131n. Sanal d\u00fcnyan\u0131n \u00f6tesine ge\u00e7en canland\u0131r\u0131c\u0131 bir deneyim i\u00e7in bize kat\u0131l\u0131n. \ud83c\udf1f<\/p>","protected":false},"featured_media":27318,"comment_status":"open","ping_status":"closed","template":"","meta":[],"product_brand":[],"product_cat":[4114],"product_tag":[],"class_list":{"0":"post-27319","1":"product","2":"type-product","3":"status-publish","4":"has-post-thumbnail","6":"product_cat-meditation-travel","8":"first","9":"instock","10":"downloadable","11":"virtual","12":"product-type-simple"},"bundled_by":[],"bundle_stock_status":"instock","bundle_stock_quantity":null,"bundle_virtual":false,"bundle_layout":"","bundle_add_to_cart_form_location":"","bundle_editable_in_cart":false,"bundle_sold_individually_context":"","bundle_item_grouping":"","bundle_min_size":"","bundle_max_size":"","bundle_price":[],"bundled_items":[],"bundle_sell_ids":[],"_links":{"self":[{"href":"https:\/\/logic-vault.com\/tr\/wp-json\/wp\/v2\/product\/27319","targetHints":{"allow":["GET"]}}],"collection":[{"href":"https:\/\/logic-vault.com\/tr\/wp-json\/wp\/v2\/product"}],"about":[{"href":"https:\/\/logic-vault.com\/tr\/wp-json\/wp\/v2\/types\/product"}],"replies":[{"embeddable":true,"href":"https:\/\/logic-vault.com\/tr\/wp-json\/wp\/v2\/comments?post=27319"}],"wp:featuredmedia":[{"embeddable":true,"href":"https:\/\/logic-vault.com\/tr\/wp-json\/wp\/v2\/media\/27318"}],"wp:attachment":[{"href":"https:\/\/logic-vault.com\/tr\/wp-json\/wp\/v2\/media?parent=27319"}],"wp:term":[{"taxonomy":"product_brand","embeddable":true,"href":"https:\/\/logic-vault.com\/tr\/wp-json\/wp\/v2\/product_brand?post=27319"},{"taxonomy":"product_cat","embeddable":true,"href":"https:\/\/logic-vault.com\/tr\/wp-json\/wp\/v2\/product_cat?post=27319"},{"taxonomy":"product_tag","embeddable":true,"href":"https:\/\/logic-vault.com\/tr\/wp-json\/wp\/v2\/product_tag?post=27319"}],"curies":[{"name":"wp","href":"https:\/\/api.w.org\/{rel}","templated":true}]}}