{"id":27317,"date":"2026-02-17T23:48:17","date_gmt":"2026-02-17T23:48:17","guid":{"rendered":"https:\/\/logic-vault.com\/product\/virtual-meditation-guide\/"},"modified":"2026-02-17T23:48:17","modified_gmt":"2026-02-17T23:48:17","slug":"virtual-meditation-guide","status":"publish","type":"product","link":"https:\/\/logic-vault.com\/tr\/urun\/virtual-meditation-guide\/","title":{"rendered":"Sanal Meditasyon Rehberi"},"content":{"rendered":"<p>Bu uzman k\u0131lavuzuyla YouTube videolar\u0131 veya dersleriniz i\u00e7in ilgi \u00e7ekici meditasyon senaryolar\u0131 olu\u015fturun. Herhangi bir s\u00fcre ve beceri seviyesine uyarlanabilir olan bu k\u0131lavuz, kolay y\u00f6nlendirme i\u00e7in senaryolar olu\u015fturur, rahatlama ipu\u00e7lar\u0131 i\u00e7erir ve kapsay\u0131c\u0131 bir dil kullan\u0131r. Rahatlat\u0131c\u0131 ve b\u00fct\u00fcnsel meditasyon deneyimleri yaratmak i\u00e7in idealdir.<\/p>\n<p>Bu bilgilendirme metninden memnun kald\u0131ysan\u0131z, l\u00fctfen yorum b\u0131rakmaktan \u00e7ekinmeyin \ud83d\ude42<\/p>","protected":false},"excerpt":{"rendered":"<p>Craft engaging meditation scripts for YouTube videos or classes with this expert prompt. Adaptable for any duration and skill level, it structures scripts for easy guiding, includes relaxation cues, and uses inclusive language. Ideal for creating soothing, holistic meditation experiences. If you are satisfied with this prompt, please don&#8217;t hesitate to leave me a review [&hellip;]<\/p>\n","protected":false},"featured_media":27316,"comment_status":"open","ping_status":"closed","template":"","meta":[],"product_brand":[],"product_cat":[4114],"product_tag":[],"class_list":{"0":"post-27317","1":"product","2":"type-product","3":"status-publish","4":"has-post-thumbnail","6":"product_cat-meditation-travel","8":"first","9":"instock","10":"downloadable","11":"virtual","12":"product-type-simple"},"bundled_by":[],"bundle_stock_status":"instock","bundle_stock_quantity":null,"bundle_virtual":false,"bundle_layout":"","bundle_add_to_cart_form_location":"","bundle_editable_in_cart":false,"bundle_sold_individually_context":"","bundle_item_grouping":"","bundle_min_size":"","bundle_max_size":"","bundle_price":[],"bundled_items":[],"bundle_sell_ids":[],"_links":{"self":[{"href":"https:\/\/logic-vault.com\/tr\/wp-json\/wp\/v2\/product\/27317","targetHints":{"allow":["GET"]}}],"collection":[{"href":"https:\/\/logic-vault.com\/tr\/wp-json\/wp\/v2\/product"}],"about":[{"href":"https:\/\/logic-vault.com\/tr\/wp-json\/wp\/v2\/types\/product"}],"replies":[{"embeddable":true,"href":"https:\/\/logic-vault.com\/tr\/wp-json\/wp\/v2\/comments?post=27317"}],"wp:featuredmedia":[{"embeddable":true,"href":"https:\/\/logic-vault.com\/tr\/wp-json\/wp\/v2\/media\/27316"}],"wp:attachment":[{"href":"https:\/\/logic-vault.com\/tr\/wp-json\/wp\/v2\/media?parent=27317"}],"wp:term":[{"taxonomy":"product_brand","embeddable":true,"href":"https:\/\/logic-vault.com\/tr\/wp-json\/wp\/v2\/product_brand?post=27317"},{"taxonomy":"product_cat","embeddable":true,"href":"https:\/\/logic-vault.com\/tr\/wp-json\/wp\/v2\/product_cat?post=27317"},{"taxonomy":"product_tag","embeddable":true,"href":"https:\/\/logic-vault.com\/tr\/wp-json\/wp\/v2\/product_tag?post=27317"}],"curies":[{"name":"wp","href":"https:\/\/api.w.org\/{rel}","templated":true}]}}