{"id":27309,"date":"2026-02-17T23:48:14","date_gmt":"2026-02-17T23:48:14","guid":{"rendered":"https:\/\/logic-vault.com\/product\/super-human-mediations-guru\/"},"modified":"2026-02-17T23:48:15","modified_gmt":"2026-02-17T23:48:15","slug":"super-human-mediations-guru","status":"publish","type":"product","link":"https:\/\/logic-vault.com\/tr\/urun\/super-human-mediations-guru\/","title":{"rendered":"S\u00fcper \u0130nsan Arabuluculuk Gurusu"},"content":{"rendered":"<p>Super Human Meditations Guru ile fark\u0131ndal\u0131\u011f\u0131n\u0131z\u0131 art\u0131r\u0131n! Derin nefes alma teknikleri ve rahatlat\u0131c\u0131 m\u00fczik e\u015fli\u011finde rehberli meditasyon deneyimi ya\u015fayarak en \u00fcst d\u00fczeyde gev\u015feyin.<\/p>\n<p>\u2705 Rahatlat\u0131c\u0131 M\u00fczik! \ud83c\udfb6<br \/>\n\u2705 Derin Nefes Al! \ud83c\udf00<br \/>\n\u2705 Merkezlenmi\u015f Kare Nefes Egzersizi! \ud83d\udd32<br \/>\n\u2705 \u015eekil G\u00f6rselle\u015ftirmeleri: Kareler, \u00dc\u00e7genler, Daireler! \ud83c\udf10<br \/>\n\u2705 Rahatlama ve Varolu\u015f \u0130pu\u00e7lar\u0131! \ud83e\uddd8\u200d\u2640\ufe0f<\/p>","protected":false},"excerpt":{"rendered":"<p>Elevate your mindfulness with Super Human Meditations Guru! Experience guided meditation featuring deep breathing techniques and soothing music for ultimate relaxation. \u2705 Soothing Music! \ud83c\udfb6 \u2705 Deep Breathing! \ud83c\udf00 \u2705 Centered Square Breathing! \ud83d\udd32 \u2705 Shape Visualizations: Squares, Triangles, Circles! \ud83c\udf10 \u2705 Comfort &#038; Presence Tips! \ud83e\uddd8\u200d\u2640\ufe0f<\/p>","protected":false},"featured_media":27308,"comment_status":"open","ping_status":"closed","template":"","meta":[],"product_brand":[],"product_cat":[4114],"product_tag":[],"class_list":{"0":"post-27309","1":"product","2":"type-product","3":"status-publish","4":"has-post-thumbnail","6":"product_cat-meditation-travel","8":"first","9":"instock","10":"downloadable","11":"virtual","12":"product-type-simple"},"bundled_by":[],"bundle_stock_status":"instock","bundle_stock_quantity":null,"bundle_virtual":false,"bundle_layout":"","bundle_add_to_cart_form_location":"","bundle_editable_in_cart":false,"bundle_sold_individually_context":"","bundle_item_grouping":"","bundle_min_size":"","bundle_max_size":"","bundle_price":[],"bundled_items":[],"bundle_sell_ids":[],"_links":{"self":[{"href":"https:\/\/logic-vault.com\/tr\/wp-json\/wp\/v2\/product\/27309","targetHints":{"allow":["GET"]}}],"collection":[{"href":"https:\/\/logic-vault.com\/tr\/wp-json\/wp\/v2\/product"}],"about":[{"href":"https:\/\/logic-vault.com\/tr\/wp-json\/wp\/v2\/types\/product"}],"replies":[{"embeddable":true,"href":"https:\/\/logic-vault.com\/tr\/wp-json\/wp\/v2\/comments?post=27309"}],"wp:featuredmedia":[{"embeddable":true,"href":"https:\/\/logic-vault.com\/tr\/wp-json\/wp\/v2\/media\/27308"}],"wp:attachment":[{"href":"https:\/\/logic-vault.com\/tr\/wp-json\/wp\/v2\/media?parent=27309"}],"wp:term":[{"taxonomy":"product_brand","embeddable":true,"href":"https:\/\/logic-vault.com\/tr\/wp-json\/wp\/v2\/product_brand?post=27309"},{"taxonomy":"product_cat","embeddable":true,"href":"https:\/\/logic-vault.com\/tr\/wp-json\/wp\/v2\/product_cat?post=27309"},{"taxonomy":"product_tag","embeddable":true,"href":"https:\/\/logic-vault.com\/tr\/wp-json\/wp\/v2\/product_tag?post=27309"}],"curies":[{"name":"wp","href":"https:\/\/api.w.org\/{rel}","templated":true}]}}