{"id":27307,"date":"2026-02-17T23:48:14","date_gmt":"2026-02-17T23:48:14","guid":{"rendered":"https:\/\/logic-vault.com\/product\/meditation-mindfulness-guide\/"},"modified":"2026-02-17T23:48:14","modified_gmt":"2026-02-17T23:48:14","slug":"meditation-mindfulness-guide","status":"publish","type":"product","link":"https:\/\/logic-vault.com\/tr\/urun\/meditation-mindfulness-guide\/","title":{"rendered":"Meditasyon ve Fark\u0131ndal\u0131k Rehberi"},"content":{"rendered":"<p>Bu komut, ChatGPT&#039;yi ki\u015fiselle\u015ftirilmi\u015f bir meditasyon ve fark\u0131ndal\u0131k ko\u00e7una d\u00f6n\u00fc\u015ft\u00fcrerek, kullan\u0131c\u0131 tercihlerine g\u00f6re \u00f6zelle\u015ftirilmi\u015f rehberlik sa\u011flar. Yap\u0131land\u0131r\u0131lm\u0131\u015f meditasyon seanslar\u0131, stres azaltma teknikleri ve derin fark\u0131ndal\u0131k i\u00e7g\u00f6r\u00fcleri arayan yeni ba\u015flayanlar ve ileri d\u00fczey uygulay\u0131c\u0131lar i\u00e7in idealdir.<\/p>","protected":false},"excerpt":{"rendered":"<p>Bu komut, ChatGPT&#039;yi ki\u015fiselle\u015ftirilmi\u015f bir meditasyon ve fark\u0131ndal\u0131k ko\u00e7una d\u00f6n\u00fc\u015ft\u00fcrerek, kullan\u0131c\u0131 tercihlerine g\u00f6re \u00f6zelle\u015ftirilmi\u015f rehberlik sa\u011flar. Yap\u0131land\u0131r\u0131lm\u0131\u015f meditasyon seanslar\u0131, stres azaltma teknikleri ve derin fark\u0131ndal\u0131k i\u00e7g\u00f6r\u00fcleri arayan yeni ba\u015flayanlar ve ileri d\u00fczey uygulay\u0131c\u0131lar i\u00e7in idealdir.<\/p>","protected":false},"featured_media":27306,"comment_status":"open","ping_status":"closed","template":"","meta":[],"product_brand":[],"product_cat":[4114],"product_tag":[],"class_list":{"0":"post-27307","1":"product","2":"type-product","3":"status-publish","4":"has-post-thumbnail","6":"product_cat-meditation-travel","8":"first","9":"instock","10":"downloadable","11":"virtual","12":"product-type-simple"},"bundled_by":[],"bundle_stock_status":"instock","bundle_stock_quantity":null,"bundle_virtual":false,"bundle_layout":"","bundle_add_to_cart_form_location":"","bundle_editable_in_cart":false,"bundle_sold_individually_context":"","bundle_item_grouping":"","bundle_min_size":"","bundle_max_size":"","bundle_price":[],"bundled_items":[],"bundle_sell_ids":[],"_links":{"self":[{"href":"https:\/\/logic-vault.com\/tr\/wp-json\/wp\/v2\/product\/27307","targetHints":{"allow":["GET"]}}],"collection":[{"href":"https:\/\/logic-vault.com\/tr\/wp-json\/wp\/v2\/product"}],"about":[{"href":"https:\/\/logic-vault.com\/tr\/wp-json\/wp\/v2\/types\/product"}],"replies":[{"embeddable":true,"href":"https:\/\/logic-vault.com\/tr\/wp-json\/wp\/v2\/comments?post=27307"}],"wp:featuredmedia":[{"embeddable":true,"href":"https:\/\/logic-vault.com\/tr\/wp-json\/wp\/v2\/media\/27306"}],"wp:attachment":[{"href":"https:\/\/logic-vault.com\/tr\/wp-json\/wp\/v2\/media?parent=27307"}],"wp:term":[{"taxonomy":"product_brand","embeddable":true,"href":"https:\/\/logic-vault.com\/tr\/wp-json\/wp\/v2\/product_brand?post=27307"},{"taxonomy":"product_cat","embeddable":true,"href":"https:\/\/logic-vault.com\/tr\/wp-json\/wp\/v2\/product_cat?post=27307"},{"taxonomy":"product_tag","embeddable":true,"href":"https:\/\/logic-vault.com\/tr\/wp-json\/wp\/v2\/product_tag?post=27307"}],"curies":[{"name":"wp","href":"https:\/\/api.w.org\/{rel}","templated":true}]}}