{"id":27303,"date":"2026-02-17T23:48:13","date_gmt":"2026-02-17T23:48:13","guid":{"rendered":"https:\/\/logic-vault.com\/product\/script-generator-for-mindful-meditation\/"},"modified":"2026-02-17T23:48:13","modified_gmt":"2026-02-17T23:48:13","slug":"script-generator-for-mindful-meditation","status":"publish","type":"product","link":"https:\/\/logic-vault.com\/tr\/urun\/script-generator-for-mindful-meditation\/","title":{"rendered":"Bilin\u00e7li Meditasyon \u0130\u00e7in Komut Dosyas\u0131 Olu\u015fturucu"},"content":{"rendered":"<p>Prompt ile ya\u015fam kalitenizi art\u0131rma prati\u011finizi d\u00f6n\u00fc\u015ft\u00fcr\u00fcn; bu uygulama, benzersiz ihtiya\u00e7lar\u0131n\u0131za g\u00f6re uyarlanm\u0131\u015f \u00f6zel meditasyonlar olu\u015fturur. \u0130ster dan\u0131\u015fanlar\u0131 i\u00e7in yeni materyaller arayan bir sa\u011fl\u0131k uzman\u0131 olun, ister ki\u015fisel prati\u011fini geli\u015ftirmek isteyen bir birey olun, Prompt saniyeler i\u00e7inde m\u00fckemmel meditasyonunuzu sunar ve an\u0131nda profesyonel kalitede meditasyon senaryolar\u0131 sa\u011flar.<br \/>\nYoga e\u011fitmenleri, fark\u0131ndal\u0131k e\u011fitmenleri ve \u00f6\u011fretmenleri i\u00e7in oldu\u011fu kadar herkes i\u00e7in de uygundur.<\/p>","protected":false},"excerpt":{"rendered":"<p>Transform your practice of improving your quality of life with Prompt, which creates customized meditations tailored to your unique needs. Create your perfect meditation in seconds, whether you&#8217;re a wellness professional looking for new materials for clients or an individual looking to improve their personal practice, Prompt instantly delivers professional-quality meditation scenarios. It is suitable [&hellip;]<\/p>\n","protected":false},"featured_media":27302,"comment_status":"open","ping_status":"closed","template":"","meta":[],"product_brand":[],"product_cat":[4114],"product_tag":[],"class_list":{"0":"post-27303","1":"product","2":"type-product","3":"status-publish","4":"has-post-thumbnail","6":"product_cat-meditation-travel","8":"first","9":"instock","10":"downloadable","11":"virtual","12":"product-type-simple"},"bundled_by":[],"bundle_stock_status":"instock","bundle_stock_quantity":null,"bundle_virtual":false,"bundle_layout":"","bundle_add_to_cart_form_location":"","bundle_editable_in_cart":false,"bundle_sold_individually_context":"","bundle_item_grouping":"","bundle_min_size":"","bundle_max_size":"","bundle_price":[],"bundled_items":[],"bundle_sell_ids":[],"_links":{"self":[{"href":"https:\/\/logic-vault.com\/tr\/wp-json\/wp\/v2\/product\/27303","targetHints":{"allow":["GET"]}}],"collection":[{"href":"https:\/\/logic-vault.com\/tr\/wp-json\/wp\/v2\/product"}],"about":[{"href":"https:\/\/logic-vault.com\/tr\/wp-json\/wp\/v2\/types\/product"}],"replies":[{"embeddable":true,"href":"https:\/\/logic-vault.com\/tr\/wp-json\/wp\/v2\/comments?post=27303"}],"wp:featuredmedia":[{"embeddable":true,"href":"https:\/\/logic-vault.com\/tr\/wp-json\/wp\/v2\/media\/27302"}],"wp:attachment":[{"href":"https:\/\/logic-vault.com\/tr\/wp-json\/wp\/v2\/media?parent=27303"}],"wp:term":[{"taxonomy":"product_brand","embeddable":true,"href":"https:\/\/logic-vault.com\/tr\/wp-json\/wp\/v2\/product_brand?post=27303"},{"taxonomy":"product_cat","embeddable":true,"href":"https:\/\/logic-vault.com\/tr\/wp-json\/wp\/v2\/product_cat?post=27303"},{"taxonomy":"product_tag","embeddable":true,"href":"https:\/\/logic-vault.com\/tr\/wp-json\/wp\/v2\/product_tag?post=27303"}],"curies":[{"name":"wp","href":"https:\/\/api.w.org\/{rel}","templated":true}]}}