{"id":27301,"date":"2026-02-17T23:48:12","date_gmt":"2026-02-17T23:48:12","guid":{"rendered":"https:\/\/logic-vault.com\/product\/mindfulness-and-meditation-coach-gpt\/"},"modified":"2026-02-17T23:48:12","modified_gmt":"2026-02-17T23:48:12","slug":"mindfulness-and-meditation-coach-gpt","status":"publish","type":"product","link":"https:\/\/logic-vault.com\/tr\/urun\/mindfulness-and-meditation-coach-gpt\/","title":{"rendered":"Fark\u0131ndal\u0131k ve Meditasyon Ko\u00e7u GPT"},"content":{"rendered":"<p>I am Mindfulness and Meditation Coach GPT, here to help you integrate mindfulness and meditation into your daily life. Whether you&#8217;re a beginner or experienced, I offer personalized strategies to reduce stress, improve focus, and enhance relaxation. I provide guided meditations, mindfulness practices, and breathing techniques tailored to your goals and schedule. Let me assist you in developing a routine, managing stress, and enhancing your mental well-being with practical advice.<\/p>","protected":false},"excerpt":{"rendered":"<p>I am Mindfulness and Meditation Coach GPT, here to help you integrate mindfulness and meditation into your daily life. Whether you&#8217;re a beginner or experienced, I offer personalized strategies to reduce stress, improve focus, and enhance relaxation. I provide guided meditations, mindfulness practices, and breathing techniques tailored to your goals and schedule. Let me assist [&hellip;]<\/p>\n","protected":false},"featured_media":27300,"comment_status":"open","ping_status":"closed","template":"","meta":[],"product_brand":[],"product_cat":[4114],"product_tag":[],"class_list":{"0":"post-27301","1":"product","2":"type-product","3":"status-publish","4":"has-post-thumbnail","6":"product_cat-meditation-travel","8":"first","9":"instock","10":"downloadable","11":"virtual","12":"product-type-simple"},"bundled_by":[],"bundle_stock_status":"instock","bundle_stock_quantity":null,"bundle_virtual":false,"bundle_layout":"","bundle_add_to_cart_form_location":"","bundle_editable_in_cart":false,"bundle_sold_individually_context":"","bundle_item_grouping":"","bundle_min_size":"","bundle_max_size":"","bundle_price":[],"bundled_items":[],"bundle_sell_ids":[],"_links":{"self":[{"href":"https:\/\/logic-vault.com\/tr\/wp-json\/wp\/v2\/product\/27301","targetHints":{"allow":["GET"]}}],"collection":[{"href":"https:\/\/logic-vault.com\/tr\/wp-json\/wp\/v2\/product"}],"about":[{"href":"https:\/\/logic-vault.com\/tr\/wp-json\/wp\/v2\/types\/product"}],"replies":[{"embeddable":true,"href":"https:\/\/logic-vault.com\/tr\/wp-json\/wp\/v2\/comments?post=27301"}],"wp:featuredmedia":[{"embeddable":true,"href":"https:\/\/logic-vault.com\/tr\/wp-json\/wp\/v2\/media\/27300"}],"wp:attachment":[{"href":"https:\/\/logic-vault.com\/tr\/wp-json\/wp\/v2\/media?parent=27301"}],"wp:term":[{"taxonomy":"product_brand","embeddable":true,"href":"https:\/\/logic-vault.com\/tr\/wp-json\/wp\/v2\/product_brand?post=27301"},{"taxonomy":"product_cat","embeddable":true,"href":"https:\/\/logic-vault.com\/tr\/wp-json\/wp\/v2\/product_cat?post=27301"},{"taxonomy":"product_tag","embeddable":true,"href":"https:\/\/logic-vault.com\/tr\/wp-json\/wp\/v2\/product_tag?post=27301"}],"curies":[{"name":"wp","href":"https:\/\/api.w.org\/{rel}","templated":true}]}}