{"id":27297,"date":"2026-02-17T23:48:11","date_gmt":"2026-02-17T23:48:11","guid":{"rendered":"https:\/\/logic-vault.com\/product\/daily-mindfulness-meditation-guide\/"},"modified":"2026-02-17T23:48:11","modified_gmt":"2026-02-17T23:48:11","slug":"daily-mindfulness-meditation-guide","status":"publish","type":"product","link":"https:\/\/logic-vault.com\/tr\/urun\/daily-mindfulness-meditation-guide\/","title":{"rendered":"G\u00fcnl\u00fck Fark\u0131ndal\u0131k Meditasyon Rehberi"},"content":{"rendered":"<p>Create a short, personalized mindfulness meditation script based on your current emotional state. Whether you&#8217;re feeling anxious, sad, or energized, this prompt delivers a calming, effective meditation session in just a few minutes. Ideal for beginners or busy people seeking daily clarity.<\/p>","protected":false},"excerpt":{"rendered":"<p>Create a short, personalized mindfulness meditation script based on your current emotional state. Whether you&#8217;re feeling anxious, sad, or energized, this prompt delivers a calming, effective meditation session in just a few minutes. Ideal for beginners or busy people seeking daily clarity.<\/p>","protected":false},"featured_media":27296,"comment_status":"open","ping_status":"closed","template":"","meta":[],"product_brand":[],"product_cat":[4114],"product_tag":[],"class_list":{"0":"post-27297","1":"product","2":"type-product","3":"status-publish","4":"has-post-thumbnail","6":"product_cat-meditation-travel","8":"first","9":"instock","10":"downloadable","11":"virtual","12":"product-type-simple"},"bundled_by":[],"bundle_stock_status":"instock","bundle_stock_quantity":null,"bundle_virtual":false,"bundle_layout":"","bundle_add_to_cart_form_location":"","bundle_editable_in_cart":false,"bundle_sold_individually_context":"","bundle_item_grouping":"","bundle_min_size":"","bundle_max_size":"","bundle_price":[],"bundled_items":[],"bundle_sell_ids":[],"_links":{"self":[{"href":"https:\/\/logic-vault.com\/tr\/wp-json\/wp\/v2\/product\/27297","targetHints":{"allow":["GET"]}}],"collection":[{"href":"https:\/\/logic-vault.com\/tr\/wp-json\/wp\/v2\/product"}],"about":[{"href":"https:\/\/logic-vault.com\/tr\/wp-json\/wp\/v2\/types\/product"}],"replies":[{"embeddable":true,"href":"https:\/\/logic-vault.com\/tr\/wp-json\/wp\/v2\/comments?post=27297"}],"wp:featuredmedia":[{"embeddable":true,"href":"https:\/\/logic-vault.com\/tr\/wp-json\/wp\/v2\/media\/27296"}],"wp:attachment":[{"href":"https:\/\/logic-vault.com\/tr\/wp-json\/wp\/v2\/media?parent=27297"}],"wp:term":[{"taxonomy":"product_brand","embeddable":true,"href":"https:\/\/logic-vault.com\/tr\/wp-json\/wp\/v2\/product_brand?post=27297"},{"taxonomy":"product_cat","embeddable":true,"href":"https:\/\/logic-vault.com\/tr\/wp-json\/wp\/v2\/product_cat?post=27297"},{"taxonomy":"product_tag","embeddable":true,"href":"https:\/\/logic-vault.com\/tr\/wp-json\/wp\/v2\/product_tag?post=27297"}],"curies":[{"name":"wp","href":"https:\/\/api.w.org\/{rel}","templated":true}]}}