{"id":27291,"date":"2026-02-17T23:48:08","date_gmt":"2026-02-17T23:48:08","guid":{"rendered":"https:\/\/logic-vault.com\/product\/trip-planner-in-an-excel-table-format\/"},"modified":"2026-02-17T23:48:09","modified_gmt":"2026-02-17T23:48:09","slug":"trip-planner-in-an-excel-table-format","status":"publish","type":"product","link":"https:\/\/logic-vault.com\/tr\/urun\/trip-planner-in-an-excel-table-format\/","title":{"rendered":"Excel Tablo Format\u0131nda Seyahat Planlay\u0131c\u0131"},"content":{"rendered":"<p>This prompt ensures a detailed and organized multi-day &#038; multi-city road trip plan, considering essential aspects for a seamless and enjoyable trip, including logistics, local experiences, and cost management. This trip planner is in an Excel table format.<\/p>","protected":false},"excerpt":{"rendered":"<p>This prompt ensures a detailed and organized multi-day &#038; multi-city road trip plan, considering essential aspects for a seamless and enjoyable trip, including logistics, local experiences, and cost management. This trip planner is in an Excel table format.<\/p>","protected":false},"featured_media":27290,"comment_status":"open","ping_status":"closed","template":"","meta":[],"product_brand":[],"product_cat":[4114],"product_tag":[],"class_list":{"0":"post-27291","1":"product","2":"type-product","3":"status-publish","4":"has-post-thumbnail","6":"product_cat-meditation-travel","8":"first","9":"instock","10":"downloadable","11":"virtual","12":"product-type-simple"},"bundled_by":[],"bundle_stock_status":"instock","bundle_stock_quantity":null,"bundle_virtual":false,"bundle_layout":"","bundle_add_to_cart_form_location":"","bundle_editable_in_cart":false,"bundle_sold_individually_context":"","bundle_item_grouping":"","bundle_min_size":"","bundle_max_size":"","bundle_price":[],"bundled_items":[],"bundle_sell_ids":[],"_links":{"self":[{"href":"https:\/\/logic-vault.com\/tr\/wp-json\/wp\/v2\/product\/27291","targetHints":{"allow":["GET"]}}],"collection":[{"href":"https:\/\/logic-vault.com\/tr\/wp-json\/wp\/v2\/product"}],"about":[{"href":"https:\/\/logic-vault.com\/tr\/wp-json\/wp\/v2\/types\/product"}],"replies":[{"embeddable":true,"href":"https:\/\/logic-vault.com\/tr\/wp-json\/wp\/v2\/comments?post=27291"}],"wp:featuredmedia":[{"embeddable":true,"href":"https:\/\/logic-vault.com\/tr\/wp-json\/wp\/v2\/media\/27290"}],"wp:attachment":[{"href":"https:\/\/logic-vault.com\/tr\/wp-json\/wp\/v2\/media?parent=27291"}],"wp:term":[{"taxonomy":"product_brand","embeddable":true,"href":"https:\/\/logic-vault.com\/tr\/wp-json\/wp\/v2\/product_brand?post=27291"},{"taxonomy":"product_cat","embeddable":true,"href":"https:\/\/logic-vault.com\/tr\/wp-json\/wp\/v2\/product_cat?post=27291"},{"taxonomy":"product_tag","embeddable":true,"href":"https:\/\/logic-vault.com\/tr\/wp-json\/wp\/v2\/product_tag?post=27291"}],"curies":[{"name":"wp","href":"https:\/\/api.w.org\/{rel}","templated":true}]}}