{"id":27287,"date":"2026-02-17T23:48:07","date_gmt":"2026-02-17T23:48:07","guid":{"rendered":"https:\/\/logic-vault.com\/product\/multi-city-travel-flow-planner-pro\/"},"modified":"2026-02-17T23:48:07","modified_gmt":"2026-02-17T23:48:07","slug":"multi-city-travel-flow-planner-pro","status":"publish","type":"product","link":"https:\/\/logic-vault.com\/tr\/urun\/multi-city-travel-flow-planner-pro\/","title":{"rendered":"\u00c7ok \u015eehirli Seyahat Ak\u0131\u015f\u0131 Planlay\u0131c\u0131 Pro"},"content":{"rendered":"<p>Claude ile sorunsuz ve dengeli bir \u015fehirler aras\u0131 seyahat ak\u0131\u015f\u0131 tasarlay\u0131n. Seyahat detaylar\u0131n\u0131 girerek, s\u0131ralamay\u0131, tempoyu, ge\u00e7i\u015fleri ve dinlenmeyi optimize eden yap\u0131land\u0131r\u0131lm\u0131\u015f bir planlama \u00e7er\u00e7evesi elde edin; bu sayede gezginler kat\u0131 programlara, rezervasyon detaylar\u0131na veya a\u015f\u0131r\u0131 optimizasyona gerek kalmadan mekanlar aras\u0131nda g\u00fcvenle hareket edebilirler.<\/p>","protected":false},"excerpt":{"rendered":"<p>Claude ile sorunsuz ve dengeli bir \u015fehirler aras\u0131 seyahat ak\u0131\u015f\u0131 tasarlay\u0131n. Seyahat detaylar\u0131n\u0131 girerek, s\u0131ralamay\u0131, tempoyu, ge\u00e7i\u015fleri ve dinlenmeyi optimize eden yap\u0131land\u0131r\u0131lm\u0131\u015f bir planlama \u00e7er\u00e7evesi elde edin; bu sayede gezginler kat\u0131 programlara, rezervasyon detaylar\u0131na veya a\u015f\u0131r\u0131 optimizasyona gerek kalmadan mekanlar aras\u0131nda g\u00fcvenle hareket edebilirler.<\/p>","protected":false},"featured_media":27286,"comment_status":"open","ping_status":"closed","template":"","meta":[],"product_brand":[],"product_cat":[4114],"product_tag":[],"class_list":{"0":"post-27287","1":"product","2":"type-product","3":"status-publish","4":"has-post-thumbnail","6":"product_cat-meditation-travel","8":"first","9":"instock","10":"downloadable","11":"virtual","12":"product-type-simple"},"bundled_by":[],"bundle_stock_status":"instock","bundle_stock_quantity":null,"bundle_virtual":false,"bundle_layout":"","bundle_add_to_cart_form_location":"","bundle_editable_in_cart":false,"bundle_sold_individually_context":"","bundle_item_grouping":"","bundle_min_size":"","bundle_max_size":"","bundle_price":[],"bundled_items":[],"bundle_sell_ids":[],"_links":{"self":[{"href":"https:\/\/logic-vault.com\/tr\/wp-json\/wp\/v2\/product\/27287","targetHints":{"allow":["GET"]}}],"collection":[{"href":"https:\/\/logic-vault.com\/tr\/wp-json\/wp\/v2\/product"}],"about":[{"href":"https:\/\/logic-vault.com\/tr\/wp-json\/wp\/v2\/types\/product"}],"replies":[{"embeddable":true,"href":"https:\/\/logic-vault.com\/tr\/wp-json\/wp\/v2\/comments?post=27287"}],"wp:featuredmedia":[{"embeddable":true,"href":"https:\/\/logic-vault.com\/tr\/wp-json\/wp\/v2\/media\/27286"}],"wp:attachment":[{"href":"https:\/\/logic-vault.com\/tr\/wp-json\/wp\/v2\/media?parent=27287"}],"wp:term":[{"taxonomy":"product_brand","embeddable":true,"href":"https:\/\/logic-vault.com\/tr\/wp-json\/wp\/v2\/product_brand?post=27287"},{"taxonomy":"product_cat","embeddable":true,"href":"https:\/\/logic-vault.com\/tr\/wp-json\/wp\/v2\/product_cat?post=27287"},{"taxonomy":"product_tag","embeddable":true,"href":"https:\/\/logic-vault.com\/tr\/wp-json\/wp\/v2\/product_tag?post=27287"}],"curies":[{"name":"wp","href":"https:\/\/api.w.org\/{rel}","templated":true}]}}