{"id":27283,"date":"2026-02-17T23:48:06","date_gmt":"2026-02-17T23:48:06","guid":{"rendered":"https:\/\/logic-vault.com\/product\/travel-itinerary-builder\/"},"modified":"2026-02-19T14:19:52","modified_gmt":"2026-02-19T14:19:52","slug":"travel-itinerary-builder","status":"publish","type":"product","link":"https:\/\/logic-vault.com\/tr\/urun\/travel-itinerary-builder\/","title":{"rendered":"Seyahat G\u00fczergah\u0131 Olu\u015fturucu"},"content":{"rendered":"<p>Yerel halk\u0131n onaylad\u0131\u011f\u0131, belirli restoranlar\u0131, gizli kalm\u0131\u015f yerleri ve neleri atlaman\u0131z gerekti\u011fini i\u00e7eren bir gezi program\u0131 edinin. Turist tuzaklar\u0131ndan uzak durun.<\/p>","protected":false},"excerpt":{"rendered":"<p>Yerel halk\u0131n onaylad\u0131\u011f\u0131, belirli restoranlar\u0131, gizli kalm\u0131\u015f yerleri ve neleri atlaman\u0131z gerekti\u011fini i\u00e7eren bir gezi program\u0131 edinin. Turist tuzaklar\u0131ndan uzak durun.<\/p>","protected":false},"featured_media":27282,"comment_status":"open","ping_status":"closed","template":"","meta":[],"product_brand":[],"product_cat":[4114],"product_tag":[],"class_list":{"0":"post-27283","1":"product","2":"type-product","3":"status-publish","4":"has-post-thumbnail","6":"product_cat-meditation-travel","8":"first","9":"instock","10":"downloadable","11":"virtual","12":"product-type-simple"},"bundled_by":[],"bundle_stock_status":"instock","bundle_stock_quantity":null,"bundle_virtual":false,"bundle_layout":"","bundle_add_to_cart_form_location":"","bundle_editable_in_cart":false,"bundle_sold_individually_context":"","bundle_item_grouping":"","bundle_min_size":"","bundle_max_size":"","bundle_price":[],"bundled_items":[],"bundle_sell_ids":[],"_links":{"self":[{"href":"https:\/\/logic-vault.com\/tr\/wp-json\/wp\/v2\/product\/27283","targetHints":{"allow":["GET"]}}],"collection":[{"href":"https:\/\/logic-vault.com\/tr\/wp-json\/wp\/v2\/product"}],"about":[{"href":"https:\/\/logic-vault.com\/tr\/wp-json\/wp\/v2\/types\/product"}],"replies":[{"embeddable":true,"href":"https:\/\/logic-vault.com\/tr\/wp-json\/wp\/v2\/comments?post=27283"}],"wp:featuredmedia":[{"embeddable":true,"href":"https:\/\/logic-vault.com\/tr\/wp-json\/wp\/v2\/media\/27282"}],"wp:attachment":[{"href":"https:\/\/logic-vault.com\/tr\/wp-json\/wp\/v2\/media?parent=27283"}],"wp:term":[{"taxonomy":"product_brand","embeddable":true,"href":"https:\/\/logic-vault.com\/tr\/wp-json\/wp\/v2\/product_brand?post=27283"},{"taxonomy":"product_cat","embeddable":true,"href":"https:\/\/logic-vault.com\/tr\/wp-json\/wp\/v2\/product_cat?post=27283"},{"taxonomy":"product_tag","embeddable":true,"href":"https:\/\/logic-vault.com\/tr\/wp-json\/wp\/v2\/product_tag?post=27283"}],"curies":[{"name":"wp","href":"https:\/\/api.w.org\/{rel}","templated":true}]}}