{"id":27279,"date":"2026-02-17T23:48:01","date_gmt":"2026-02-17T23:48:01","guid":{"rendered":"https:\/\/logic-vault.com\/product\/tailored-travel-planner-pro\/"},"modified":"2026-02-17T23:48:01","modified_gmt":"2026-02-17T23:48:01","slug":"tailored-travel-planner-pro","status":"publish","type":"product","link":"https:\/\/logic-vault.com\/tr\/urun\/tailored-travel-planner-pro\/","title":{"rendered":"Ki\u015fiye \u00d6zel Seyahat Planlay\u0131c\u0131 Pro"},"content":{"rendered":"<p>Grok ile ki\u015fiselle\u015ftirilmi\u015f, esnek bir seyahat plan\u0131 olu\u015fturun. Tercihlerinizi ve k\u0131s\u0131tlamalar\u0131n\u0131z\u0131 belirterek, yap\u0131 ve \u00f6zg\u00fcrl\u00fc\u011f\u00fc dengeleyen, tempo, \u00f6ncelikler ve deneyim tasar\u0131m\u0131n\u0131 kapsayan, ancak sizi kat\u0131 programlara, belirli tedarik\u00e7ilere veya a\u015f\u0131r\u0131 detayl\u0131 lojisti\u011fe ba\u011flamayan, \u00f6zenle haz\u0131rlanm\u0131\u015f bir seyahat program\u0131 al\u0131n.<\/p>","protected":false},"excerpt":{"rendered":"<p>Grok ile ki\u015fiselle\u015ftirilmi\u015f, esnek bir seyahat plan\u0131 olu\u015fturun. Tercihlerinizi ve k\u0131s\u0131tlamalar\u0131n\u0131z\u0131 belirterek, yap\u0131 ve \u00f6zg\u00fcrl\u00fc\u011f\u00fc dengeleyen, tempo, \u00f6ncelikler ve deneyim tasar\u0131m\u0131n\u0131 kapsayan, ancak sizi kat\u0131 programlara, belirli tedarik\u00e7ilere veya a\u015f\u0131r\u0131 detayl\u0131 lojisti\u011fe ba\u011flamayan, \u00f6zenle haz\u0131rlanm\u0131\u015f bir seyahat program\u0131 al\u0131n.<\/p>","protected":false},"featured_media":27278,"comment_status":"open","ping_status":"closed","template":"","meta":[],"product_brand":[],"product_cat":[4114],"product_tag":[],"class_list":{"0":"post-27279","1":"product","2":"type-product","3":"status-publish","4":"has-post-thumbnail","6":"product_cat-meditation-travel","8":"first","9":"instock","10":"downloadable","11":"virtual","12":"product-type-simple"},"bundled_by":[],"bundle_stock_status":"instock","bundle_stock_quantity":null,"bundle_virtual":false,"bundle_layout":"","bundle_add_to_cart_form_location":"","bundle_editable_in_cart":false,"bundle_sold_individually_context":"","bundle_item_grouping":"","bundle_min_size":"","bundle_max_size":"","bundle_price":[],"bundled_items":[],"bundle_sell_ids":[],"_links":{"self":[{"href":"https:\/\/logic-vault.com\/tr\/wp-json\/wp\/v2\/product\/27279","targetHints":{"allow":["GET"]}}],"collection":[{"href":"https:\/\/logic-vault.com\/tr\/wp-json\/wp\/v2\/product"}],"about":[{"href":"https:\/\/logic-vault.com\/tr\/wp-json\/wp\/v2\/types\/product"}],"replies":[{"embeddable":true,"href":"https:\/\/logic-vault.com\/tr\/wp-json\/wp\/v2\/comments?post=27279"}],"wp:featuredmedia":[{"embeddable":true,"href":"https:\/\/logic-vault.com\/tr\/wp-json\/wp\/v2\/media\/27278"}],"wp:attachment":[{"href":"https:\/\/logic-vault.com\/tr\/wp-json\/wp\/v2\/media?parent=27279"}],"wp:term":[{"taxonomy":"product_brand","embeddable":true,"href":"https:\/\/logic-vault.com\/tr\/wp-json\/wp\/v2\/product_brand?post=27279"},{"taxonomy":"product_cat","embeddable":true,"href":"https:\/\/logic-vault.com\/tr\/wp-json\/wp\/v2\/product_cat?post=27279"},{"taxonomy":"product_tag","embeddable":true,"href":"https:\/\/logic-vault.com\/tr\/wp-json\/wp\/v2\/product_tag?post=27279"}],"curies":[{"name":"wp","href":"https:\/\/api.w.org\/{rel}","templated":true}]}}