{"id":27277,"date":"2026-02-17T23:48:00","date_gmt":"2026-02-17T23:48:00","guid":{"rendered":"https:\/\/logic-vault.com\/product\/travel-stress-reduction-framework-pro\/"},"modified":"2026-02-17T23:48:00","modified_gmt":"2026-02-17T23:48:00","slug":"travel-stress-reduction-framework-pro","status":"publish","type":"product","link":"https:\/\/logic-vault.com\/tr\/urun\/travel-stress-reduction-framework-pro\/","title":{"rendered":"Seyahat Stresini Azaltma \u00c7er\u00e7evesi Pro"},"content":{"rendered":"<p>Gemini ile sakin ve pratik bir \u00e7er\u00e7eve kullanarak seyahat stresinizi azalt\u0131n. Stres tetikleyicilerini belirlemenize, basit ba\u015fa \u00e7\u0131kma stratejileri uygulaman\u0131za ve t\u0131bbi tavsiye, kat\u0131 rutinler veya ger\u00e7ek\u00e7i olmayan beklentiler olmadan daha sorunsuz bir seyahat deneyimi tasarlaman\u0131za yard\u0131mc\u0131 olan yap\u0131land\u0131r\u0131lm\u0131\u015f bir yakla\u015f\u0131m almak i\u00e7in \u00fcst d\u00fczey seyahat ba\u011flam\u0131n\u0131z\u0131 girin.<\/p>","protected":false},"excerpt":{"rendered":"<p>Gemini ile sakin ve pratik bir \u00e7er\u00e7eve kullanarak seyahat stresinizi azalt\u0131n. Stres tetikleyicilerini belirlemenize, basit ba\u015fa \u00e7\u0131kma stratejileri uygulaman\u0131za ve t\u0131bbi tavsiye, kat\u0131 rutinler veya ger\u00e7ek\u00e7i olmayan beklentiler olmadan daha sorunsuz bir seyahat deneyimi tasarlaman\u0131za yard\u0131mc\u0131 olan yap\u0131land\u0131r\u0131lm\u0131\u015f bir yakla\u015f\u0131m almak i\u00e7in \u00fcst d\u00fczey seyahat ba\u011flam\u0131n\u0131z\u0131 girin.<\/p>","protected":false},"featured_media":27276,"comment_status":"open","ping_status":"closed","template":"","meta":[],"product_brand":[],"product_cat":[4114],"product_tag":[],"class_list":{"0":"post-27277","1":"product","2":"type-product","3":"status-publish","4":"has-post-thumbnail","6":"product_cat-meditation-travel","8":"first","9":"instock","10":"downloadable","11":"virtual","12":"product-type-simple"},"bundled_by":[],"bundle_stock_status":"instock","bundle_stock_quantity":null,"bundle_virtual":false,"bundle_layout":"","bundle_add_to_cart_form_location":"","bundle_editable_in_cart":false,"bundle_sold_individually_context":"","bundle_item_grouping":"","bundle_min_size":"","bundle_max_size":"","bundle_price":[],"bundled_items":[],"bundle_sell_ids":[],"_links":{"self":[{"href":"https:\/\/logic-vault.com\/tr\/wp-json\/wp\/v2\/product\/27277","targetHints":{"allow":["GET"]}}],"collection":[{"href":"https:\/\/logic-vault.com\/tr\/wp-json\/wp\/v2\/product"}],"about":[{"href":"https:\/\/logic-vault.com\/tr\/wp-json\/wp\/v2\/types\/product"}],"replies":[{"embeddable":true,"href":"https:\/\/logic-vault.com\/tr\/wp-json\/wp\/v2\/comments?post=27277"}],"wp:featuredmedia":[{"embeddable":true,"href":"https:\/\/logic-vault.com\/tr\/wp-json\/wp\/v2\/media\/27276"}],"wp:attachment":[{"href":"https:\/\/logic-vault.com\/tr\/wp-json\/wp\/v2\/media?parent=27277"}],"wp:term":[{"taxonomy":"product_brand","embeddable":true,"href":"https:\/\/logic-vault.com\/tr\/wp-json\/wp\/v2\/product_brand?post=27277"},{"taxonomy":"product_cat","embeddable":true,"href":"https:\/\/logic-vault.com\/tr\/wp-json\/wp\/v2\/product_cat?post=27277"},{"taxonomy":"product_tag","embeddable":true,"href":"https:\/\/logic-vault.com\/tr\/wp-json\/wp\/v2\/product_tag?post=27277"}],"curies":[{"name":"wp","href":"https:\/\/api.w.org\/{rel}","templated":true}]}}