{"id":27273,"date":"2026-02-17T23:47:59","date_gmt":"2026-02-17T23:47:59","guid":{"rendered":"https:\/\/logic-vault.com\/product\/travel-confidence-builder-pro\/"},"modified":"2026-02-17T23:47:59","modified_gmt":"2026-02-17T23:47:59","slug":"travel-confidence-builder-pro","status":"publish","type":"product","link":"https:\/\/logic-vault.com\/tr\/urun\/travel-confidence-builder-pro\/","title":{"rendered":"Seyahat G\u00fcvenini Art\u0131r\u0131c\u0131 Pro"},"content":{"rendered":"<p>Grok ile sakin ve pratik bir seyahat \u00f6zg\u00fcveni geli\u015ftirin. Seyahat ba\u011flam\u0131yla ilgili \u00fcst d\u00fczey bilgileri girerek, karar verme \u00f6zg\u00fcvenini, haz\u0131rl\u0131\u011f\u0131 ve uyum yetene\u011fini g\u00fc\u00e7lendiren yap\u0131land\u0131r\u0131lm\u0131\u015f bir ara\u00e7 seti edinin; bu sayede gezginler korkuya dayal\u0131 y\u00f6nlendirme veya kat\u0131 kurallar olmadan kendilerini yetenekli ve haz\u0131rl\u0131kl\u0131 hissedebilirler.<\/p>","protected":false},"excerpt":{"rendered":"<p>Grok ile sakin ve pratik bir seyahat \u00f6zg\u00fcveni geli\u015ftirin. Seyahat ba\u011flam\u0131yla ilgili \u00fcst d\u00fczey bilgileri girerek, karar verme \u00f6zg\u00fcvenini, haz\u0131rl\u0131\u011f\u0131 ve uyum yetene\u011fini g\u00fc\u00e7lendiren yap\u0131land\u0131r\u0131lm\u0131\u015f bir ara\u00e7 seti edinin; bu sayede gezginler korkuya dayal\u0131 y\u00f6nlendirme veya kat\u0131 kurallar olmadan kendilerini yetenekli ve haz\u0131rl\u0131kl\u0131 hissedebilirler.<\/p>","protected":false},"featured_media":27272,"comment_status":"open","ping_status":"closed","template":"","meta":[],"product_brand":[],"product_cat":[4114],"product_tag":[],"class_list":{"0":"post-27273","1":"product","2":"type-product","3":"status-publish","4":"has-post-thumbnail","6":"product_cat-meditation-travel","8":"first","9":"instock","10":"downloadable","11":"virtual","12":"product-type-simple"},"bundled_by":[],"bundle_stock_status":"instock","bundle_stock_quantity":null,"bundle_virtual":false,"bundle_layout":"","bundle_add_to_cart_form_location":"","bundle_editable_in_cart":false,"bundle_sold_individually_context":"","bundle_item_grouping":"","bundle_min_size":"","bundle_max_size":"","bundle_price":[],"bundled_items":[],"bundle_sell_ids":[],"_links":{"self":[{"href":"https:\/\/logic-vault.com\/tr\/wp-json\/wp\/v2\/product\/27273","targetHints":{"allow":["GET"]}}],"collection":[{"href":"https:\/\/logic-vault.com\/tr\/wp-json\/wp\/v2\/product"}],"about":[{"href":"https:\/\/logic-vault.com\/tr\/wp-json\/wp\/v2\/types\/product"}],"replies":[{"embeddable":true,"href":"https:\/\/logic-vault.com\/tr\/wp-json\/wp\/v2\/comments?post=27273"}],"wp:featuredmedia":[{"embeddable":true,"href":"https:\/\/logic-vault.com\/tr\/wp-json\/wp\/v2\/media\/27272"}],"wp:attachment":[{"href":"https:\/\/logic-vault.com\/tr\/wp-json\/wp\/v2\/media?parent=27273"}],"wp:term":[{"taxonomy":"product_brand","embeddable":true,"href":"https:\/\/logic-vault.com\/tr\/wp-json\/wp\/v2\/product_brand?post=27273"},{"taxonomy":"product_cat","embeddable":true,"href":"https:\/\/logic-vault.com\/tr\/wp-json\/wp\/v2\/product_cat?post=27273"},{"taxonomy":"product_tag","embeddable":true,"href":"https:\/\/logic-vault.com\/tr\/wp-json\/wp\/v2\/product_tag?post=27273"}],"curies":[{"name":"wp","href":"https:\/\/api.w.org\/{rel}","templated":true}]}}