{"id":27258,"date":"2026-02-17T23:47:56","date_gmt":"2026-02-17T23:47:56","guid":{"rendered":"https:\/\/logic-vault.com\/product\/rare-country-finder\/"},"modified":"2026-02-17T23:47:57","modified_gmt":"2026-02-17T23:47:57","slug":"rare-country-finder","status":"publish","type":"product","link":"https:\/\/logic-vault.com\/tr\/urun\/rare-country-finder\/","title":{"rendered":"Nadir \u00dclke Bulucu"},"content":{"rendered":"<p>Bu Nadir \u00dclke Bulucu, kullan\u0131c\u0131n\u0131n benzersiz tercihlerine g\u00f6re uyarlanm\u0131\u015f, y\u00fcksek kaliteli, yarat\u0131c\u0131 ve nadir \u00fclke niteli\u011findeki \u00fclkeleri ke\u015ffetmek i\u00e7in tasarlanm\u0131\u015ft\u0131r. Co\u011frafi b\u00f6lgeler, benzersiz \u00f6zellikler ve potansiyel ilgi alanlar\u0131 gibi fakt\u00f6rleri dikkate alarak, bulucu ayr\u0131nt\u0131l\u0131 \u00fclke se\u00e7enekleri sunar. Bu nadir \u00fclkelerin kullan\u0131c\u0131n\u0131n tercihleriyle uyumlu olmas\u0131n\u0131 sa\u011flarken, k\u00fclt\u00fcrel, \u00e7evresel, seyahat \u00f6nemi ve daha bir\u00e7ok konuda bilgi sunar! #PureAI<\/p>","protected":false},"excerpt":{"rendered":"<p>This Rare Country Finder is designed to discover high-quality, creative, and rare-country-worthy nations tailored to the user\u2019s unique preferences. By considering factors such as geographic regions, unique characteristics, and potential interests, the finder finds detailed country options. It ensures that these rare countries align with the user\u2019s preferences while offering insights into their cultural, environmental, [&hellip;]<\/p>\n","protected":false},"featured_media":27257,"comment_status":"open","ping_status":"closed","template":"","meta":[],"product_brand":[],"product_cat":[4114],"product_tag":[],"class_list":{"0":"post-27258","1":"product","2":"type-product","3":"status-publish","4":"has-post-thumbnail","6":"product_cat-meditation-travel","8":"first","9":"instock","10":"downloadable","11":"virtual","12":"product-type-simple"},"bundled_by":[],"bundle_stock_status":"instock","bundle_stock_quantity":null,"bundle_virtual":false,"bundle_layout":"","bundle_add_to_cart_form_location":"","bundle_editable_in_cart":false,"bundle_sold_individually_context":"","bundle_item_grouping":"","bundle_min_size":"","bundle_max_size":"","bundle_price":[],"bundled_items":[],"bundle_sell_ids":[],"_links":{"self":[{"href":"https:\/\/logic-vault.com\/tr\/wp-json\/wp\/v2\/product\/27258","targetHints":{"allow":["GET"]}}],"collection":[{"href":"https:\/\/logic-vault.com\/tr\/wp-json\/wp\/v2\/product"}],"about":[{"href":"https:\/\/logic-vault.com\/tr\/wp-json\/wp\/v2\/types\/product"}],"replies":[{"embeddable":true,"href":"https:\/\/logic-vault.com\/tr\/wp-json\/wp\/v2\/comments?post=27258"}],"wp:featuredmedia":[{"embeddable":true,"href":"https:\/\/logic-vault.com\/tr\/wp-json\/wp\/v2\/media\/27257"}],"wp:attachment":[{"href":"https:\/\/logic-vault.com\/tr\/wp-json\/wp\/v2\/media?parent=27258"}],"wp:term":[{"taxonomy":"product_brand","embeddable":true,"href":"https:\/\/logic-vault.com\/tr\/wp-json\/wp\/v2\/product_brand?post=27258"},{"taxonomy":"product_cat","embeddable":true,"href":"https:\/\/logic-vault.com\/tr\/wp-json\/wp\/v2\/product_cat?post=27258"},{"taxonomy":"product_tag","embeddable":true,"href":"https:\/\/logic-vault.com\/tr\/wp-json\/wp\/v2\/product_tag?post=27258"}],"curies":[{"name":"wp","href":"https:\/\/api.w.org\/{rel}","templated":true}]}}