{"id":27252,"date":"2026-02-17T23:47:55","date_gmt":"2026-02-17T23:47:55","guid":{"rendered":"https:\/\/logic-vault.com\/product\/travel-risk-intel-generator\/"},"modified":"2026-02-17T23:47:55","modified_gmt":"2026-02-17T23:47:55","slug":"travel-risk-intel-generator","status":"publish","type":"product","link":"https:\/\/logic-vault.com\/tr\/urun\/travel-risk-intel-generator\/","title":{"rendered":"Seyahat Riski Bilgi \u00dcreticisi"},"content":{"rendered":"<p>Herhangi bir \u00fclke veya b\u00f6lge i\u00e7in yap\u0131land\u0131r\u0131lm\u0131\u015f, uzman d\u00fczeyinde bir seyahat risk raporu olu\u015fturun. Genel risk d\u00fczeyi, siyasi istikrar, su\u00e7, sa\u011fl\u0131k, ula\u015f\u0131m, afetler, siber g\u00fcvenlik, k\u00fclt\u00fcrel hassasiyetler ve g\u00fcvenlik ipu\u00e7lar\u0131n\u0131n yan\u0131 s\u0131ra son olaylar\u0131 da i\u00e7erir. Seyahat edenler, kurulu\u015flar ve i\u015fletmeler i\u00e7in m\u00fckemmeldir. Ger\u00e7ek d\u00fcnya istihbarat platformlar\u0131ndan esinlenerek tasarlanm\u0131\u015f, a\u00e7\u0131k, pratik ve g\u00fcncel bir rapordur.<\/p>","protected":false},"excerpt":{"rendered":"<p>Herhangi bir \u00fclke veya b\u00f6lge i\u00e7in yap\u0131land\u0131r\u0131lm\u0131\u015f, uzman d\u00fczeyinde bir seyahat risk raporu olu\u015fturun. Genel risk d\u00fczeyi, siyasi istikrar, su\u00e7, sa\u011fl\u0131k, ula\u015f\u0131m, afetler, siber g\u00fcvenlik, k\u00fclt\u00fcrel hassasiyetler ve g\u00fcvenlik ipu\u00e7lar\u0131n\u0131n yan\u0131 s\u0131ra son olaylar\u0131 da i\u00e7erir. Seyahat edenler, kurulu\u015flar ve i\u015fletmeler i\u00e7in m\u00fckemmeldir. Ger\u00e7ek d\u00fcnya istihbarat platformlar\u0131ndan esinlenerek tasarlanm\u0131\u015f, a\u00e7\u0131k, pratik ve g\u00fcncel bir rapordur.<\/p>","protected":false},"featured_media":27251,"comment_status":"open","ping_status":"closed","template":"","meta":[],"product_brand":[],"product_cat":[4114],"product_tag":[],"class_list":{"0":"post-27252","1":"product","2":"type-product","3":"status-publish","4":"has-post-thumbnail","6":"product_cat-meditation-travel","8":"first","9":"instock","10":"downloadable","11":"virtual","12":"product-type-simple"},"bundled_by":[],"bundle_stock_status":"instock","bundle_stock_quantity":null,"bundle_virtual":false,"bundle_layout":"","bundle_add_to_cart_form_location":"","bundle_editable_in_cart":false,"bundle_sold_individually_context":"","bundle_item_grouping":"","bundle_min_size":"","bundle_max_size":"","bundle_price":[],"bundled_items":[],"bundle_sell_ids":[],"_links":{"self":[{"href":"https:\/\/logic-vault.com\/tr\/wp-json\/wp\/v2\/product\/27252","targetHints":{"allow":["GET"]}}],"collection":[{"href":"https:\/\/logic-vault.com\/tr\/wp-json\/wp\/v2\/product"}],"about":[{"href":"https:\/\/logic-vault.com\/tr\/wp-json\/wp\/v2\/types\/product"}],"replies":[{"embeddable":true,"href":"https:\/\/logic-vault.com\/tr\/wp-json\/wp\/v2\/comments?post=27252"}],"wp:featuredmedia":[{"embeddable":true,"href":"https:\/\/logic-vault.com\/tr\/wp-json\/wp\/v2\/media\/27251"}],"wp:attachment":[{"href":"https:\/\/logic-vault.com\/tr\/wp-json\/wp\/v2\/media?parent=27252"}],"wp:term":[{"taxonomy":"product_brand","embeddable":true,"href":"https:\/\/logic-vault.com\/tr\/wp-json\/wp\/v2\/product_brand?post=27252"},{"taxonomy":"product_cat","embeddable":true,"href":"https:\/\/logic-vault.com\/tr\/wp-json\/wp\/v2\/product_cat?post=27252"},{"taxonomy":"product_tag","embeddable":true,"href":"https:\/\/logic-vault.com\/tr\/wp-json\/wp\/v2\/product_tag?post=27252"}],"curies":[{"name":"wp","href":"https:\/\/api.w.org\/{rel}","templated":true}]}}