{"id":27250,"date":"2026-02-17T23:47:55","date_gmt":"2026-02-17T23:47:55","guid":{"rendered":"https:\/\/logic-vault.com\/product\/personalized-travel-itinerary-planner\/"},"modified":"2026-02-17T23:47:55","modified_gmt":"2026-02-17T23:47:55","slug":"personalized-travel-itinerary-planner","status":"publish","type":"product","link":"https:\/\/logic-vault.com\/tr\/urun\/personalized-travel-itinerary-planner\/","title":{"rendered":"Ki\u015fiselle\u015ftirilmi\u015f Seyahat G\u00fczergah Planlay\u0131c\u0131s\u0131"},"content":{"rendered":"<p>\u0130ster b\u00fct\u00e7e dostu, ister aile odakl\u0131, ister macera dolu, ister l\u00fcks olsun, gezginlerin ki\u015fiselle\u015ftirilmi\u015f tatillerini planlamalar\u0131na yard\u0131mc\u0131 olur ve onlara \u00f6zel \u00f6neriler sunar.<\/p>","protected":false},"excerpt":{"rendered":"<p>\u0130ster b\u00fct\u00e7e dostu, ister aile odakl\u0131, ister macera dolu, ister l\u00fcks olsun, gezginlerin ki\u015fiselle\u015ftirilmi\u015f tatillerini planlamalar\u0131na yard\u0131mc\u0131 olur ve onlara \u00f6zel \u00f6neriler sunar.<\/p>","protected":false},"featured_media":27249,"comment_status":"open","ping_status":"closed","template":"","meta":[],"product_brand":[],"product_cat":[4114],"product_tag":[],"class_list":{"0":"post-27250","1":"product","2":"type-product","3":"status-publish","4":"has-post-thumbnail","6":"product_cat-meditation-travel","8":"first","9":"instock","10":"downloadable","11":"virtual","12":"product-type-simple"},"bundled_by":[],"bundle_stock_status":"instock","bundle_stock_quantity":null,"bundle_virtual":false,"bundle_layout":"","bundle_add_to_cart_form_location":"","bundle_editable_in_cart":false,"bundle_sold_individually_context":"","bundle_item_grouping":"","bundle_min_size":"","bundle_max_size":"","bundle_price":[],"bundled_items":[],"bundle_sell_ids":[],"_links":{"self":[{"href":"https:\/\/logic-vault.com\/tr\/wp-json\/wp\/v2\/product\/27250","targetHints":{"allow":["GET"]}}],"collection":[{"href":"https:\/\/logic-vault.com\/tr\/wp-json\/wp\/v2\/product"}],"about":[{"href":"https:\/\/logic-vault.com\/tr\/wp-json\/wp\/v2\/types\/product"}],"replies":[{"embeddable":true,"href":"https:\/\/logic-vault.com\/tr\/wp-json\/wp\/v2\/comments?post=27250"}],"wp:featuredmedia":[{"embeddable":true,"href":"https:\/\/logic-vault.com\/tr\/wp-json\/wp\/v2\/media\/27249"}],"wp:attachment":[{"href":"https:\/\/logic-vault.com\/tr\/wp-json\/wp\/v2\/media?parent=27250"}],"wp:term":[{"taxonomy":"product_brand","embeddable":true,"href":"https:\/\/logic-vault.com\/tr\/wp-json\/wp\/v2\/product_brand?post=27250"},{"taxonomy":"product_cat","embeddable":true,"href":"https:\/\/logic-vault.com\/tr\/wp-json\/wp\/v2\/product_cat?post=27250"},{"taxonomy":"product_tag","embeddable":true,"href":"https:\/\/logic-vault.com\/tr\/wp-json\/wp\/v2\/product_tag?post=27250"}],"curies":[{"name":"wp","href":"https:\/\/api.w.org\/{rel}","templated":true}]}}