{"id":27248,"date":"2026-02-17T23:47:54","date_gmt":"2026-02-17T23:47:54","guid":{"rendered":"https:\/\/logic-vault.com\/product\/car-model-comparator\/"},"modified":"2026-02-17T23:47:54","modified_gmt":"2026-02-17T23:47:54","slug":"car-model-comparator","status":"publish","type":"product","link":"https:\/\/logic-vault.com\/tr\/urun\/car-model-comparator\/","title":{"rendered":"Araba Modeli Kar\u015f\u0131la\u015ft\u0131r\u0131c\u0131s\u0131"},"content":{"rendered":"<p>Bu komut sayesinde farkl\u0131 otomobil modellerini kar\u015f\u0131la\u015ft\u0131rarak bir otomobilin di\u011ferine g\u00f6re avantajlar\u0131n\u0131 g\u00f6rebilirsiniz.<br \/>\nOtomobil uzmanlar\u0131, teknisyenler, otomobil merakl\u0131lar\u0131 ve hangi arabay\u0131 sat\u0131n alaca\u011f\u0131na karar vermek zorunda olanlar i\u00e7in faydal\u0131.<\/p>","protected":false},"excerpt":{"rendered":"<p>With this prompt you can compare different car models to see the strengths of one car over another. Useful for car experts, technicians, car enthusiasts and those who have to decide which car to buy.<\/p>","protected":false},"featured_media":27247,"comment_status":"open","ping_status":"closed","template":"","meta":[],"product_brand":[],"product_cat":[4114],"product_tag":[],"class_list":{"0":"post-27248","1":"product","2":"type-product","3":"status-publish","4":"has-post-thumbnail","6":"product_cat-meditation-travel","8":"first","9":"instock","10":"downloadable","11":"virtual","12":"product-type-simple"},"bundled_by":[],"bundle_stock_status":"instock","bundle_stock_quantity":null,"bundle_virtual":false,"bundle_layout":"","bundle_add_to_cart_form_location":"","bundle_editable_in_cart":false,"bundle_sold_individually_context":"","bundle_item_grouping":"","bundle_min_size":"","bundle_max_size":"","bundle_price":[],"bundled_items":[],"bundle_sell_ids":[],"_links":{"self":[{"href":"https:\/\/logic-vault.com\/tr\/wp-json\/wp\/v2\/product\/27248","targetHints":{"allow":["GET"]}}],"collection":[{"href":"https:\/\/logic-vault.com\/tr\/wp-json\/wp\/v2\/product"}],"about":[{"href":"https:\/\/logic-vault.com\/tr\/wp-json\/wp\/v2\/types\/product"}],"replies":[{"embeddable":true,"href":"https:\/\/logic-vault.com\/tr\/wp-json\/wp\/v2\/comments?post=27248"}],"wp:featuredmedia":[{"embeddable":true,"href":"https:\/\/logic-vault.com\/tr\/wp-json\/wp\/v2\/media\/27247"}],"wp:attachment":[{"href":"https:\/\/logic-vault.com\/tr\/wp-json\/wp\/v2\/media?parent=27248"}],"wp:term":[{"taxonomy":"product_brand","embeddable":true,"href":"https:\/\/logic-vault.com\/tr\/wp-json\/wp\/v2\/product_brand?post=27248"},{"taxonomy":"product_cat","embeddable":true,"href":"https:\/\/logic-vault.com\/tr\/wp-json\/wp\/v2\/product_cat?post=27248"},{"taxonomy":"product_tag","embeddable":true,"href":"https:\/\/logic-vault.com\/tr\/wp-json\/wp\/v2\/product_tag?post=27248"}],"curies":[{"name":"wp","href":"https:\/\/api.w.org\/{rel}","templated":true}]}}