{"id":27242,"date":"2026-02-17T23:47:52","date_gmt":"2026-02-17T23:47:52","guid":{"rendered":"https:\/\/logic-vault.com\/product\/travel-esim-finder\/"},"modified":"2026-02-17T23:47:52","modified_gmt":"2026-02-17T23:47:52","slug":"travel-esim-finder","status":"publish","type":"product","link":"https:\/\/logic-vault.com\/tr\/urun\/travel-esim-finder\/","title":{"rendered":"Seyahat Esim Bulucu"},"content":{"rendered":"<p>Bir sonraki maceran\u0131z i\u00e7in m\u00fckemmel Seyahat eSIM&#039;ini ke\u015ffedin! Seyahat eSIM Bulucu ile, ak\u0131ll\u0131 telefon modelinize ve seyahat hedefinize uygun uyumlu eSIM paketlerini h\u0131zl\u0131 ve kolay bir \u015fekilde bulabilirsiniz. G\u00fcvenilir se\u00e7eneklerden olu\u015fan \u00f6zenle se\u00e7ilmi\u015f bir liste almak i\u00e7in eSIM paket tercihlerinizi belirtmeniz yeterlidir. Sorunsuz seyahat ba\u011flant\u0131 yolculu\u011funuza bug\u00fcn ba\u015flay\u0131n!<\/p>","protected":false},"excerpt":{"rendered":"<p>Bir sonraki maceran\u0131z i\u00e7in m\u00fckemmel Seyahat eSIM&#039;ini ke\u015ffedin! Seyahat eSIM Bulucu ile, ak\u0131ll\u0131 telefon modelinize ve seyahat hedefinize uygun uyumlu eSIM paketlerini h\u0131zl\u0131 ve kolay bir \u015fekilde bulabilirsiniz. G\u00fcvenilir se\u00e7eneklerden olu\u015fan \u00f6zenle se\u00e7ilmi\u015f bir liste almak i\u00e7in eSIM paket tercihlerinizi belirtmeniz yeterlidir. Sorunsuz seyahat ba\u011flant\u0131 yolculu\u011funuza bug\u00fcn ba\u015flay\u0131n!<\/p>","protected":false},"featured_media":27241,"comment_status":"open","ping_status":"closed","template":"","meta":[],"product_brand":[],"product_cat":[4114],"product_tag":[],"class_list":{"0":"post-27242","1":"product","2":"type-product","3":"status-publish","4":"has-post-thumbnail","6":"product_cat-meditation-travel","8":"first","9":"instock","10":"downloadable","11":"virtual","12":"product-type-simple"},"bundled_by":[],"bundle_stock_status":"instock","bundle_stock_quantity":null,"bundle_virtual":false,"bundle_layout":"","bundle_add_to_cart_form_location":"","bundle_editable_in_cart":false,"bundle_sold_individually_context":"","bundle_item_grouping":"","bundle_min_size":"","bundle_max_size":"","bundle_price":[],"bundled_items":[],"bundle_sell_ids":[],"_links":{"self":[{"href":"https:\/\/logic-vault.com\/tr\/wp-json\/wp\/v2\/product\/27242","targetHints":{"allow":["GET"]}}],"collection":[{"href":"https:\/\/logic-vault.com\/tr\/wp-json\/wp\/v2\/product"}],"about":[{"href":"https:\/\/logic-vault.com\/tr\/wp-json\/wp\/v2\/types\/product"}],"replies":[{"embeddable":true,"href":"https:\/\/logic-vault.com\/tr\/wp-json\/wp\/v2\/comments?post=27242"}],"wp:featuredmedia":[{"embeddable":true,"href":"https:\/\/logic-vault.com\/tr\/wp-json\/wp\/v2\/media\/27241"}],"wp:attachment":[{"href":"https:\/\/logic-vault.com\/tr\/wp-json\/wp\/v2\/media?parent=27242"}],"wp:term":[{"taxonomy":"product_brand","embeddable":true,"href":"https:\/\/logic-vault.com\/tr\/wp-json\/wp\/v2\/product_brand?post=27242"},{"taxonomy":"product_cat","embeddable":true,"href":"https:\/\/logic-vault.com\/tr\/wp-json\/wp\/v2\/product_cat?post=27242"},{"taxonomy":"product_tag","embeddable":true,"href":"https:\/\/logic-vault.com\/tr\/wp-json\/wp\/v2\/product_tag?post=27242"}],"curies":[{"name":"wp","href":"https:\/\/api.w.org\/{rel}","templated":true}]}}