{"id":27236,"date":"2026-02-17T23:47:50","date_gmt":"2026-02-17T23:47:50","guid":{"rendered":"https:\/\/logic-vault.com\/product\/1-minute-rewrite-no-plagiarism\/"},"modified":"2026-02-17T23:47:51","modified_gmt":"2026-02-17T23:47:51","slug":"1-minute-rewrite-no-plagiarism","status":"publish","type":"product","link":"https:\/\/logic-vault.com\/tr\/urun\/1-minute-rewrite-no-plagiarism\/","title":{"rendered":"1 Dakikada Yeniden Yazma, \u0130ntihal Yok"},"content":{"rendered":"<p>\u201c\u00d6zg\u00fcnl\u00fck ve Okunabilirli\u011fi Art\u0131rmak \u0130\u00e7in \u0130\u00e7eri\u011fi Yeniden Yaz\u0131n\u201d ba\u015fl\u0131kl\u0131 bu k\u0131lavuz, mevcut metni orijinal anlam\u0131n\u0131 ve tonunu koruyan, intihal i\u00e7ermeyen bir versiyona d\u00f6n\u00fc\u015ft\u00fcrmenize yard\u0131mc\u0131 olur. A\u00e7\u0131k, ilgi \u00e7ekici bir dil ve \u00e7e\u015fitli c\u00fcmle yap\u0131lar\u0131 kullanarak kaliteyi art\u0131r\u0131r. Yazarlar ve edit\u00f6rler i\u00e7in m\u00fckemmel olan bu k\u0131lavuz, okuyucular i\u00e7in ak\u0131c\u0131 bir \u015fekilde ilerleyen benzersiz, y\u00fcksek kaliteli i\u00e7erik olu\u015fturman\u0131za yard\u0131mc\u0131 olur. \u00d6zg\u00fcnl\u00fc\u011f\u00fc ve okunabilirli\u011fi sa\u011flarken i\u00e7eri\u011fi yeniden d\u00fczenlemek i\u00e7in idealdir.<\/p>","protected":false},"excerpt":{"rendered":"<p>This prompt, &#8220;Rewrite Content for Originality and Enhanced Readability,&#8221; guides you in transforming existing text into a plagiarism-free version that retains the original meaning and tone. It enhances quality by encouraging clear, engaging language and varied sentence structures. Perfect for writers and editors, this prompt helps you create unique, high-quality content that flows smoothly for [&hellip;]<\/p>\n","protected":false},"featured_media":27235,"comment_status":"open","ping_status":"closed","template":"","meta":[],"product_brand":[],"product_cat":[4095],"product_tag":[],"class_list":{"0":"post-27236","1":"product","2":"type-product","3":"status-publish","4":"has-post-thumbnail","6":"product_cat-content-writing","8":"first","9":"instock","10":"downloadable","11":"virtual","12":"product-type-simple"},"bundled_by":["27543"],"bundle_stock_status":"instock","bundle_stock_quantity":null,"bundle_virtual":false,"bundle_layout":"","bundle_add_to_cart_form_location":"","bundle_editable_in_cart":false,"bundle_sold_individually_context":"","bundle_item_grouping":"","bundle_min_size":"","bundle_max_size":"","bundle_price":[],"bundled_items":[],"bundle_sell_ids":[],"_links":{"self":[{"href":"https:\/\/logic-vault.com\/tr\/wp-json\/wp\/v2\/product\/27236","targetHints":{"allow":["GET"]}}],"collection":[{"href":"https:\/\/logic-vault.com\/tr\/wp-json\/wp\/v2\/product"}],"about":[{"href":"https:\/\/logic-vault.com\/tr\/wp-json\/wp\/v2\/types\/product"}],"replies":[{"embeddable":true,"href":"https:\/\/logic-vault.com\/tr\/wp-json\/wp\/v2\/comments?post=27236"}],"wp:featuredmedia":[{"embeddable":true,"href":"https:\/\/logic-vault.com\/tr\/wp-json\/wp\/v2\/media\/27235"}],"wp:attachment":[{"href":"https:\/\/logic-vault.com\/tr\/wp-json\/wp\/v2\/media?parent=27236"}],"wp:term":[{"taxonomy":"product_brand","embeddable":true,"href":"https:\/\/logic-vault.com\/tr\/wp-json\/wp\/v2\/product_brand?post=27236"},{"taxonomy":"product_cat","embeddable":true,"href":"https:\/\/logic-vault.com\/tr\/wp-json\/wp\/v2\/product_cat?post=27236"},{"taxonomy":"product_tag","embeddable":true,"href":"https:\/\/logic-vault.com\/tr\/wp-json\/wp\/v2\/product_tag?post=27236"}],"curies":[{"name":"wp","href":"https:\/\/api.w.org\/{rel}","templated":true}]}}