{"id":27234,"date":"2026-02-17T23:47:50","date_gmt":"2026-02-17T23:47:50","guid":{"rendered":"https:\/\/logic-vault.com\/product\/code-optimizer-and-converter\/"},"modified":"2026-02-17T23:47:50","modified_gmt":"2026-02-17T23:47:50","slug":"code-optimizer-and-converter","status":"publish","type":"product","link":"https:\/\/logic-vault.com\/tr\/urun\/code-optimizer-and-converter\/","title":{"rendered":"Kod Optimize Edici ve D\u00f6n\u00fc\u015ft\u00fcr\u00fcc\u00fc"},"content":{"rendered":"<p>Bu komut asl\u0131nda iki i\u015flevi bir arada sunuyor! Kullan\u0131c\u0131, programlama en iyi uygulamalar\u0131na g\u00f6re \u00f6nceden yaz\u0131lm\u0131\u015f kodu optimize edebilir veya ba\u015fka bir programlama dilinde yaz\u0131lm\u0131\u015f kodu d\u00f6n\u00fc\u015ft\u00fcrebilir. Profesyonel programc\u0131lar, \u00f6\u011fretmenler ve \u00f6\u011frenciler i\u00e7in faydal\u0131.<\/p>","protected":false},"excerpt":{"rendered":"<p>Bu komut asl\u0131nda iki i\u015flevi bir arada sunuyor! Kullan\u0131c\u0131, programlama en iyi uygulamalar\u0131na g\u00f6re \u00f6nceden yaz\u0131lm\u0131\u015f kodu optimize edebilir veya ba\u015fka bir programlama dilinde yaz\u0131lm\u0131\u015f kodu d\u00f6n\u00fc\u015ft\u00fcrebilir. Profesyonel programc\u0131lar, \u00f6\u011fretmenler ve \u00f6\u011frenciler i\u00e7in faydal\u0131.<\/p>","protected":false},"featured_media":27233,"comment_status":"open","ping_status":"closed","template":"","meta":[],"product_brand":[],"product_cat":[4095],"product_tag":[],"class_list":{"0":"post-27234","1":"product","2":"type-product","3":"status-publish","4":"has-post-thumbnail","6":"product_cat-content-writing","8":"first","9":"instock","10":"downloadable","11":"virtual","12":"product-type-simple"},"bundled_by":["27543"],"bundle_stock_status":"instock","bundle_stock_quantity":null,"bundle_virtual":false,"bundle_layout":"","bundle_add_to_cart_form_location":"","bundle_editable_in_cart":false,"bundle_sold_individually_context":"","bundle_item_grouping":"","bundle_min_size":"","bundle_max_size":"","bundle_price":[],"bundled_items":[],"bundle_sell_ids":[],"_links":{"self":[{"href":"https:\/\/logic-vault.com\/tr\/wp-json\/wp\/v2\/product\/27234","targetHints":{"allow":["GET"]}}],"collection":[{"href":"https:\/\/logic-vault.com\/tr\/wp-json\/wp\/v2\/product"}],"about":[{"href":"https:\/\/logic-vault.com\/tr\/wp-json\/wp\/v2\/types\/product"}],"replies":[{"embeddable":true,"href":"https:\/\/logic-vault.com\/tr\/wp-json\/wp\/v2\/comments?post=27234"}],"wp:featuredmedia":[{"embeddable":true,"href":"https:\/\/logic-vault.com\/tr\/wp-json\/wp\/v2\/media\/27233"}],"wp:attachment":[{"href":"https:\/\/logic-vault.com\/tr\/wp-json\/wp\/v2\/media?parent=27234"}],"wp:term":[{"taxonomy":"product_brand","embeddable":true,"href":"https:\/\/logic-vault.com\/tr\/wp-json\/wp\/v2\/product_brand?post=27234"},{"taxonomy":"product_cat","embeddable":true,"href":"https:\/\/logic-vault.com\/tr\/wp-json\/wp\/v2\/product_cat?post=27234"},{"taxonomy":"product_tag","embeddable":true,"href":"https:\/\/logic-vault.com\/tr\/wp-json\/wp\/v2\/product_tag?post=27234"}],"curies":[{"name":"wp","href":"https:\/\/api.w.org\/{rel}","templated":true}]}}