{"id":27232,"date":"2026-02-17T23:47:50","date_gmt":"2026-02-17T23:47:50","guid":{"rendered":"https:\/\/logic-vault.com\/product\/multilingual-lyrics-creator-2\/"},"modified":"2026-02-17T23:47:50","modified_gmt":"2026-02-17T23:47:50","slug":"multilingual-lyrics-creator-2","status":"publish","type":"product","link":"https:\/\/logic-vault.com\/tr\/urun\/multilingual-lyrics-creator-2\/","title":{"rendered":"\u00c7ok Dilli \u015eark\u0131 S\u00f6z\u00fc Yazar\u0131"},"content":{"rendered":"<p>\u00c7e\u015fitli dillerde, belirli t\u00fcrlere ve tonlara uygun, \u00f6zg\u00fcn ve duygusal olarak etkileyici \u015fark\u0131 s\u00f6zleri yaz\u0131n. \u0130ster duygusal baladlar, ister ne\u015feli pop hitleri, isterse de etkileyici \u00f6yk\u00fc anlat\u0131m\u0131 par\u00e7alar\u0131 olsun, dinleyicilerde derin yank\u0131 uyand\u0131ran \u015fark\u0131lar yaratmak i\u00e7in m\u00fckemmeldir.<\/p>","protected":false},"excerpt":{"rendered":"<p>\u00c7e\u015fitli dillerde, belirli t\u00fcrlere ve tonlara uygun, \u00f6zg\u00fcn ve duygusal olarak etkileyici \u015fark\u0131 s\u00f6zleri yaz\u0131n. \u0130ster duygusal baladlar, ister ne\u015feli pop hitleri, isterse de etkileyici \u00f6yk\u00fc anlat\u0131m\u0131 par\u00e7alar\u0131 olsun, dinleyicilerde derin yank\u0131 uyand\u0131ran \u015fark\u0131lar yaratmak i\u00e7in m\u00fckemmeldir.<\/p>","protected":false},"featured_media":26979,"comment_status":"open","ping_status":"closed","template":"","meta":[],"product_brand":[],"product_cat":[4095],"product_tag":[],"class_list":{"0":"post-27232","1":"product","2":"type-product","3":"status-publish","4":"has-post-thumbnail","6":"product_cat-content-writing","8":"first","9":"instock","10":"downloadable","11":"virtual","12":"product-type-simple"},"bundled_by":["27543"],"bundle_stock_status":"instock","bundle_stock_quantity":null,"bundle_virtual":false,"bundle_layout":"","bundle_add_to_cart_form_location":"","bundle_editable_in_cart":false,"bundle_sold_individually_context":"","bundle_item_grouping":"","bundle_min_size":"","bundle_max_size":"","bundle_price":[],"bundled_items":[],"bundle_sell_ids":[],"_links":{"self":[{"href":"https:\/\/logic-vault.com\/tr\/wp-json\/wp\/v2\/product\/27232","targetHints":{"allow":["GET"]}}],"collection":[{"href":"https:\/\/logic-vault.com\/tr\/wp-json\/wp\/v2\/product"}],"about":[{"href":"https:\/\/logic-vault.com\/tr\/wp-json\/wp\/v2\/types\/product"}],"replies":[{"embeddable":true,"href":"https:\/\/logic-vault.com\/tr\/wp-json\/wp\/v2\/comments?post=27232"}],"wp:featuredmedia":[{"embeddable":true,"href":"https:\/\/logic-vault.com\/tr\/wp-json\/wp\/v2\/media\/26979"}],"wp:attachment":[{"href":"https:\/\/logic-vault.com\/tr\/wp-json\/wp\/v2\/media?parent=27232"}],"wp:term":[{"taxonomy":"product_brand","embeddable":true,"href":"https:\/\/logic-vault.com\/tr\/wp-json\/wp\/v2\/product_brand?post=27232"},{"taxonomy":"product_cat","embeddable":true,"href":"https:\/\/logic-vault.com\/tr\/wp-json\/wp\/v2\/product_cat?post=27232"},{"taxonomy":"product_tag","embeddable":true,"href":"https:\/\/logic-vault.com\/tr\/wp-json\/wp\/v2\/product_tag?post=27232"}],"curies":[{"name":"wp","href":"https:\/\/api.w.org\/{rel}","templated":true}]}}