{"id":27225,"date":"2026-02-17T23:47:48","date_gmt":"2026-02-17T23:47:48","guid":{"rendered":"https:\/\/logic-vault.com\/product\/speaking-practice-scenario-maker\/"},"modified":"2026-02-17T23:47:48","modified_gmt":"2026-02-17T23:47:48","slug":"speaking-practice-scenario-maker","status":"publish","type":"product","link":"https:\/\/logic-vault.com\/tr\/urun\/speaking-practice-scenario-maker\/","title":{"rendered":"Konu\u015fma Prati\u011fi Senaryo Olu\u015fturucu"},"content":{"rendered":"<p>Bu k\u0131lavuz, dil \u00f6\u011fretmenlerinin ger\u00e7ek\u00e7i ve seviyeye uygun konu\u015fma prati\u011fi senaryolar\u0131, diyaloglar ve rol yapma etkinlikleri olu\u015fturmas\u0131na yard\u0131mc\u0131 olur. Dil, seviye, konu ve ya\u015f grubuna ba\u011fl\u0131 olarak, \u00f6\u011frencilerin ak\u0131c\u0131l\u0131\u011f\u0131n\u0131 ve \u00f6zg\u00fcvenini art\u0131rmak i\u00e7in s\u0131n\u0131fta kullan\u0131labilecek do\u011fal konu\u015fma metinleri \u00fcretir.<\/p>","protected":false},"excerpt":{"rendered":"<p>Bu k\u0131lavuz, dil \u00f6\u011fretmenlerinin ger\u00e7ek\u00e7i ve seviyeye uygun konu\u015fma prati\u011fi senaryolar\u0131, diyaloglar ve rol yapma etkinlikleri olu\u015fturmas\u0131na yard\u0131mc\u0131 olur. Dil, seviye, konu ve ya\u015f grubuna ba\u011fl\u0131 olarak, \u00f6\u011frencilerin ak\u0131c\u0131l\u0131\u011f\u0131n\u0131 ve \u00f6zg\u00fcvenini art\u0131rmak i\u00e7in s\u0131n\u0131fta kullan\u0131labilecek do\u011fal konu\u015fma metinleri \u00fcretir.<\/p>","protected":false},"featured_media":27224,"comment_status":"open","ping_status":"closed","template":"","meta":[],"product_brand":[],"product_cat":[4095],"product_tag":[],"class_list":{"0":"post-27225","1":"product","2":"type-product","3":"status-publish","4":"has-post-thumbnail","6":"product_cat-content-writing","8":"first","9":"instock","10":"downloadable","11":"virtual","12":"product-type-simple"},"bundled_by":["27543"],"bundle_stock_status":"instock","bundle_stock_quantity":null,"bundle_virtual":false,"bundle_layout":"","bundle_add_to_cart_form_location":"","bundle_editable_in_cart":false,"bundle_sold_individually_context":"","bundle_item_grouping":"","bundle_min_size":"","bundle_max_size":"","bundle_price":[],"bundled_items":[],"bundle_sell_ids":[],"_links":{"self":[{"href":"https:\/\/logic-vault.com\/tr\/wp-json\/wp\/v2\/product\/27225","targetHints":{"allow":["GET"]}}],"collection":[{"href":"https:\/\/logic-vault.com\/tr\/wp-json\/wp\/v2\/product"}],"about":[{"href":"https:\/\/logic-vault.com\/tr\/wp-json\/wp\/v2\/types\/product"}],"replies":[{"embeddable":true,"href":"https:\/\/logic-vault.com\/tr\/wp-json\/wp\/v2\/comments?post=27225"}],"wp:featuredmedia":[{"embeddable":true,"href":"https:\/\/logic-vault.com\/tr\/wp-json\/wp\/v2\/media\/27224"}],"wp:attachment":[{"href":"https:\/\/logic-vault.com\/tr\/wp-json\/wp\/v2\/media?parent=27225"}],"wp:term":[{"taxonomy":"product_brand","embeddable":true,"href":"https:\/\/logic-vault.com\/tr\/wp-json\/wp\/v2\/product_brand?post=27225"},{"taxonomy":"product_cat","embeddable":true,"href":"https:\/\/logic-vault.com\/tr\/wp-json\/wp\/v2\/product_cat?post=27225"},{"taxonomy":"product_tag","embeddable":true,"href":"https:\/\/logic-vault.com\/tr\/wp-json\/wp\/v2\/product_tag?post=27225"}],"curies":[{"name":"wp","href":"https:\/\/api.w.org\/{rel}","templated":true}]}}