{"id":27223,"date":"2026-02-17T23:47:48","date_gmt":"2026-02-17T23:47:48","guid":{"rendered":"https:\/\/logic-vault.com\/product\/chatgpt-language-tutors\/"},"modified":"2026-02-17T23:47:48","modified_gmt":"2026-02-17T23:47:48","slug":"chatgpt-language-tutors","status":"publish","type":"product","link":"https:\/\/logic-vault.com\/tr\/urun\/chatgpt-language-tutors\/","title":{"rendered":"Chatgpt Dil E\u011fitmenleri"},"content":{"rendered":"<p>Ak\u0131ll\u0131 bir yapay zek\u00e2 e\u011fitmeniyle dil \u00f6\u011freniminizi geli\u015ftirin; bu e\u011fitmen d\u00fczeltmeler yapar, a\u00e7\u0131klamalar sunar ve do\u011fal konu\u015fmalar i\u00e7inde pratik yapman\u0131za yard\u0131mc\u0131 olur \u2014 t\u0131pk\u0131 Duolingo Max gibi, ama \u00fccretsiz.<\/p>","protected":false},"excerpt":{"rendered":"<p>Ak\u0131ll\u0131 bir yapay zek\u00e2 e\u011fitmeniyle dil \u00f6\u011freniminizi geli\u015ftirin; bu e\u011fitmen d\u00fczeltmeler yapar, a\u00e7\u0131klamalar sunar ve do\u011fal konu\u015fmalar i\u00e7inde pratik yapman\u0131za yard\u0131mc\u0131 olur \u2014 t\u0131pk\u0131 Duolingo Max gibi, ama \u00fccretsiz.<\/p>","protected":false},"featured_media":27222,"comment_status":"open","ping_status":"closed","template":"","meta":[],"product_brand":[],"product_cat":[4095],"product_tag":[],"class_list":{"0":"post-27223","1":"product","2":"type-product","3":"status-publish","4":"has-post-thumbnail","6":"product_cat-content-writing","8":"first","9":"instock","10":"downloadable","11":"virtual","12":"product-type-simple"},"bundled_by":["27543"],"bundle_stock_status":"instock","bundle_stock_quantity":null,"bundle_virtual":false,"bundle_layout":"","bundle_add_to_cart_form_location":"","bundle_editable_in_cart":false,"bundle_sold_individually_context":"","bundle_item_grouping":"","bundle_min_size":"","bundle_max_size":"","bundle_price":[],"bundled_items":[],"bundle_sell_ids":[],"_links":{"self":[{"href":"https:\/\/logic-vault.com\/tr\/wp-json\/wp\/v2\/product\/27223","targetHints":{"allow":["GET"]}}],"collection":[{"href":"https:\/\/logic-vault.com\/tr\/wp-json\/wp\/v2\/product"}],"about":[{"href":"https:\/\/logic-vault.com\/tr\/wp-json\/wp\/v2\/types\/product"}],"replies":[{"embeddable":true,"href":"https:\/\/logic-vault.com\/tr\/wp-json\/wp\/v2\/comments?post=27223"}],"wp:featuredmedia":[{"embeddable":true,"href":"https:\/\/logic-vault.com\/tr\/wp-json\/wp\/v2\/media\/27222"}],"wp:attachment":[{"href":"https:\/\/logic-vault.com\/tr\/wp-json\/wp\/v2\/media?parent=27223"}],"wp:term":[{"taxonomy":"product_brand","embeddable":true,"href":"https:\/\/logic-vault.com\/tr\/wp-json\/wp\/v2\/product_brand?post=27223"},{"taxonomy":"product_cat","embeddable":true,"href":"https:\/\/logic-vault.com\/tr\/wp-json\/wp\/v2\/product_cat?post=27223"},{"taxonomy":"product_tag","embeddable":true,"href":"https:\/\/logic-vault.com\/tr\/wp-json\/wp\/v2\/product_tag?post=27223"}],"curies":[{"name":"wp","href":"https:\/\/api.w.org\/{rel}","templated":true}]}}