{"id":27221,"date":"2026-02-17T23:47:42","date_gmt":"2026-02-17T23:47:42","guid":{"rendered":"https:\/\/logic-vault.com\/product\/classical-poetry-artists\/"},"modified":"2026-02-17T23:47:42","modified_gmt":"2026-02-17T23:47:42","slug":"classical-poetry-artists","status":"publish","type":"product","link":"https:\/\/logic-vault.com\/tr\/urun\/classical-poetry-artists\/","title":{"rendered":"Klasik \u015eiir Sanat\u00e7\u0131lar\u0131"},"content":{"rendered":"<p>\ud83d\udcddHerhangi bir temay\u0131, duyguyu veya kavram\u0131, geleneksel bi\u00e7imlere m\u00fckemmel bir \u015fekilde ba\u011fl\u0131 kalarak, enfes klasik \u015fiire d\u00f6n\u00fc\u015ft\u00fcr\u00fcn!<\/p>\n<p>\ud83d\udccdBu titizlikle haz\u0131rlanm\u0131\u015f y\u00f6nerge, Soneler (Shakespeare ve Petrarchan), Haiku, Villaneller, Baladlar ve Limerickler de dahil olmak \u00fczere klasik bi\u00e7imlerde \u00f6zg\u00fcn \u015fiirler \u00fcretir. Her \u015fiir, \u00f6l\u00e7\u00fc, kafiye d\u00fczeni, hece say\u0131s\u0131 ve yap\u0131sal gereksinimler a\u00e7\u0131s\u0131ndan geleneksel kurallara s\u0131k\u0131 s\u0131k\u0131ya uyar.<\/p>\n<p>\ud83d\udd275 \u00d6zelle\u015ftirilebilir De\u011fi\u015fken<br \/>\n\ud83c\udf08 \u00c7ok Y\u00f6nl\u00fc Temalar<\/p>","protected":false},"excerpt":{"rendered":"<p>\ud83d\udcddTransform any theme, emotion, or concept into exquisite classical poetry with perfect adherence to traditional forms! \ud83d\udccdThis meticulously crafted prompt generates authentic poetry in classical forms including Sonnets (Shakespearean &#038; Petrarchan), Haiku, Villanelles, Ballads, and Limericks. Each poem strictly follows the traditional rules of meter, rhyme scheme, syllable count, and structural requirements. \ud83d\udd275 Customizable Variables [&hellip;]<\/p>\n","protected":false},"featured_media":27220,"comment_status":"open","ping_status":"closed","template":"","meta":[],"product_brand":[],"product_cat":[4095],"product_tag":[],"class_list":{"0":"post-27221","1":"product","2":"type-product","3":"status-publish","4":"has-post-thumbnail","6":"product_cat-content-writing","8":"first","9":"instock","10":"downloadable","11":"virtual","12":"product-type-simple"},"bundled_by":[],"bundle_stock_status":"instock","bundle_stock_quantity":null,"bundle_virtual":false,"bundle_layout":"","bundle_add_to_cart_form_location":"","bundle_editable_in_cart":false,"bundle_sold_individually_context":"","bundle_item_grouping":"","bundle_min_size":"","bundle_max_size":"","bundle_price":[],"bundled_items":[],"bundle_sell_ids":[],"_links":{"self":[{"href":"https:\/\/logic-vault.com\/tr\/wp-json\/wp\/v2\/product\/27221","targetHints":{"allow":["GET"]}}],"collection":[{"href":"https:\/\/logic-vault.com\/tr\/wp-json\/wp\/v2\/product"}],"about":[{"href":"https:\/\/logic-vault.com\/tr\/wp-json\/wp\/v2\/types\/product"}],"replies":[{"embeddable":true,"href":"https:\/\/logic-vault.com\/tr\/wp-json\/wp\/v2\/comments?post=27221"}],"wp:featuredmedia":[{"embeddable":true,"href":"https:\/\/logic-vault.com\/tr\/wp-json\/wp\/v2\/media\/27220"}],"wp:attachment":[{"href":"https:\/\/logic-vault.com\/tr\/wp-json\/wp\/v2\/media?parent=27221"}],"wp:term":[{"taxonomy":"product_brand","embeddable":true,"href":"https:\/\/logic-vault.com\/tr\/wp-json\/wp\/v2\/product_brand?post=27221"},{"taxonomy":"product_cat","embeddable":true,"href":"https:\/\/logic-vault.com\/tr\/wp-json\/wp\/v2\/product_cat?post=27221"},{"taxonomy":"product_tag","embeddable":true,"href":"https:\/\/logic-vault.com\/tr\/wp-json\/wp\/v2\/product_tag?post=27221"}],"curies":[{"name":"wp","href":"https:\/\/api.w.org\/{rel}","templated":true}]}}