{"id":27219,"date":"2026-02-17T23:47:41","date_gmt":"2026-02-17T23:47:41","guid":{"rendered":"https:\/\/logic-vault.com\/product\/lexicographer-vocabulary-breakdowns\/"},"modified":"2026-02-17T23:47:41","modified_gmt":"2026-02-17T23:47:41","slug":"lexicographer-vocabulary-breakdowns","status":"publish","type":"product","link":"https:\/\/logic-vault.com\/tr\/urun\/lexicographer-vocabulary-breakdowns\/","title":{"rendered":"S\u00f6zl\u00fckbilimci Kelime Da\u011farc\u0131\u011f\u0131 Analizleri"},"content":{"rendered":"<p>Unlock the power of words with this advanced vocabulary tool. Instantly generate detailed word breakdowns including IPA pronunciation, definitions, synonyms, collocations, CEFR level, usage notes, etymology, and translations into your chosen languages. Perfect for writers, students, and language learners seeking deeper mastery and precision in their word choice.<\/p>","protected":false},"excerpt":{"rendered":"<p>Unlock the power of words with this advanced vocabulary tool. Instantly generate detailed word breakdowns including IPA pronunciation, definitions, synonyms, collocations, CEFR level, usage notes, etymology, and translations into your chosen languages. Perfect for writers, students, and language learners seeking deeper mastery and precision in their word choice.<\/p>","protected":false},"featured_media":27218,"comment_status":"open","ping_status":"closed","template":"","meta":[],"product_brand":[],"product_cat":[4095],"product_tag":[],"class_list":{"0":"post-27219","1":"product","2":"type-product","3":"status-publish","4":"has-post-thumbnail","6":"product_cat-content-writing","8":"first","9":"instock","10":"downloadable","11":"virtual","12":"product-type-simple"},"bundled_by":[],"bundle_stock_status":"instock","bundle_stock_quantity":null,"bundle_virtual":false,"bundle_layout":"","bundle_add_to_cart_form_location":"","bundle_editable_in_cart":false,"bundle_sold_individually_context":"","bundle_item_grouping":"","bundle_min_size":"","bundle_max_size":"","bundle_price":[],"bundled_items":[],"bundle_sell_ids":[],"_links":{"self":[{"href":"https:\/\/logic-vault.com\/tr\/wp-json\/wp\/v2\/product\/27219","targetHints":{"allow":["GET"]}}],"collection":[{"href":"https:\/\/logic-vault.com\/tr\/wp-json\/wp\/v2\/product"}],"about":[{"href":"https:\/\/logic-vault.com\/tr\/wp-json\/wp\/v2\/types\/product"}],"replies":[{"embeddable":true,"href":"https:\/\/logic-vault.com\/tr\/wp-json\/wp\/v2\/comments?post=27219"}],"wp:featuredmedia":[{"embeddable":true,"href":"https:\/\/logic-vault.com\/tr\/wp-json\/wp\/v2\/media\/27218"}],"wp:attachment":[{"href":"https:\/\/logic-vault.com\/tr\/wp-json\/wp\/v2\/media?parent=27219"}],"wp:term":[{"taxonomy":"product_brand","embeddable":true,"href":"https:\/\/logic-vault.com\/tr\/wp-json\/wp\/v2\/product_brand?post=27219"},{"taxonomy":"product_cat","embeddable":true,"href":"https:\/\/logic-vault.com\/tr\/wp-json\/wp\/v2\/product_cat?post=27219"},{"taxonomy":"product_tag","embeddable":true,"href":"https:\/\/logic-vault.com\/tr\/wp-json\/wp\/v2\/product_tag?post=27219"}],"curies":[{"name":"wp","href":"https:\/\/api.w.org\/{rel}","templated":true}]}}