{"id":27199,"date":"2026-02-17T23:47:31","date_gmt":"2026-02-17T23:47:31","guid":{"rendered":"https:\/\/logic-vault.com\/product\/regional-research-roadmap\/"},"modified":"2026-02-17T23:47:31","modified_gmt":"2026-02-17T23:47:31","slug":"regional-research-roadmap","status":"publish","type":"product","link":"https:\/\/logic-vault.com\/tr\/urun\/regional-research-roadmap\/","title":{"rendered":"B\u00f6lgesel Ara\u015ft\u0131rma Yol Haritas\u0131"},"content":{"rendered":"<p>Bu y\u00f6nerge, net s\u0131n\u0131rlar (\u00fcr\u00fcn + konum) belirleyerek, profesyonel bir dil kullan\u0131lmas\u0131n\u0131 talep ederek ve uygulanabilir ad\u0131mlar isteyerek, pazar ara\u015ft\u0131rmas\u0131 i\u00e7in odaklanm\u0131\u015f bir plan olu\u015fturur. <\/p>\n<p>Ba\u011flam, dil kurallar\u0131, beklentiler, eylemler ve k\u0131s\u0131tlamalar dikkate al\u0131narak yap\u0131land\u0131r\u0131lm\u0131\u015ft\u0131r; bu sayede alakas\u0131z i\u00e7erikleri filtrelerken, konuma \u00f6zg\u00fc pratik pazar ara\u015ft\u0131rmas\u0131 rehberli\u011fi olu\u015fturulur.<\/p>","protected":false},"excerpt":{"rendered":"<p>This prompt creates a focused blueprint for market research by setting clear boundaries (product + location), requesting professional language, and demanding actionable steps. It&#8217;s structured with context, language rules, expectations, actions, and restrictions to generate practical, location-specific market research guidance while filtering out irrelevant content.<\/p>","protected":false},"featured_media":27198,"comment_status":"open","ping_status":"closed","template":"","meta":[],"product_brand":[],"product_cat":[4095],"product_tag":[],"class_list":{"0":"post-27199","1":"product","2":"type-product","3":"status-publish","4":"has-post-thumbnail","6":"product_cat-content-writing","8":"first","9":"instock","10":"downloadable","11":"virtual","12":"product-type-simple"},"bundled_by":[],"bundle_stock_status":"instock","bundle_stock_quantity":null,"bundle_virtual":false,"bundle_layout":"","bundle_add_to_cart_form_location":"","bundle_editable_in_cart":false,"bundle_sold_individually_context":"","bundle_item_grouping":"","bundle_min_size":"","bundle_max_size":"","bundle_price":[],"bundled_items":[],"bundle_sell_ids":[],"_links":{"self":[{"href":"https:\/\/logic-vault.com\/tr\/wp-json\/wp\/v2\/product\/27199","targetHints":{"allow":["GET"]}}],"collection":[{"href":"https:\/\/logic-vault.com\/tr\/wp-json\/wp\/v2\/product"}],"about":[{"href":"https:\/\/logic-vault.com\/tr\/wp-json\/wp\/v2\/types\/product"}],"replies":[{"embeddable":true,"href":"https:\/\/logic-vault.com\/tr\/wp-json\/wp\/v2\/comments?post=27199"}],"wp:featuredmedia":[{"embeddable":true,"href":"https:\/\/logic-vault.com\/tr\/wp-json\/wp\/v2\/media\/27198"}],"wp:attachment":[{"href":"https:\/\/logic-vault.com\/tr\/wp-json\/wp\/v2\/media?parent=27199"}],"wp:term":[{"taxonomy":"product_brand","embeddable":true,"href":"https:\/\/logic-vault.com\/tr\/wp-json\/wp\/v2\/product_brand?post=27199"},{"taxonomy":"product_cat","embeddable":true,"href":"https:\/\/logic-vault.com\/tr\/wp-json\/wp\/v2\/product_cat?post=27199"},{"taxonomy":"product_tag","embeddable":true,"href":"https:\/\/logic-vault.com\/tr\/wp-json\/wp\/v2\/product_tag?post=27199"}],"curies":[{"name":"wp","href":"https:\/\/api.w.org\/{rel}","templated":true}]}}