{"id":27193,"date":"2026-02-17T23:47:29","date_gmt":"2026-02-17T23:47:29","guid":{"rendered":"https:\/\/logic-vault.com\/product\/understand-any-text-expert-summaries\/"},"modified":"2026-02-17T23:47:30","modified_gmt":"2026-02-17T23:47:30","slug":"understand-any-text-expert-summaries","status":"publish","type":"product","link":"https:\/\/logic-vault.com\/tr\/urun\/understand-any-text-expert-summaries\/","title":{"rendered":"Herhangi Bir Metni Anlamak \u0130\u00e7in Uzman \u00d6zetleri"},"content":{"rendered":"<p>Transform complex texts into clear, actionable insights with our powerful summarization prompt! Perfect for students, professionals, or curious minds, this tool distills intricate information into easy-to-understand summaries tailored to your knowledge level. Gain clarity with expert explanations of key terms, essential takeaways, and highlighted sections that matter most. Whether you&#8217;re studying, researching, or just exploring new topics, it enhances your understanding and retention.<\/p>","protected":false},"excerpt":{"rendered":"<p>Transform complex texts into clear, actionable insights with our powerful summarization prompt! Perfect for students, professionals, or curious minds, this tool distills intricate information into easy-to-understand summaries tailored to your knowledge level. Gain clarity with expert explanations of key terms, essential takeaways, and highlighted sections that matter most. Whether you&#8217;re studying, researching, or just exploring [&hellip;]<\/p>\n","protected":false},"featured_media":27192,"comment_status":"open","ping_status":"closed","template":"","meta":[],"product_brand":[],"product_cat":[4095],"product_tag":[],"class_list":{"0":"post-27193","1":"product","2":"type-product","3":"status-publish","4":"has-post-thumbnail","6":"product_cat-content-writing","8":"first","9":"instock","10":"downloadable","11":"virtual","12":"product-type-simple"},"bundled_by":[],"bundle_stock_status":"instock","bundle_stock_quantity":null,"bundle_virtual":false,"bundle_layout":"","bundle_add_to_cart_form_location":"","bundle_editable_in_cart":false,"bundle_sold_individually_context":"","bundle_item_grouping":"","bundle_min_size":"","bundle_max_size":"","bundle_price":[],"bundled_items":[],"bundle_sell_ids":[],"_links":{"self":[{"href":"https:\/\/logic-vault.com\/tr\/wp-json\/wp\/v2\/product\/27193","targetHints":{"allow":["GET"]}}],"collection":[{"href":"https:\/\/logic-vault.com\/tr\/wp-json\/wp\/v2\/product"}],"about":[{"href":"https:\/\/logic-vault.com\/tr\/wp-json\/wp\/v2\/types\/product"}],"replies":[{"embeddable":true,"href":"https:\/\/logic-vault.com\/tr\/wp-json\/wp\/v2\/comments?post=27193"}],"wp:featuredmedia":[{"embeddable":true,"href":"https:\/\/logic-vault.com\/tr\/wp-json\/wp\/v2\/media\/27192"}],"wp:attachment":[{"href":"https:\/\/logic-vault.com\/tr\/wp-json\/wp\/v2\/media?parent=27193"}],"wp:term":[{"taxonomy":"product_brand","embeddable":true,"href":"https:\/\/logic-vault.com\/tr\/wp-json\/wp\/v2\/product_brand?post=27193"},{"taxonomy":"product_cat","embeddable":true,"href":"https:\/\/logic-vault.com\/tr\/wp-json\/wp\/v2\/product_cat?post=27193"},{"taxonomy":"product_tag","embeddable":true,"href":"https:\/\/logic-vault.com\/tr\/wp-json\/wp\/v2\/product_tag?post=27193"}],"curies":[{"name":"wp","href":"https:\/\/api.w.org\/{rel}","templated":true}]}}