{"id":27191,"date":"2026-02-17T23:47:29","date_gmt":"2026-02-17T23:47:29","guid":{"rendered":"https:\/\/logic-vault.com\/product\/trending-videos-and-tv\/"},"modified":"2026-02-17T23:47:29","modified_gmt":"2026-02-17T23:47:29","slug":"trending-videos-and-tv","status":"publish","type":"product","link":"https:\/\/logic-vault.com\/tr\/urun\/trending-videos-and-tv\/","title":{"rendered":"Trend Olan Videolar ve TV"},"content":{"rendered":"<p>En iyi video olu\u015fturma arac\u0131n\u0131 ke\u015ffedin!<\/p>\n<p>D\u00fcnyan\u0131n d\u00f6rt bir yan\u0131ndan en iyi videolar\u0131 taray\u0131p analiz ederek, ihtiya\u00e7lar\u0131n\u0131za \u00f6zel, her dilde eri\u015filebilir se\u00e7kin bir i\u00e7erik sunuyoruz. Temalar\u0131m\u0131z her \u015feyi kaps\u0131yor: spor, fitness, e\u011fitim, online ticaret, el sanatlar\u0131, komedi (Afrika, Asya\u2026), sa\u011fl\u0131k, moda, diki\u015f ve \u00e7ok daha fazlas\u0131.<br \/>\nS\u00fcrekli geli\u015fen i\u00e7eriklerimizle kendinizi \u015fa\u015f\u0131rtmaya haz\u0131r olun. Hemen harekete ge\u00e7in!<\/p>","protected":false},"excerpt":{"rendered":"<p>Discover the ultimate recommended video generation tool! We\u2019ve scoured and analyzed the best videos from around the world to bring you an exclusive selection tailored to your needs, available in every language. Our themes cover everything: sports, fitness, education, online business, arts and crafts, comedy (Africa, Asia\u2026), health, fashion, sewing, and so much more. Let [&hellip;]<\/p>\n","protected":false},"featured_media":27190,"comment_status":"open","ping_status":"closed","template":"","meta":[],"product_brand":[],"product_cat":[4095],"product_tag":[],"class_list":{"0":"post-27191","1":"product","2":"type-product","3":"status-publish","4":"has-post-thumbnail","6":"product_cat-content-writing","8":"first","9":"instock","10":"downloadable","11":"virtual","12":"product-type-simple"},"bundled_by":[],"bundle_stock_status":"instock","bundle_stock_quantity":null,"bundle_virtual":false,"bundle_layout":"","bundle_add_to_cart_form_location":"","bundle_editable_in_cart":false,"bundle_sold_individually_context":"","bundle_item_grouping":"","bundle_min_size":"","bundle_max_size":"","bundle_price":[],"bundled_items":[],"bundle_sell_ids":[],"_links":{"self":[{"href":"https:\/\/logic-vault.com\/tr\/wp-json\/wp\/v2\/product\/27191","targetHints":{"allow":["GET"]}}],"collection":[{"href":"https:\/\/logic-vault.com\/tr\/wp-json\/wp\/v2\/product"}],"about":[{"href":"https:\/\/logic-vault.com\/tr\/wp-json\/wp\/v2\/types\/product"}],"replies":[{"embeddable":true,"href":"https:\/\/logic-vault.com\/tr\/wp-json\/wp\/v2\/comments?post=27191"}],"wp:featuredmedia":[{"embeddable":true,"href":"https:\/\/logic-vault.com\/tr\/wp-json\/wp\/v2\/media\/27190"}],"wp:attachment":[{"href":"https:\/\/logic-vault.com\/tr\/wp-json\/wp\/v2\/media?parent=27191"}],"wp:term":[{"taxonomy":"product_brand","embeddable":true,"href":"https:\/\/logic-vault.com\/tr\/wp-json\/wp\/v2\/product_brand?post=27191"},{"taxonomy":"product_cat","embeddable":true,"href":"https:\/\/logic-vault.com\/tr\/wp-json\/wp\/v2\/product_cat?post=27191"},{"taxonomy":"product_tag","embeddable":true,"href":"https:\/\/logic-vault.com\/tr\/wp-json\/wp\/v2\/product_tag?post=27191"}],"curies":[{"name":"wp","href":"https:\/\/api.w.org\/{rel}","templated":true}]}}