{"id":27189,"date":"2026-02-17T23:47:28","date_gmt":"2026-02-17T23:47:28","guid":{"rendered":"https:\/\/logic-vault.com\/product\/mental-model-of-alternative-thinking\/"},"modified":"2026-02-17T23:47:29","modified_gmt":"2026-02-17T23:47:29","slug":"mental-model-of-alternative-thinking","status":"publish","type":"product","link":"https:\/\/logic-vault.com\/tr\/urun\/mental-model-of-alternative-thinking\/","title":{"rendered":"Alternatif D\u00fc\u015f\u00fcnmenin Zihinsel Modeli"},"content":{"rendered":"<p>This prompt is kind of like a consultant you can ask anything.<br \/>\nMaybe it&#8217;ll even help you look at things differently and make those decisions you&#8217;ve been unsure about.<br \/>\nFeel free to ask questions in your native language, and you&#8217;ll get a reply back in that language.<\/p>","protected":false},"excerpt":{"rendered":"<p>This prompt is kind of like a consultant you can ask anything. Maybe it&#8217;ll even help you look at things differently and make those decisions you&#8217;ve been unsure about. Feel free to ask questions in your native language, and you&#8217;ll get a reply back in that language.<\/p>","protected":false},"featured_media":27188,"comment_status":"open","ping_status":"closed","template":"","meta":[],"product_brand":[],"product_cat":[4095],"product_tag":[],"class_list":{"0":"post-27189","1":"product","2":"type-product","3":"status-publish","4":"has-post-thumbnail","6":"product_cat-content-writing","8":"first","9":"instock","10":"downloadable","11":"virtual","12":"product-type-simple"},"bundled_by":[],"bundle_stock_status":"instock","bundle_stock_quantity":null,"bundle_virtual":false,"bundle_layout":"","bundle_add_to_cart_form_location":"","bundle_editable_in_cart":false,"bundle_sold_individually_context":"","bundle_item_grouping":"","bundle_min_size":"","bundle_max_size":"","bundle_price":[],"bundled_items":[],"bundle_sell_ids":[],"_links":{"self":[{"href":"https:\/\/logic-vault.com\/tr\/wp-json\/wp\/v2\/product\/27189","targetHints":{"allow":["GET"]}}],"collection":[{"href":"https:\/\/logic-vault.com\/tr\/wp-json\/wp\/v2\/product"}],"about":[{"href":"https:\/\/logic-vault.com\/tr\/wp-json\/wp\/v2\/types\/product"}],"replies":[{"embeddable":true,"href":"https:\/\/logic-vault.com\/tr\/wp-json\/wp\/v2\/comments?post=27189"}],"wp:featuredmedia":[{"embeddable":true,"href":"https:\/\/logic-vault.com\/tr\/wp-json\/wp\/v2\/media\/27188"}],"wp:attachment":[{"href":"https:\/\/logic-vault.com\/tr\/wp-json\/wp\/v2\/media?parent=27189"}],"wp:term":[{"taxonomy":"product_brand","embeddable":true,"href":"https:\/\/logic-vault.com\/tr\/wp-json\/wp\/v2\/product_brand?post=27189"},{"taxonomy":"product_cat","embeddable":true,"href":"https:\/\/logic-vault.com\/tr\/wp-json\/wp\/v2\/product_cat?post=27189"},{"taxonomy":"product_tag","embeddable":true,"href":"https:\/\/logic-vault.com\/tr\/wp-json\/wp\/v2\/product_tag?post=27189"}],"curies":[{"name":"wp","href":"https:\/\/api.w.org\/{rel}","templated":true}]}}