{"id":27187,"date":"2026-02-17T23:47:28","date_gmt":"2026-02-17T23:47:28","guid":{"rendered":"https:\/\/logic-vault.com\/product\/my-english-mentor-fun\/"},"modified":"2026-02-17T23:47:28","modified_gmt":"2026-02-17T23:47:28","slug":"my-english-mentor-fun","status":"publish","type":"product","link":"https:\/\/logic-vault.com\/tr\/urun\/my-english-mentor-fun\/","title":{"rendered":"\u0130ngilizce Mentor\u00fcmle E\u011flence"},"content":{"rendered":"<p>\u0130ngilizce konu\u015fmalarda, dilbilgisinde veya yazmada zorlan\u0131yor musunuz? Bu komut, ChatGPT&#039;yi size yard\u0131mc\u0131 olan ki\u015fisel \u0130ngilizce dan\u0131\u015fman\u0131n\u0131za d\u00f6n\u00fc\u015ft\u00fcr\u00fcr:<\/p>\n<p>G\u00fcnl\u00fck konu\u015fma prati\u011fi yap\u0131n (resmi ve gayri resmi)<br \/>\nA\u00e7\u0131klamal\u0131 dilbilgisi d\u00fczeltmelerini an\u0131nda al\u0131n.<\/p>","protected":false},"excerpt":{"rendered":"<p>Struggling with English conversations, grammar, or writing? This prompt transforms ChatGPT into your personal English mentor that helps you: Practice daily conversations (formal &#038; informal) Get instant grammar corrections with explanations<\/p>","protected":false},"featured_media":27186,"comment_status":"open","ping_status":"closed","template":"","meta":[],"product_brand":[],"product_cat":[4095],"product_tag":[],"class_list":{"0":"post-27187","1":"product","2":"type-product","3":"status-publish","4":"has-post-thumbnail","6":"product_cat-content-writing","8":"first","9":"instock","10":"downloadable","11":"virtual","12":"product-type-simple"},"bundled_by":[],"bundle_stock_status":"instock","bundle_stock_quantity":null,"bundle_virtual":false,"bundle_layout":"","bundle_add_to_cart_form_location":"","bundle_editable_in_cart":false,"bundle_sold_individually_context":"","bundle_item_grouping":"","bundle_min_size":"","bundle_max_size":"","bundle_price":[],"bundled_items":[],"bundle_sell_ids":[],"_links":{"self":[{"href":"https:\/\/logic-vault.com\/tr\/wp-json\/wp\/v2\/product\/27187","targetHints":{"allow":["GET"]}}],"collection":[{"href":"https:\/\/logic-vault.com\/tr\/wp-json\/wp\/v2\/product"}],"about":[{"href":"https:\/\/logic-vault.com\/tr\/wp-json\/wp\/v2\/types\/product"}],"replies":[{"embeddable":true,"href":"https:\/\/logic-vault.com\/tr\/wp-json\/wp\/v2\/comments?post=27187"}],"wp:featuredmedia":[{"embeddable":true,"href":"https:\/\/logic-vault.com\/tr\/wp-json\/wp\/v2\/media\/27186"}],"wp:attachment":[{"href":"https:\/\/logic-vault.com\/tr\/wp-json\/wp\/v2\/media?parent=27187"}],"wp:term":[{"taxonomy":"product_brand","embeddable":true,"href":"https:\/\/logic-vault.com\/tr\/wp-json\/wp\/v2\/product_brand?post=27187"},{"taxonomy":"product_cat","embeddable":true,"href":"https:\/\/logic-vault.com\/tr\/wp-json\/wp\/v2\/product_cat?post=27187"},{"taxonomy":"product_tag","embeddable":true,"href":"https:\/\/logic-vault.com\/tr\/wp-json\/wp\/v2\/product_tag?post=27187"}],"curies":[{"name":"wp","href":"https:\/\/api.w.org\/{rel}","templated":true}]}}