{"id":27183,"date":"2026-02-17T23:47:25","date_gmt":"2026-02-17T23:47:25","guid":{"rendered":"https:\/\/logic-vault.com\/product\/pro-chapter-evaluation-framework\/"},"modified":"2026-02-17T23:47:26","modified_gmt":"2026-02-17T23:47:26","slug":"pro-chapter-evaluation-framework","status":"publish","type":"product","link":"https:\/\/logic-vault.com\/tr\/urun\/pro-chapter-evaluation-framework\/","title":{"rendered":"Profesyonel B\u00f6l\u00fcm De\u011ferlendirme \u00c7er\u00e7evesi"},"content":{"rendered":"<p>Bu 26 maddelik de\u011ferlendirme \u00e7er\u00e7evesiyle profesyonel d\u00fczeyde b\u00f6l\u00fcm geri bildirimi sunun. Geni\u015fletilmi\u015f analiz, nelerin i\u015fe yarad\u0131\u011f\u0131n\u0131, nelerin geli\u015ftirilebilece\u011fini, revizyon \u00f6nerilerini ve \u00f6rnek d\u00fczenlemeleri vurgular. Kurgu b\u00f6l\u00fcmlerine ili\u015fkin daha derin, yap\u0131land\u0131r\u0131lm\u0131\u015f ve uygulanabilir bilgiler arayan yazarlar, edit\u00f6rler ve ele\u015ftirmenler i\u00e7in m\u00fckemmeldir. Her de\u011ferlendirmeyle zamandan tasarruf edin, sahneleri g\u00fc\u00e7lendirin ve daha iyi hikayeler olu\u015fturun.<\/p>","protected":false},"excerpt":{"rendered":"<p>Bu 26 maddelik de\u011ferlendirme \u00e7er\u00e7evesiyle profesyonel d\u00fczeyde b\u00f6l\u00fcm geri bildirimi sunun. Geni\u015fletilmi\u015f analiz, nelerin i\u015fe yarad\u0131\u011f\u0131n\u0131, nelerin geli\u015ftirilebilece\u011fini, revizyon \u00f6nerilerini ve \u00f6rnek d\u00fczenlemeleri vurgular. Kurgu b\u00f6l\u00fcmlerine ili\u015fkin daha derin, yap\u0131land\u0131r\u0131lm\u0131\u015f ve uygulanabilir bilgiler arayan yazarlar, edit\u00f6rler ve ele\u015ftirmenler i\u00e7in m\u00fckemmeldir. Her de\u011ferlendirmeyle zamandan tasarruf edin, sahneleri g\u00fc\u00e7lendirin ve daha iyi hikayeler olu\u015fturun.<\/p>","protected":false},"featured_media":27182,"comment_status":"open","ping_status":"closed","template":"","meta":[],"product_brand":[],"product_cat":[4095],"product_tag":[],"class_list":{"0":"post-27183","1":"product","2":"type-product","3":"status-publish","4":"has-post-thumbnail","6":"product_cat-content-writing","8":"first","9":"instock","10":"downloadable","11":"virtual","12":"product-type-simple"},"bundled_by":[],"bundle_stock_status":"instock","bundle_stock_quantity":null,"bundle_virtual":false,"bundle_layout":"","bundle_add_to_cart_form_location":"","bundle_editable_in_cart":false,"bundle_sold_individually_context":"","bundle_item_grouping":"","bundle_min_size":"","bundle_max_size":"","bundle_price":[],"bundled_items":[],"bundle_sell_ids":[],"_links":{"self":[{"href":"https:\/\/logic-vault.com\/tr\/wp-json\/wp\/v2\/product\/27183","targetHints":{"allow":["GET"]}}],"collection":[{"href":"https:\/\/logic-vault.com\/tr\/wp-json\/wp\/v2\/product"}],"about":[{"href":"https:\/\/logic-vault.com\/tr\/wp-json\/wp\/v2\/types\/product"}],"replies":[{"embeddable":true,"href":"https:\/\/logic-vault.com\/tr\/wp-json\/wp\/v2\/comments?post=27183"}],"wp:featuredmedia":[{"embeddable":true,"href":"https:\/\/logic-vault.com\/tr\/wp-json\/wp\/v2\/media\/27182"}],"wp:attachment":[{"href":"https:\/\/logic-vault.com\/tr\/wp-json\/wp\/v2\/media?parent=27183"}],"wp:term":[{"taxonomy":"product_brand","embeddable":true,"href":"https:\/\/logic-vault.com\/tr\/wp-json\/wp\/v2\/product_brand?post=27183"},{"taxonomy":"product_cat","embeddable":true,"href":"https:\/\/logic-vault.com\/tr\/wp-json\/wp\/v2\/product_cat?post=27183"},{"taxonomy":"product_tag","embeddable":true,"href":"https:\/\/logic-vault.com\/tr\/wp-json\/wp\/v2\/product_tag?post=27183"}],"curies":[{"name":"wp","href":"https:\/\/api.w.org\/{rel}","templated":true}]}}