{"id":27176,"date":"2026-02-17T23:47:22","date_gmt":"2026-02-17T23:47:22","guid":{"rendered":"https:\/\/logic-vault.com\/product\/codegen-pro-tailored-code-in-seconds-2\/"},"modified":"2026-02-17T23:47:22","modified_gmt":"2026-02-17T23:47:22","slug":"codegen-pro-tailored-code-in-seconds-2","status":"publish","type":"product","link":"https:\/\/logic-vault.com\/tr\/urun\/codegen-pro-tailored-code-in-seconds-2\/","title":{"rendered":"Codegen Pro Saniyeler \u0130\u00e7inde \u00d6zel Kod Olu\u015fturur"},"content":{"rendered":"<p>Hi\u00e7 t\u0131kand\u0131\u011f\u0131n\u0131z\u0131 hissettiniz mi veya saatlerce s\u0131k\u0131c\u0131 kod sat\u0131rlar\u0131 yazd\u0131n\u0131z m\u0131? CodeGen Pro&#039;ya ho\u015f geldiniz! Sadece gereksinimlerinizi girin ve kusursuz, verimli kodun \u00f6n\u00fcn\u00fczde nas\u0131l ortaya \u00e7\u0131kt\u0131\u011f\u0131n\u0131 izleyin. Python&#039;dan Java&#039;ya, zahmetsizce m\u00fckemmel kod \u00e7\u00f6z\u00fcm\u00fcn\u00fcz\u00fc elde edin. Kodlama deneyiminizi devrimle\u015ftirin ve verimlili\u011finizi art\u0131r\u0131n. CodeGen Pro: Hassasiyetin verimlilikle bulu\u015ftu\u011fu yer. \ud83d\udc69\u200d\ud83d\udcbb<\/p>","protected":false},"excerpt":{"rendered":"<p>Hi\u00e7 t\u0131kand\u0131\u011f\u0131n\u0131z\u0131 hissettiniz mi veya saatlerce s\u0131k\u0131c\u0131 kod sat\u0131rlar\u0131 yazd\u0131n\u0131z m\u0131? CodeGen Pro&#039;ya ho\u015f geldiniz! Sadece gereksinimlerinizi girin ve kusursuz, verimli kodun \u00f6n\u00fcn\u00fczde nas\u0131l ortaya \u00e7\u0131kt\u0131\u011f\u0131n\u0131 izleyin. Python&#039;dan Java&#039;ya, zahmetsizce m\u00fckemmel kod \u00e7\u00f6z\u00fcm\u00fcn\u00fcz\u00fc elde edin. Kodlama deneyiminizi devrimle\u015ftirin ve verimlili\u011finizi art\u0131r\u0131n. CodeGen Pro: Hassasiyetin verimlilikle bulu\u015ftu\u011fu yer. \ud83d\udc69\u200d\ud83d\udcbb<\/p>","protected":false},"featured_media":26892,"comment_status":"open","ping_status":"closed","template":"","meta":[],"product_brand":[],"product_cat":[4095],"product_tag":[],"class_list":{"0":"post-27176","1":"product","2":"type-product","3":"status-publish","4":"has-post-thumbnail","6":"product_cat-content-writing","8":"first","9":"instock","10":"downloadable","11":"virtual","12":"product-type-simple"},"bundled_by":[],"bundle_stock_status":"instock","bundle_stock_quantity":null,"bundle_virtual":false,"bundle_layout":"","bundle_add_to_cart_form_location":"","bundle_editable_in_cart":false,"bundle_sold_individually_context":"","bundle_item_grouping":"","bundle_min_size":"","bundle_max_size":"","bundle_price":[],"bundled_items":[],"bundle_sell_ids":[],"_links":{"self":[{"href":"https:\/\/logic-vault.com\/tr\/wp-json\/wp\/v2\/product\/27176","targetHints":{"allow":["GET"]}}],"collection":[{"href":"https:\/\/logic-vault.com\/tr\/wp-json\/wp\/v2\/product"}],"about":[{"href":"https:\/\/logic-vault.com\/tr\/wp-json\/wp\/v2\/types\/product"}],"replies":[{"embeddable":true,"href":"https:\/\/logic-vault.com\/tr\/wp-json\/wp\/v2\/comments?post=27176"}],"wp:featuredmedia":[{"embeddable":true,"href":"https:\/\/logic-vault.com\/tr\/wp-json\/wp\/v2\/media\/26892"}],"wp:attachment":[{"href":"https:\/\/logic-vault.com\/tr\/wp-json\/wp\/v2\/media?parent=27176"}],"wp:term":[{"taxonomy":"product_brand","embeddable":true,"href":"https:\/\/logic-vault.com\/tr\/wp-json\/wp\/v2\/product_brand?post=27176"},{"taxonomy":"product_cat","embeddable":true,"href":"https:\/\/logic-vault.com\/tr\/wp-json\/wp\/v2\/product_cat?post=27176"},{"taxonomy":"product_tag","embeddable":true,"href":"https:\/\/logic-vault.com\/tr\/wp-json\/wp\/v2\/product_tag?post=27176"}],"curies":[{"name":"wp","href":"https:\/\/api.w.org\/{rel}","templated":true}]}}