{"id":27172,"date":"2026-02-17T23:07:45","date_gmt":"2026-02-17T23:07:45","guid":{"rendered":"https:\/\/logic-vault.com\/product\/incident-blast-radius-assessor\/"},"modified":"2026-02-17T23:07:45","modified_gmt":"2026-02-17T23:07:45","slug":"incident-blast-radius-assessor","status":"publish","type":"product","link":"https:\/\/logic-vault.com\/tr\/urun\/incident-blast-radius-assessor\/","title":{"rendered":"Olay Patlama Yar\u0131\u00e7ap\u0131 De\u011ferlendiricisi"},"content":{"rendered":"<p>\u00d6ncelik belirlendikten sonra aktif bir olay\u0131n potansiyel etki alan\u0131n\u0131 de\u011ferlendirmek i\u00e7in tasarlanm\u0131\u015f yap\u0131land\u0131r\u0131lm\u0131\u015f bir ChatGPT istemi. Bu istem, olay t\u0131rman\u0131rsa hangi sistemlerin, kullan\u0131c\u0131lar\u0131n, \u00f6l\u00e7\u00fcmlerin ve operasyonlar\u0131n en \u00e7ok etkilenece\u011fini de\u011ferlendirir. Olay m\u00fcdahale ekipleri, SRE&#039;ler ve operasyon ekipleri i\u00e7in, yay\u0131lma ve maruz kalma durumunu erken a\u015famada, yani kontrol alt\u0131na alma kararlar\u0131 al\u0131nmadan \u00f6nce anlamalar\u0131 gerekenler i\u00e7in geli\u015ftirilmi\u015ftir.<\/p>","protected":false},"excerpt":{"rendered":"<p>A structured ChatGPT prompt designed to assess the potential blast radius of an active incident after priority has been identified. This prompt evaluates which systems, users, metrics, and operations are most likely to be impacted if the incident escalates. Built for incident responders, SREs, and ops teams who need to understand spread and exposure early [&hellip;]<\/p>\n","protected":false},"featured_media":27171,"comment_status":"open","ping_status":"closed","template":"","meta":[],"product_brand":[],"product_cat":[4101],"product_tag":[],"class_list":{"0":"post-27172","1":"product","2":"type-product","3":"status-publish","4":"has-post-thumbnail","6":"product_cat-productivity-automation","8":"first","9":"instock","10":"downloadable","11":"virtual","12":"product-type-simple"},"bundled_by":[],"bundle_stock_status":"instock","bundle_stock_quantity":null,"bundle_virtual":false,"bundle_layout":"","bundle_add_to_cart_form_location":"","bundle_editable_in_cart":false,"bundle_sold_individually_context":"","bundle_item_grouping":"","bundle_min_size":"","bundle_max_size":"","bundle_price":[],"bundled_items":[],"bundle_sell_ids":[],"_links":{"self":[{"href":"https:\/\/logic-vault.com\/tr\/wp-json\/wp\/v2\/product\/27172","targetHints":{"allow":["GET"]}}],"collection":[{"href":"https:\/\/logic-vault.com\/tr\/wp-json\/wp\/v2\/product"}],"about":[{"href":"https:\/\/logic-vault.com\/tr\/wp-json\/wp\/v2\/types\/product"}],"replies":[{"embeddable":true,"href":"https:\/\/logic-vault.com\/tr\/wp-json\/wp\/v2\/comments?post=27172"}],"wp:featuredmedia":[{"embeddable":true,"href":"https:\/\/logic-vault.com\/tr\/wp-json\/wp\/v2\/media\/27171"}],"wp:attachment":[{"href":"https:\/\/logic-vault.com\/tr\/wp-json\/wp\/v2\/media?parent=27172"}],"wp:term":[{"taxonomy":"product_brand","embeddable":true,"href":"https:\/\/logic-vault.com\/tr\/wp-json\/wp\/v2\/product_brand?post=27172"},{"taxonomy":"product_cat","embeddable":true,"href":"https:\/\/logic-vault.com\/tr\/wp-json\/wp\/v2\/product_cat?post=27172"},{"taxonomy":"product_tag","embeddable":true,"href":"https:\/\/logic-vault.com\/tr\/wp-json\/wp\/v2\/product_tag?post=27172"}],"curies":[{"name":"wp","href":"https:\/\/api.w.org\/{rel}","templated":true}]}}