{"id":27170,"date":"2026-02-17T23:07:45","date_gmt":"2026-02-17T23:07:45","guid":{"rendered":"https:\/\/logic-vault.com\/product\/winwin-sales-negotiation-plan\/"},"modified":"2026-02-17T23:07:45","modified_gmt":"2026-02-17T23:07:45","slug":"winwin-sales-negotiation-plan","status":"publish","type":"product","link":"https:\/\/logic-vault.com\/tr\/urun\/winwin-sales-negotiation-plan\/","title":{"rendered":"Kazan-Kazan Sat\u0131\u015f M\u00fczakere Plan\u0131"},"content":{"rendered":"<p>Sat\u0131\u015f oranlar\u0131n\u0131z\u0131 art\u0131racak ve kar marjlar\u0131n\u0131z\u0131 koruyacak, ad\u0131m ad\u0131m ilerleyen, size \u00f6zel bir sat\u0131\u015f ve m\u00fczakere plan\u0131 olu\u015fturun. Bu k\u0131lavuz, teklifinizi netle\u015ftirmenize, al\u0131c\u0131n\u0131n motivasyonlar\u0131n\u0131 belirlemenize, itirazlar\u0131 \u00f6ng\u00f6rmenize ve kan\u0131tlanm\u0131\u015f m\u00fczakere taktiklerini se\u00e7menize yard\u0131mc\u0131 olur. Y\u00fcksek riskli anla\u015fmalar, teklifler veya yenilemeler i\u00e7in haz\u0131rlanan sat\u0131\u015f temsilcileri, kurucular, serbest \u00e7al\u0131\u015fanlar ve dan\u0131\u015fmanlar i\u00e7in m\u00fckemmeldir; hemen kullanabilece\u011finiz net bir plan edinin.<\/p>","protected":false},"excerpt":{"rendered":"<p>Sat\u0131\u015f oranlar\u0131n\u0131z\u0131 art\u0131racak ve kar marjlar\u0131n\u0131z\u0131 koruyacak, ad\u0131m ad\u0131m ilerleyen, size \u00f6zel bir sat\u0131\u015f ve m\u00fczakere plan\u0131 olu\u015fturun. Bu k\u0131lavuz, teklifinizi netle\u015ftirmenize, al\u0131c\u0131n\u0131n motivasyonlar\u0131n\u0131 belirlemenize, itirazlar\u0131 \u00f6ng\u00f6rmenize ve kan\u0131tlanm\u0131\u015f m\u00fczakere taktiklerini se\u00e7menize yard\u0131mc\u0131 olur. Y\u00fcksek riskli anla\u015fmalar, teklifler veya yenilemeler i\u00e7in haz\u0131rlanan sat\u0131\u015f temsilcileri, kurucular, serbest \u00e7al\u0131\u015fanlar ve dan\u0131\u015fmanlar i\u00e7in m\u00fckemmeldir; hemen kullanabilece\u011finiz net bir plan edinin.<\/p>","protected":false},"featured_media":27169,"comment_status":"open","ping_status":"closed","template":"","meta":[],"product_brand":[],"product_cat":[4101],"product_tag":[],"class_list":{"0":"post-27170","1":"product","2":"type-product","3":"status-publish","4":"has-post-thumbnail","6":"product_cat-productivity-automation","8":"first","9":"instock","10":"downloadable","11":"virtual","12":"product-type-simple"},"bundled_by":[],"bundle_stock_status":"instock","bundle_stock_quantity":null,"bundle_virtual":false,"bundle_layout":"","bundle_add_to_cart_form_location":"","bundle_editable_in_cart":false,"bundle_sold_individually_context":"","bundle_item_grouping":"","bundle_min_size":"","bundle_max_size":"","bundle_price":[],"bundled_items":[],"bundle_sell_ids":[],"_links":{"self":[{"href":"https:\/\/logic-vault.com\/tr\/wp-json\/wp\/v2\/product\/27170","targetHints":{"allow":["GET"]}}],"collection":[{"href":"https:\/\/logic-vault.com\/tr\/wp-json\/wp\/v2\/product"}],"about":[{"href":"https:\/\/logic-vault.com\/tr\/wp-json\/wp\/v2\/types\/product"}],"replies":[{"embeddable":true,"href":"https:\/\/logic-vault.com\/tr\/wp-json\/wp\/v2\/comments?post=27170"}],"wp:featuredmedia":[{"embeddable":true,"href":"https:\/\/logic-vault.com\/tr\/wp-json\/wp\/v2\/media\/27169"}],"wp:attachment":[{"href":"https:\/\/logic-vault.com\/tr\/wp-json\/wp\/v2\/media?parent=27170"}],"wp:term":[{"taxonomy":"product_brand","embeddable":true,"href":"https:\/\/logic-vault.com\/tr\/wp-json\/wp\/v2\/product_brand?post=27170"},{"taxonomy":"product_cat","embeddable":true,"href":"https:\/\/logic-vault.com\/tr\/wp-json\/wp\/v2\/product_cat?post=27170"},{"taxonomy":"product_tag","embeddable":true,"href":"https:\/\/logic-vault.com\/tr\/wp-json\/wp\/v2\/product_tag?post=27170"}],"curies":[{"name":"wp","href":"https:\/\/api.w.org\/{rel}","templated":true}]}}