{"id":27168,"date":"2026-02-17T23:07:44","date_gmt":"2026-02-17T23:07:44","guid":{"rendered":"https:\/\/logic-vault.com\/product\/decision-continuation-controllers\/"},"modified":"2026-02-17T23:07:44","modified_gmt":"2026-02-17T23:07:44","slug":"decision-continuation-controllers","status":"publish","type":"product","link":"https:\/\/logic-vault.com\/tr\/urun\/decision-continuation-controllers\/","title":{"rendered":"Karar Devaml\u0131l\u0131\u011f\u0131 Kontrol\u00f6rleri"},"content":{"rendered":"<p>Bu komut, bir karar verildikten sonra kat\u0131 ve mant\u0131kl\u0131 bir devam s\u00fcreci olu\u015fturur.<\/p>\n<p>\u015eu ama\u00e7larla tasarlanm\u0131\u015ft\u0131r:<\/p>\n<p>A\u015f\u0131r\u0131 d\u00fc\u015f\u00fcnmeyi \u00f6nleyin<\/p>\n<p>Yeniden a\u00e7\u0131lma kararlar\u0131n\u0131 ortadan kald\u0131r\u0131n<\/p>\n<p>Tam olarak iki k\u00fc\u00e7\u00fck, mant\u0131kl\u0131 sonraki ad\u0131m\u0131 belirleyin.<\/p>\n<p>Net bir durma kural\u0131 uygulay\u0131n.<\/p>\n<p>Elde edilen \u00e7\u0131kt\u0131 yap\u0131land\u0131r\u0131lm\u0131\u015f, mekanik ve tekrarlanabilir olup, \u00e7al\u0131\u015fma, planlama, uygulama ve karar takibi i\u00e7in uygundur.<\/p>\n<p>Motivasyon yok.<br \/>\nKo\u00e7luk yok.<br \/>\nDuygusal yans\u0131ma yok.<\/p>","protected":false},"excerpt":{"rendered":"<p>This prompt generates a strict, rational continuation after a decision has already been made. It is designed to: Prevent overthinking Eliminate reopening decisions Produce exactly two small, logical next steps Enforce a clear stopping rule The output is structured, mechanical, and reproducible, suitable for work, planning, execution, and decision follow-through. No motivation. No coaching. No [&hellip;]<\/p>\n","protected":false},"featured_media":27167,"comment_status":"open","ping_status":"closed","template":"","meta":[],"product_brand":[],"product_cat":[4101],"product_tag":[],"class_list":{"0":"post-27168","1":"product","2":"type-product","3":"status-publish","4":"has-post-thumbnail","6":"product_cat-productivity-automation","8":"first","9":"instock","10":"downloadable","11":"virtual","12":"product-type-simple"},"bundled_by":[],"bundle_stock_status":"instock","bundle_stock_quantity":null,"bundle_virtual":false,"bundle_layout":"","bundle_add_to_cart_form_location":"","bundle_editable_in_cart":false,"bundle_sold_individually_context":"","bundle_item_grouping":"","bundle_min_size":"","bundle_max_size":"","bundle_price":[],"bundled_items":[],"bundle_sell_ids":[],"_links":{"self":[{"href":"https:\/\/logic-vault.com\/tr\/wp-json\/wp\/v2\/product\/27168","targetHints":{"allow":["GET"]}}],"collection":[{"href":"https:\/\/logic-vault.com\/tr\/wp-json\/wp\/v2\/product"}],"about":[{"href":"https:\/\/logic-vault.com\/tr\/wp-json\/wp\/v2\/types\/product"}],"replies":[{"embeddable":true,"href":"https:\/\/logic-vault.com\/tr\/wp-json\/wp\/v2\/comments?post=27168"}],"wp:featuredmedia":[{"embeddable":true,"href":"https:\/\/logic-vault.com\/tr\/wp-json\/wp\/v2\/media\/27167"}],"wp:attachment":[{"href":"https:\/\/logic-vault.com\/tr\/wp-json\/wp\/v2\/media?parent=27168"}],"wp:term":[{"taxonomy":"product_brand","embeddable":true,"href":"https:\/\/logic-vault.com\/tr\/wp-json\/wp\/v2\/product_brand?post=27168"},{"taxonomy":"product_cat","embeddable":true,"href":"https:\/\/logic-vault.com\/tr\/wp-json\/wp\/v2\/product_cat?post=27168"},{"taxonomy":"product_tag","embeddable":true,"href":"https:\/\/logic-vault.com\/tr\/wp-json\/wp\/v2\/product_tag?post=27168"}],"curies":[{"name":"wp","href":"https:\/\/api.w.org\/{rel}","templated":true}]}}