{"id":27165,"date":"2026-02-17T23:07:44","date_gmt":"2026-02-17T23:07:44","guid":{"rendered":"https:\/\/logic-vault.com\/product\/launch-day-runbook-generator\/"},"modified":"2026-02-17T23:07:44","modified_gmt":"2026-02-17T23:07:44","slug":"launch-day-runbook-generator","status":"publish","type":"product","link":"https:\/\/logic-vault.com\/tr\/urun\/launch-day-runbook-generator\/","title":{"rendered":"Lansman G\u00fcn\u00fc \u00c7al\u0131\u015fma K\u0131lavuzu Olu\u015fturucu"},"content":{"rendered":"<p>Lansmana 24 saat kala ve lansmandan 24 saat sonras\u0131na kadar eksiksiz bir lansman g\u00fcn\u00fc k\u0131lavuzu olu\u015fturur: zamanlanm\u0131\u015f zaman \u00e7izelgesi kontrol listesi, platform kalite kontrol ad\u0131mlar\u0131 (listeleme, fiyatland\u0131rma, dosyalar, kapak, makbuzlar), geri alma eylemleri i\u00e7eren risk g\u00fcnl\u00fc\u011f\u00fc, destek yan\u0131t \u015fablonlar\u0131 ve lansman sonras\u0131 inceleme kontrol listesi. Tekrarlanabilir, ad\u0131m ad\u0131m bir lansman s\u00fcreci isteyen ba\u011f\u0131ms\u0131z i\u00e7erik olu\u015fturucular ve k\u00fc\u00e7\u00fck ekipler i\u00e7in tasarlanm\u0131\u015ft\u0131r.<\/p>","protected":false},"excerpt":{"rendered":"<p>Lansmana 24 saat kala ve lansmandan 24 saat sonras\u0131na kadar eksiksiz bir lansman g\u00fcn\u00fc k\u0131lavuzu olu\u015fturur: zamanlanm\u0131\u015f zaman \u00e7izelgesi kontrol listesi, platform kalite kontrol ad\u0131mlar\u0131 (listeleme, fiyatland\u0131rma, dosyalar, kapak, makbuzlar), geri alma eylemleri i\u00e7eren risk g\u00fcnl\u00fc\u011f\u00fc, destek yan\u0131t \u015fablonlar\u0131 ve lansman sonras\u0131 inceleme kontrol listesi. Tekrarlanabilir, ad\u0131m ad\u0131m bir lansman s\u00fcreci isteyen ba\u011f\u0131ms\u0131z i\u00e7erik olu\u015fturucular ve k\u00fc\u00e7\u00fck ekipler i\u00e7in tasarlanm\u0131\u015ft\u0131r.<\/p>","protected":false},"featured_media":27164,"comment_status":"open","ping_status":"closed","template":"","meta":[],"product_brand":[],"product_cat":[4101],"product_tag":[],"class_list":{"0":"post-27165","1":"product","2":"type-product","3":"status-publish","4":"has-post-thumbnail","6":"product_cat-productivity-automation","8":"first","9":"instock","10":"downloadable","11":"virtual","12":"product-type-simple"},"bundled_by":[],"bundle_stock_status":"instock","bundle_stock_quantity":null,"bundle_virtual":false,"bundle_layout":"","bundle_add_to_cart_form_location":"","bundle_editable_in_cart":false,"bundle_sold_individually_context":"","bundle_item_grouping":"","bundle_min_size":"","bundle_max_size":"","bundle_price":[],"bundled_items":[],"bundle_sell_ids":[],"_links":{"self":[{"href":"https:\/\/logic-vault.com\/tr\/wp-json\/wp\/v2\/product\/27165","targetHints":{"allow":["GET"]}}],"collection":[{"href":"https:\/\/logic-vault.com\/tr\/wp-json\/wp\/v2\/product"}],"about":[{"href":"https:\/\/logic-vault.com\/tr\/wp-json\/wp\/v2\/types\/product"}],"replies":[{"embeddable":true,"href":"https:\/\/logic-vault.com\/tr\/wp-json\/wp\/v2\/comments?post=27165"}],"wp:featuredmedia":[{"embeddable":true,"href":"https:\/\/logic-vault.com\/tr\/wp-json\/wp\/v2\/media\/27164"}],"wp:attachment":[{"href":"https:\/\/logic-vault.com\/tr\/wp-json\/wp\/v2\/media?parent=27165"}],"wp:term":[{"taxonomy":"product_brand","embeddable":true,"href":"https:\/\/logic-vault.com\/tr\/wp-json\/wp\/v2\/product_brand?post=27165"},{"taxonomy":"product_cat","embeddable":true,"href":"https:\/\/logic-vault.com\/tr\/wp-json\/wp\/v2\/product_cat?post=27165"},{"taxonomy":"product_tag","embeddable":true,"href":"https:\/\/logic-vault.com\/tr\/wp-json\/wp\/v2\/product_tag?post=27165"}],"curies":[{"name":"wp","href":"https:\/\/api.w.org\/{rel}","templated":true}]}}