{"id":27163,"date":"2026-02-17T23:07:43","date_gmt":"2026-02-17T23:07:43","guid":{"rendered":"https:\/\/logic-vault.com\/product\/highconverting-x-thread-strategies\/"},"modified":"2026-02-17T23:07:43","modified_gmt":"2026-02-17T23:07:43","slug":"highconverting-x-thread-strategies","status":"publish","type":"product","link":"https:\/\/logic-vault.com\/tr\/urun\/highconverting-x-thread-strategies\/","title":{"rendered":"Y\u00fcksek D\u00f6n\u00fc\u015f\u00fcm Oranl\u0131 X \u0130\u015f Par\u00e7ac\u0131\u011f\u0131 Stratejileri"},"content":{"rendered":"<p>Threads build authority. Authority attracts clients.<\/p>\n<p>This Twitter (X) Thought Leadership Strategy Prompt helps you position yourself as a niche expert using structured threads that drive visibility, credibility, and inbound opportunities. \ud83e\udde0\ud83d\udcc8<\/p>\n<p>Al\u0131c\u0131lar\u0131n Elde Ettikleri:<\/p>\n<p>\ud83c\udfaf Clear niche positioning strategy<\/p>\n<p>\ud83e\uddf5 High-converting thread frameworks<\/p>\n<p>\ud83d\udcc5 Consistent content system<\/p>\n<p>\ud83d\udcc8 Growth &#038; engagement tactics<\/p>\n<p>\ud83d\ude80 Authority-to-client conversion plan<\/p>","protected":false},"excerpt":{"rendered":"<p>Threads build authority. Authority attracts clients. This Twitter (X) Thought Leadership Strategy Prompt helps you position yourself as a niche expert using structured threads that drive visibility, credibility, and inbound opportunities. \ud83e\udde0\ud83d\udcc8 What Buyers Get: \ud83c\udfaf Clear niche positioning strategy \ud83e\uddf5 High-converting thread frameworks \ud83d\udcc5 Consistent content system \ud83d\udcc8 Growth &#038; engagement tactics \ud83d\ude80 Authority-to-client [&hellip;]<\/p>\n","protected":false},"featured_media":27162,"comment_status":"open","ping_status":"closed","template":"","meta":[],"product_brand":[],"product_cat":[4101],"product_tag":[],"class_list":{"0":"post-27163","1":"product","2":"type-product","3":"status-publish","4":"has-post-thumbnail","6":"product_cat-productivity-automation","8":"first","9":"instock","10":"downloadable","11":"virtual","12":"product-type-simple"},"bundled_by":[],"bundle_stock_status":"instock","bundle_stock_quantity":null,"bundle_virtual":false,"bundle_layout":"","bundle_add_to_cart_form_location":"","bundle_editable_in_cart":false,"bundle_sold_individually_context":"","bundle_item_grouping":"","bundle_min_size":"","bundle_max_size":"","bundle_price":[],"bundled_items":[],"bundle_sell_ids":[],"_links":{"self":[{"href":"https:\/\/logic-vault.com\/tr\/wp-json\/wp\/v2\/product\/27163","targetHints":{"allow":["GET"]}}],"collection":[{"href":"https:\/\/logic-vault.com\/tr\/wp-json\/wp\/v2\/product"}],"about":[{"href":"https:\/\/logic-vault.com\/tr\/wp-json\/wp\/v2\/types\/product"}],"replies":[{"embeddable":true,"href":"https:\/\/logic-vault.com\/tr\/wp-json\/wp\/v2\/comments?post=27163"}],"wp:featuredmedia":[{"embeddable":true,"href":"https:\/\/logic-vault.com\/tr\/wp-json\/wp\/v2\/media\/27162"}],"wp:attachment":[{"href":"https:\/\/logic-vault.com\/tr\/wp-json\/wp\/v2\/media?parent=27163"}],"wp:term":[{"taxonomy":"product_brand","embeddable":true,"href":"https:\/\/logic-vault.com\/tr\/wp-json\/wp\/v2\/product_brand?post=27163"},{"taxonomy":"product_cat","embeddable":true,"href":"https:\/\/logic-vault.com\/tr\/wp-json\/wp\/v2\/product_cat?post=27163"},{"taxonomy":"product_tag","embeddable":true,"href":"https:\/\/logic-vault.com\/tr\/wp-json\/wp\/v2\/product_tag?post=27163"}],"curies":[{"name":"wp","href":"https:\/\/api.w.org\/{rel}","templated":true}]}}