{"id":27157,"date":"2026-02-17T23:07:42","date_gmt":"2026-02-17T23:07:42","guid":{"rendered":"https:\/\/logic-vault.com\/product\/etsy-pro-niche-digital-product-idea\/"},"modified":"2026-02-17T23:07:42","modified_gmt":"2026-02-17T23:07:42","slug":"etsy-pro-niche-digital-product-idea","status":"publish","type":"product","link":"https:\/\/logic-vault.com\/tr\/urun\/etsy-pro-niche-digital-product-idea\/","title":{"rendered":"Etsy Profesyonel Ni\u015f Dijital \u00dcr\u00fcn Fikri"},"content":{"rendered":"<p>Ideal for Etsy sellers, prompt marketplace creators, Notion template builders, and digital entrepreneurs scalability and marketplace competitiveness.<\/p>","protected":false},"excerpt":{"rendered":"<p>Ideal for Etsy sellers, prompt marketplace creators, Notion template builders, and digital entrepreneurs scalability and marketplace competitiveness.<\/p>","protected":false},"featured_media":27156,"comment_status":"open","ping_status":"closed","template":"","meta":[],"product_brand":[],"product_cat":[4101],"product_tag":[],"class_list":{"0":"post-27157","1":"product","2":"type-product","3":"status-publish","4":"has-post-thumbnail","6":"product_cat-productivity-automation","8":"first","9":"instock","10":"downloadable","11":"virtual","12":"product-type-simple"},"bundled_by":[],"bundle_stock_status":"instock","bundle_stock_quantity":null,"bundle_virtual":false,"bundle_layout":"","bundle_add_to_cart_form_location":"","bundle_editable_in_cart":false,"bundle_sold_individually_context":"","bundle_item_grouping":"","bundle_min_size":"","bundle_max_size":"","bundle_price":[],"bundled_items":[],"bundle_sell_ids":[],"_links":{"self":[{"href":"https:\/\/logic-vault.com\/tr\/wp-json\/wp\/v2\/product\/27157","targetHints":{"allow":["GET"]}}],"collection":[{"href":"https:\/\/logic-vault.com\/tr\/wp-json\/wp\/v2\/product"}],"about":[{"href":"https:\/\/logic-vault.com\/tr\/wp-json\/wp\/v2\/types\/product"}],"replies":[{"embeddable":true,"href":"https:\/\/logic-vault.com\/tr\/wp-json\/wp\/v2\/comments?post=27157"}],"wp:featuredmedia":[{"embeddable":true,"href":"https:\/\/logic-vault.com\/tr\/wp-json\/wp\/v2\/media\/27156"}],"wp:attachment":[{"href":"https:\/\/logic-vault.com\/tr\/wp-json\/wp\/v2\/media?parent=27157"}],"wp:term":[{"taxonomy":"product_brand","embeddable":true,"href":"https:\/\/logic-vault.com\/tr\/wp-json\/wp\/v2\/product_brand?post=27157"},{"taxonomy":"product_cat","embeddable":true,"href":"https:\/\/logic-vault.com\/tr\/wp-json\/wp\/v2\/product_cat?post=27157"},{"taxonomy":"product_tag","embeddable":true,"href":"https:\/\/logic-vault.com\/tr\/wp-json\/wp\/v2\/product_tag?post=27157"}],"curies":[{"name":"wp","href":"https:\/\/api.w.org\/{rel}","templated":true}]}}