{"id":27149,"date":"2026-02-17T23:07:40","date_gmt":"2026-02-17T23:07:40","guid":{"rendered":"https:\/\/logic-vault.com\/product\/business-creative-content-generator-2\/"},"modified":"2026-02-17T23:07:40","modified_gmt":"2026-02-17T23:07:40","slug":"business-creative-content-generator-2","status":"publish","type":"product","link":"https:\/\/logic-vault.com\/tr\/urun\/business-creative-content-generator-2\/","title":{"rendered":"\u0130\u015fletmeler \u0130\u00e7in Yarat\u0131c\u0131 \u0130\u00e7erik \u00dcreticisi"},"content":{"rendered":"<p>Bu komut sat\u0131r\u0131 arac\u0131, giri\u015fimcilerin, pazarlamac\u0131lar\u0131n ve yenilik\u00e7ilerin saniyeler i\u00e7inde etkileyici giri\u015fim sunumlar\u0131 olu\u015fturmas\u0131na yard\u0131mc\u0131 olur. \u00dcr\u00fcn t\u00fcr\u00fc, hedef kitle, i\u015f modeli, \u00fcslup ve pazar b\u00fcy\u00fckl\u00fc\u011f\u00fc gibi kullan\u0131c\u0131 girdilerine dayanarak iyi yap\u0131land\u0131r\u0131lm\u0131\u015f, ikna edici ve sekt\u00f6re uygun sunumlar \u00fcretir. H\u0131zl\u0131 MVP do\u011frulamalar\u0131, yat\u0131r\u0131mc\u0131 sunumlar\u0131 veya fikir geli\u015ftirme s\u00fcre\u00e7leri i\u00e7in m\u00fckemmeldir.<\/p>","protected":false},"excerpt":{"rendered":"<p>Bu komut sat\u0131r\u0131 arac\u0131, giri\u015fimcilerin, pazarlamac\u0131lar\u0131n ve yenilik\u00e7ilerin saniyeler i\u00e7inde etkileyici giri\u015fim sunumlar\u0131 olu\u015fturmas\u0131na yard\u0131mc\u0131 olur. \u00dcr\u00fcn t\u00fcr\u00fc, hedef kitle, i\u015f modeli, \u00fcslup ve pazar b\u00fcy\u00fckl\u00fc\u011f\u00fc gibi kullan\u0131c\u0131 girdilerine dayanarak iyi yap\u0131land\u0131r\u0131lm\u0131\u015f, ikna edici ve sekt\u00f6re uygun sunumlar \u00fcretir. H\u0131zl\u0131 MVP do\u011frulamalar\u0131, yat\u0131r\u0131mc\u0131 sunumlar\u0131 veya fikir geli\u015ftirme s\u00fcre\u00e7leri i\u00e7in m\u00fckemmeldir.<\/p>","protected":false},"featured_media":26952,"comment_status":"open","ping_status":"closed","template":"","meta":[],"product_brand":[],"product_cat":[4101],"product_tag":[],"class_list":{"0":"post-27149","1":"product","2":"type-product","3":"status-publish","4":"has-post-thumbnail","6":"product_cat-productivity-automation","8":"first","9":"instock","10":"downloadable","11":"virtual","12":"product-type-simple"},"bundled_by":[],"bundle_stock_status":"instock","bundle_stock_quantity":null,"bundle_virtual":false,"bundle_layout":"","bundle_add_to_cart_form_location":"","bundle_editable_in_cart":false,"bundle_sold_individually_context":"","bundle_item_grouping":"","bundle_min_size":"","bundle_max_size":"","bundle_price":[],"bundled_items":[],"bundle_sell_ids":[],"_links":{"self":[{"href":"https:\/\/logic-vault.com\/tr\/wp-json\/wp\/v2\/product\/27149","targetHints":{"allow":["GET"]}}],"collection":[{"href":"https:\/\/logic-vault.com\/tr\/wp-json\/wp\/v2\/product"}],"about":[{"href":"https:\/\/logic-vault.com\/tr\/wp-json\/wp\/v2\/types\/product"}],"replies":[{"embeddable":true,"href":"https:\/\/logic-vault.com\/tr\/wp-json\/wp\/v2\/comments?post=27149"}],"wp:featuredmedia":[{"embeddable":true,"href":"https:\/\/logic-vault.com\/tr\/wp-json\/wp\/v2\/media\/26952"}],"wp:attachment":[{"href":"https:\/\/logic-vault.com\/tr\/wp-json\/wp\/v2\/media?parent=27149"}],"wp:term":[{"taxonomy":"product_brand","embeddable":true,"href":"https:\/\/logic-vault.com\/tr\/wp-json\/wp\/v2\/product_brand?post=27149"},{"taxonomy":"product_cat","embeddable":true,"href":"https:\/\/logic-vault.com\/tr\/wp-json\/wp\/v2\/product_cat?post=27149"},{"taxonomy":"product_tag","embeddable":true,"href":"https:\/\/logic-vault.com\/tr\/wp-json\/wp\/v2\/product_tag?post=27149"}],"curies":[{"name":"wp","href":"https:\/\/api.w.org\/{rel}","templated":true}]}}