{"id":27148,"date":"2026-02-17T23:07:40","date_gmt":"2026-02-17T23:07:40","guid":{"rendered":"https:\/\/logic-vault.com\/product\/business-strategy-finance-analyzer\/"},"modified":"2026-02-17T23:07:40","modified_gmt":"2026-02-17T23:07:40","slug":"business-strategy-finance-analyzer","status":"publish","type":"product","link":"https:\/\/logic-vault.com\/tr\/urun\/business-strategy-finance-analyzer\/","title":{"rendered":"\u0130\u015f Stratejisi Finans Analisti"},"content":{"rendered":"<p>\u0130\u015fletmenizi finans ve karar almaya haz\u0131r KPI&#039;lar (Temel Performans G\u00f6stergeleri) perspektifinden analiz edin. Bu komut, yap\u0131land\u0131r\u0131lm\u0131\u015f bir finansal bak\u0131\u015f a\u00e7\u0131s\u0131 olu\u015fturur: temel \u00f6l\u00e7\u00fctler, karl\u0131l\u0131k mant\u0131\u011f\u0131, birim ekonomisi varsay\u0131mlar\u0131, nakit ak\u0131\u015f\u0131 etkenleri, riskler ve KPI \u00f6nerileri; net eylemler ve karar sorular\u0131yla son bulur. H\u0131zl\u0131 bir finans odakl\u0131 strateji kontrol\u00fc isteyen dan\u0131\u015fmanlar, kurucular ve KOB\u0130&#039;ler i\u00e7in idealdir.<\/p>","protected":false},"excerpt":{"rendered":"<p>\u0130\u015fletmenizi finans ve karar almaya haz\u0131r KPI&#039;lar (Temel Performans G\u00f6stergeleri) perspektifinden analiz edin. Bu komut, yap\u0131land\u0131r\u0131lm\u0131\u015f bir finansal bak\u0131\u015f a\u00e7\u0131s\u0131 olu\u015fturur: temel \u00f6l\u00e7\u00fctler, karl\u0131l\u0131k mant\u0131\u011f\u0131, birim ekonomisi varsay\u0131mlar\u0131, nakit ak\u0131\u015f\u0131 etkenleri, riskler ve KPI \u00f6nerileri; net eylemler ve karar sorular\u0131yla son bulur. H\u0131zl\u0131 bir finans odakl\u0131 strateji kontrol\u00fc isteyen dan\u0131\u015fmanlar, kurucular ve KOB\u0130&#039;ler i\u00e7in idealdir.<\/p>","protected":false},"featured_media":27147,"comment_status":"open","ping_status":"closed","template":"","meta":[],"product_brand":[],"product_cat":[4101],"product_tag":[],"class_list":{"0":"post-27148","1":"product","2":"type-product","3":"status-publish","4":"has-post-thumbnail","6":"product_cat-productivity-automation","8":"first","9":"instock","10":"downloadable","11":"virtual","12":"product-type-simple"},"bundled_by":[],"bundle_stock_status":"instock","bundle_stock_quantity":null,"bundle_virtual":false,"bundle_layout":"","bundle_add_to_cart_form_location":"","bundle_editable_in_cart":false,"bundle_sold_individually_context":"","bundle_item_grouping":"","bundle_min_size":"","bundle_max_size":"","bundle_price":[],"bundled_items":[],"bundle_sell_ids":[],"_links":{"self":[{"href":"https:\/\/logic-vault.com\/tr\/wp-json\/wp\/v2\/product\/27148","targetHints":{"allow":["GET"]}}],"collection":[{"href":"https:\/\/logic-vault.com\/tr\/wp-json\/wp\/v2\/product"}],"about":[{"href":"https:\/\/logic-vault.com\/tr\/wp-json\/wp\/v2\/types\/product"}],"replies":[{"embeddable":true,"href":"https:\/\/logic-vault.com\/tr\/wp-json\/wp\/v2\/comments?post=27148"}],"wp:featuredmedia":[{"embeddable":true,"href":"https:\/\/logic-vault.com\/tr\/wp-json\/wp\/v2\/media\/27147"}],"wp:attachment":[{"href":"https:\/\/logic-vault.com\/tr\/wp-json\/wp\/v2\/media?parent=27148"}],"wp:term":[{"taxonomy":"product_brand","embeddable":true,"href":"https:\/\/logic-vault.com\/tr\/wp-json\/wp\/v2\/product_brand?post=27148"},{"taxonomy":"product_cat","embeddable":true,"href":"https:\/\/logic-vault.com\/tr\/wp-json\/wp\/v2\/product_cat?post=27148"},{"taxonomy":"product_tag","embeddable":true,"href":"https:\/\/logic-vault.com\/tr\/wp-json\/wp\/v2\/product_tag?post=27148"}],"curies":[{"name":"wp","href":"https:\/\/api.w.org\/{rel}","templated":true}]}}