{"id":27141,"date":"2026-02-17T23:07:38","date_gmt":"2026-02-17T23:07:38","guid":{"rendered":"https:\/\/logic-vault.com\/product\/passive-income-ideas-generator-2\/"},"modified":"2026-02-17T23:07:39","modified_gmt":"2026-02-17T23:07:39","slug":"passive-income-ideas-generator-2","status":"publish","type":"product","link":"https:\/\/logic-vault.com\/tr\/urun\/passive-income-ideas-generator-2\/","title":{"rendered":"Pasif Gelir Fikirleri \u00dcretici"},"content":{"rendered":"<p>Bu komut, sizin \u00f6zelliklerinize g\u00f6re uyarlanm\u0131\u015f, benzersiz ve \u00f6zenle se\u00e7ilmi\u015f etik pasif gelir fikirleri listesi olu\u015fturur. Hedef kitlenizi, ge\u00e7mi\u015f de\u011fi\u015fkeninizi ve istedi\u011finiz fikir say\u0131s\u0131n\u0131 belirterek, de\u011ferleriniz ve hedeflerinizle uyumlu, me\u015fru ve \u00f6l\u00e7eklenebilir gelir ak\u0131\u015flar\u0131ndan olu\u015fan ki\u015fiselle\u015ftirilmi\u015f bir liste olu\u015fturabilirsiniz.<\/p>","protected":false},"excerpt":{"rendered":"<p>Bu komut, sizin \u00f6zelliklerinize g\u00f6re uyarlanm\u0131\u015f, benzersiz ve \u00f6zenle se\u00e7ilmi\u015f etik pasif gelir fikirleri listesi olu\u015fturur. Hedef kitlenizi, ge\u00e7mi\u015f de\u011fi\u015fkeninizi ve istedi\u011finiz fikir say\u0131s\u0131n\u0131 belirterek, de\u011ferleriniz ve hedeflerinizle uyumlu, me\u015fru ve \u00f6l\u00e7eklenebilir gelir ak\u0131\u015flar\u0131ndan olu\u015fan ki\u015fiselle\u015ftirilmi\u015f bir liste olu\u015fturabilirsiniz.<\/p>","protected":false},"featured_media":26752,"comment_status":"open","ping_status":"closed","template":"","meta":[],"product_brand":[],"product_cat":[4101],"product_tag":[],"class_list":{"0":"post-27141","1":"product","2":"type-product","3":"status-publish","4":"has-post-thumbnail","6":"product_cat-productivity-automation","8":"first","9":"instock","10":"downloadable","11":"virtual","12":"product-type-simple"},"bundled_by":[],"bundle_stock_status":"instock","bundle_stock_quantity":null,"bundle_virtual":false,"bundle_layout":"","bundle_add_to_cart_form_location":"","bundle_editable_in_cart":false,"bundle_sold_individually_context":"","bundle_item_grouping":"","bundle_min_size":"","bundle_max_size":"","bundle_price":[],"bundled_items":[],"bundle_sell_ids":[],"_links":{"self":[{"href":"https:\/\/logic-vault.com\/tr\/wp-json\/wp\/v2\/product\/27141","targetHints":{"allow":["GET"]}}],"collection":[{"href":"https:\/\/logic-vault.com\/tr\/wp-json\/wp\/v2\/product"}],"about":[{"href":"https:\/\/logic-vault.com\/tr\/wp-json\/wp\/v2\/types\/product"}],"replies":[{"embeddable":true,"href":"https:\/\/logic-vault.com\/tr\/wp-json\/wp\/v2\/comments?post=27141"}],"wp:featuredmedia":[{"embeddable":true,"href":"https:\/\/logic-vault.com\/tr\/wp-json\/wp\/v2\/media\/26752"}],"wp:attachment":[{"href":"https:\/\/logic-vault.com\/tr\/wp-json\/wp\/v2\/media?parent=27141"}],"wp:term":[{"taxonomy":"product_brand","embeddable":true,"href":"https:\/\/logic-vault.com\/tr\/wp-json\/wp\/v2\/product_brand?post=27141"},{"taxonomy":"product_cat","embeddable":true,"href":"https:\/\/logic-vault.com\/tr\/wp-json\/wp\/v2\/product_cat?post=27141"},{"taxonomy":"product_tag","embeddable":true,"href":"https:\/\/logic-vault.com\/tr\/wp-json\/wp\/v2\/product_tag?post=27141"}],"curies":[{"name":"wp","href":"https:\/\/api.w.org\/{rel}","templated":true}]}}